{"id":105,"date":"2017-06-25T17:52:48","date_gmt":"2017-06-25T15:52:48","guid":{"rendered":"http:\/\/languagesworldacademy.com\/sprachdiplome\/"},"modified":"2018-04-24T18:30:02","modified_gmt":"2018-04-24T16:30:02","slug":"sprachdiplome","status":"publish","type":"page","link":"https:\/\/languagesworldacademy.com\/es\/sprachdiplome\/","title":{"rendered":"Diplomas y Certificados"},"content":{"rendered":"[vc_row][vc_column][vc_column_text]\n<h4>&#8220;Ingl\u00e9s, espa\u00f1ol, alem\u00e1n, franc\u00e9s y otras lenguas extranjeras&#8221;<\/h4>\n<p><img decoding=\"async\" class=\"alignright\" style=\"color: #333333; font-size: 14.4px;\" src=\"\/_images\/stories\/contenido\/TELC_schwarz.jpg\" border=\"0\" \/>El aprendizaje o perfeccionamiento de idiomas son herramientas muy necesarias en un mundo globalizado y moderno. Las Empresas y\u00a0Bancos\u00a0<span style=\"font-size: 14.4px;\">t<\/span><span style=\"font-size: 14.4px;\">rabajan cada vez m\u00e1s en equipos multinacionales y es necesaria la comunicaci\u00f3n con sus clientes y socios, por lo tanto un diploma oficial de idiomas es un complemento importante para tu carrera profesional. En nuestra escuela, tienes la posibilidad de prepararte para la obtenci\u00f3n de uno de estos, ya que en muchas empresas los consideran una acreditaci\u00f3n fiable de tus conocimientos.<\/span><\/p>\n<p>Los Fondos Sociales de la Uni\u00f3n Europea, entregan a trav\u00e9s del Ministerio de Educaci\u00f3n e Investigaci\u00f3n a los ciudadanos hasta un m\u00e1ximo de 500 euros anuales para este objetivo, y si t\u00fa quieres prepararte para rendir uno de estos ex\u00e1menes, te\u00a0<span style=\"line-height: inherit;\">indicaremos con mucho gusto la manera de obtener este beneficio.<\/span>[\/vc_column_text][vc_row_inner][vc_column_inner width=&#8221;1\/4&#8243;][vc_column_text]<strong>ALEMAN<\/strong><\/p>\n<p>TestDaF (Examen de Alem\u00e1n como Lengua Extranjera)<br \/>\nZDfB (Certificado de Alem\u00e1n para el trabajo)<br \/>\nDSH (Ex\u00e1menes de conocimientos de alem\u00e1n para la admisi\u00f3n acad\u00e9mica)<br \/>\nPWD (Examen de Alem\u00e1n Econ\u00f3mico)<\/p>\n<p>&#8211; <strong><a href=\"http:\/\/www.telc.net\/en\/what-telc-offers\/german\/\" target=\"_blank\" rel=\"noopener\">EX\u00c1MENES TELC ALEM\u00c1N<\/a><\/strong><\/p>\n<ul>\n<li class=\"estilo1\">Start Deutsch 1 \/ telc Deutsch A1<\/li>\n<li class=\"estilo1\">Start Deutsch 2 \/ telc Deutsch A2<\/li>\n<li class=\"estilo1\">Telc Deutsch A2+ Beruf<\/li>\n<li class=\"estilo1\">Deutsch-Test f\u00fcr Zuwanderer A2 \/ B1<\/li>\n<li class=\"estilo1\">Deutsch-Test f\u00fcr Zuwanderer A2 \/ B1 Jugendintegrationskurs<\/li>\n<li class=\"estilo1\">Zertifikat Deutsch \/ telc Deutsch B1<\/li>\n<li class=\"estilo1\">Zertifikat Deutsch f\u00fcr Jugendliche \/ telc Deutsch B1 Schule<\/li>\n<li class=\"estilo1\">Telc Deutsch B1+ Beruf<\/li>\n<li class=\"estilo1\">Telc Deutsch B2<\/li>\n<li class=\"estilo1\">Zertifikat Deutsch f\u00fcr den Beruf \/ telc Deutsch B2 Beruf<\/li>\n<li class=\"estilo1\">Telc Deutsch B2 + Beruf<\/li>\n<li class=\"estilo1\">Telc Deutsch C1<\/li>\n<li class=\"estilo1\">Telc Deutsch C1 Hochschule<\/li>\n<\/ul>\n[\/vc_column_text][\/vc_column_inner][vc_column_inner width=&#8221;1\/4&#8243;][vc_column_text]<strong>ESPA\u00d1OL<\/strong><\/p>\n<p>&#8211; Diploma de Espa\u00f1ol como Lengua Extranjera (D.E.L.E.).<br \/>\n&#8211; Certificado de Espa\u00f1ol de Negocios (C\u00e1mara de Industrias Madrid-Espa\u00f1a).<br \/>\n&#8211; UNIcert I y II.<br \/>\n&#8211; CELU (Certificado de Espa\u00f1ol Lengua y Uso) Argentina.<\/p>\n<p>&#8211; <strong><a href=\"http:\/\/www.telc.net\/en\/what-telc-offers\/spanish\/\" target=\"_blank\" rel=\"noopener\">EX\u00c1MENES TELC ESPA\u00d1OL<\/a><\/strong><\/p>\n<ul>\n<li>TELC Espa\u00f1ol A1 General<\/li>\n<li>TELC Espa\u00f1ol A2 General<\/li>\n<li>TELC Espa\u00f1ol A2 Escuela<\/li>\n<li>TELC Espa\u00f1ol B1 General<\/li>\n<li>TELC Espa\u00f1ol B1 Escuela<\/li>\n<li>TELC Espa\u00f1ol B2 General<\/li>\n<li>TELC Espa\u00f1ol B2 Escuela<\/li>\n<\/ul>\n[\/vc_column_text][\/vc_column_inner][vc_column_inner width=&#8221;1\/4&#8243;][vc_column_text]<strong>INGLES<\/strong><\/p>\n<p>&#8211; Cambridge Examen PET (Intermedio Inferior)<br \/>\n&#8211; Cambridge Examen FCE (Intermedio Superior)<br \/>\n&#8211; Cambridge Examen CAE (Avanzado Inferior)<br \/>\n&#8211; Toefl (Test de Ingl\u00e9s como Idioma Extranjero) Estados Unidos y Canad\u00e1<\/p>\n<p>&#8211; <strong><a href=\"http:\/\/www.telc.net\/en\/what-telc-offers\/english\/\" target=\"_blank\" rel=\"noopener\">EX\u00c1MENES TELC INGL\u00c9S<\/a><\/strong><\/p>\n<p>-TELC English A1 General<br \/>\n-TELC English A2 General<br \/>\n-TELC English A2 Escolar<br \/>\n-TELC English A2-B1<br \/>\n-TELC English B1 General<br \/>\n-TELC English B1 Negocios \u00a0 \u00a0 \u00a0 \u00a0 \u00a0 \u00a0 \u00a0 \u00a0 \u00a0 \u00a0 \u00a0 \u00a0 \u00a0 \u00a0 \u00a0 \u00a0 \u00a0 \u00a0 \u00a0 \u00a0 \u00a0 \u00a0 \u00a0 \u00a0 \u00a0 \u00a0 \u00a0 \u00a0 \u00a0 \u00a0 \u00a0 \u00a0 \u00a0 \u00a0 \u00a0 \u00a0 \u00a0 \u00a0 \u00a0 \u00a0 \u00a0 \u00a0 \u00a0 \u00a0 \u00a0 \u00a0 \u00a0 -TELC English B1 Hotel y Restaurante<br \/>\n-TELC English B1 Escolar<br \/>\n-TELC English B2 <span id=\"result_box\" lang=\"es\"><span title=\"Haz clic para obtener traducciones alternativas\">Negocios<\/span><\/span><br \/>\n-TELC English B2 <span id=\"result_box\" lang=\"es\"><span title=\"Haz clic para obtener traducciones alternativas\">T\u00e9cnico<\/span><\/span><br \/>\n-TELC English B2 Escolar<br \/>\n-TELC English C1 General[\/vc_column_text][\/vc_column_inner][vc_column_inner width=&#8221;1\/4&#8243;][vc_column_text]<strong>FRANCES<\/strong><\/p>\n<p><strong>&#8211;<\/strong>DELF\/CAF (Diplome d&#8217;Etudes de Langue Fracaise)<\/p>\n<p><strong><a href=\"http:\/\/www.telc.net\/en\/what-telc-offers\/french\/\" target=\"_blank\" rel=\"noopener\">EX\u00c1MENES TELC FRANC\u00c9S<\/a><\/strong><\/p>\n<p><span class=\"est1\">&#8211; <\/span>TELC Franc\u00e9s A1 General<br \/>\n&#8211; TELC Franc\u00e9s A2 General<br \/>\n&#8211; TELC Franc\u00e9s A2 Escolar<br \/>\n&#8211; TELC Franc\u00e9s B1 General<br \/>\n&#8211; TELC Franc\u00e9s B1 Escolar<br \/>\n&#8211; TELC Franc\u00e9s B1 Empresarial<br \/>\n&#8211; TELC Franc\u00e9s B2 General[\/vc_column_text][\/vc_column_inner][\/vc_row_inner][\/vc_column][\/vc_row]\n","protected":false},"excerpt":{"rendered":"[vc_row][vc_column][vc_column_text] &#8220;Ingl\u00e9s, espa\u00f1ol, alem\u00e1n, franc\u00e9s y otras lenguas extranjeras&#8221; El aprendizaje o perfeccionamiento de idiomas son herramientas muy necesarias en un mundo globalizado y moderno. Las Empresas y\u00a0Bancos\u00a0trabajan cada vez m\u00e1s en equipos multinacionales y es necesaria la comunicaci\u00f3n con sus clientes y socios, por lo tanto un diploma oficial de idiomas es un complemento [&#8230;]\n","protected":false},"author":1,"featured_media":0,"parent":0,"menu_order":0,"comment_status":"closed","ping_status":"closed","template":"","meta":{"footnotes":""},"class_list":["post-105","page","type-page","status-publish","hentry"],"_links":{"self":[{"href":"https:\/\/languagesworldacademy.com\/es\/wp-json\/wp\/v2\/pages\/105","targetHints":{"allow":["GET"]}}],"collection":[{"href":"https:\/\/languagesworldacademy.com\/es\/wp-json\/wp\/v2\/pages"}],"about":[{"href":"https:\/\/languagesworldacademy.com\/es\/wp-json\/wp\/v2\/types\/page"}],"author":[{"embeddable":true,"href":"https:\/\/languagesworldacademy.com\/es\/wp-json\/wp\/v2\/users\/1"}],"replies":[{"embeddable":true,"href":"https:\/\/languagesworldacademy.com\/es\/wp-json\/wp\/v2\/comments?post=105"}],"version-history":[{"count":10,"href":"https:\/\/languagesworldacademy.com\/es\/wp-json\/wp\/v2\/pages\/105\/revisions"}],"predecessor-version":[{"id":1360,"href":"https:\/\/languagesworldacademy.com\/es\/wp-json\/wp\/v2\/pages\/105\/revisions\/1360"}],"wp:attachment":[{"href":"https:\/\/languagesworldacademy.com\/es\/wp-json\/wp\/v2\/media?parent=105"}],"curies":[{"name":"wp","href":"https:\/\/api.w.org\/{rel}","templated":true}]}}