{"id":1132,"date":"2018-02-06T06:40:36","date_gmt":"2018-02-06T05:40:36","guid":{"rendered":"http:\/\/languagesworldacademy.com\/?page_id=1132"},"modified":"2018-02-06T06:40:36","modified_gmt":"2018-02-06T05:40:36","slug":"cursos-en-empresas-y-bancos","status":"publish","type":"page","link":"https:\/\/languagesworldacademy.com\/es\/kurse\/cursos-en-empresas-y-bancos\/","title":{"rendered":"Cursos en Empresas y Bancos"},"content":{"rendered":"<p><img decoding=\"async\" class=\"alignleft\" src=\"http:\/\/languagesworldacademy.com\/_images\/stories\/contenido\/cursos_intensivos.jpg\" border=\"0\" \/>\u201cIngl\u00e9s, espa\u00f1ol, alem\u00e1n, y otras lenguas extranjeras, individuales o en grupo para Empresas o Bancos\u2026..\u201d<\/p>\n<p align=\"justify\">Tenemos una amplia experiencia en clases para este fin y los cursos los hemos dise\u00f1ado para que los empleados y directivos puedan actuar de una manera eficaz y competente seg\u00fan sus necesidades espec\u00edficas.<\/p>\n<p align=\"justify\">Generalmente los profesores se desplazan hacia la Empresa o Banco facilitando con ello que los empleados aprendan un idioma en su propio entorno y ahorren mucho tiempo de desplazamiento hacia la Escuela pudiendo ser clases individuales o en grupo.<\/p>\n<p>Nosotros nos encargamos de las pruebas de nivel y de la formaci\u00f3n de los grupos seg\u00fan las necesidades de cada alumno, ofrecemos un proceso de aprendizaje transparente, el profesor hace un seguimiento continuo del aprendizaje de cada alumno y se lo comenta peri\u00f3dicamente para que este pueda ver su propio progreso. Despu\u00e9s de varias horas de clase se profundiza los conocimientos y si los alumnos lo desean se les presentan pruebas intermedias y finales en las diferentes destrezas.<\/p>\n<p>Adem\u00e1s, para empresas ofrecemos clases on-line, facilit\u00e1ndote as\u00ed seguir con tus clases si estas de viaje, en casa, en tu empresa, en un caf\u00e9, en un parque o si simplemente no tienes ganas de trasladarte a una escuela.<\/p>\n<p align=\"justify\">El profesor se acomoda a los horarios de sus alumnos.<\/p>\n","protected":false},"excerpt":{"rendered":"<p>\u201cIngl\u00e9s, espa\u00f1ol, alem\u00e1n, y otras lenguas extranjeras, individuales o en grupo para Empresas o Bancos\u2026..\u201d Tenemos una amplia experiencia en clases para este fin y los cursos los hemos dise\u00f1ado para que los empleados y directivos puedan actuar de una manera eficaz y competente seg\u00fan sus necesidades espec\u00edficas. Generalmente los profesores se desplazan hacia la [&#8230;]\n","protected":false},"author":2,"featured_media":0,"parent":94,"menu_order":0,"comment_status":"closed","ping_status":"closed","template":"","meta":{"footnotes":""},"class_list":["post-1132","page","type-page","status-publish","hentry"],"_links":{"self":[{"href":"https:\/\/languagesworldacademy.com\/es\/wp-json\/wp\/v2\/pages\/1132","targetHints":{"allow":["GET"]}}],"collection":[{"href":"https:\/\/languagesworldacademy.com\/es\/wp-json\/wp\/v2\/pages"}],"about":[{"href":"https:\/\/languagesworldacademy.com\/es\/wp-json\/wp\/v2\/types\/page"}],"author":[{"embeddable":true,"href":"https:\/\/languagesworldacademy.com\/es\/wp-json\/wp\/v2\/users\/2"}],"replies":[{"embeddable":true,"href":"https:\/\/languagesworldacademy.com\/es\/wp-json\/wp\/v2\/comments?post=1132"}],"version-history":[{"count":1,"href":"https:\/\/languagesworldacademy.com\/es\/wp-json\/wp\/v2\/pages\/1132\/revisions"}],"predecessor-version":[{"id":1133,"href":"https:\/\/languagesworldacademy.com\/es\/wp-json\/wp\/v2\/pages\/1132\/revisions\/1133"}],"up":[{"embeddable":true,"href":"https:\/\/languagesworldacademy.com\/es\/wp-json\/wp\/v2\/pages\/94"}],"wp:attachment":[{"href":"https:\/\/languagesworldacademy.com\/es\/wp-json\/wp\/v2\/media?parent=1132"}],"curies":[{"name":"wp","href":"https:\/\/api.w.org\/{rel}","templated":true}]}}