{"id":1138,"date":"2018-02-06T06:45:20","date_gmt":"2018-02-06T05:45:20","guid":{"rendered":"http:\/\/languagesworldacademy.com\/?page_id=1138"},"modified":"2018-02-06T06:45:20","modified_gmt":"2018-02-06T05:45:20","slug":"competencia-lingueistica-aeronautica","status":"publish","type":"page","link":"https:\/\/languagesworldacademy.com\/es\/kurse\/competencia-lingueistica-aeronautica\/","title":{"rendered":"Competencia ling\u00fc\u00edstica aeron\u00e1utica"},"content":{"rendered":"<p><img decoding=\"async\" class=\"alignleft\" src=\"http:\/\/languagesworldacademy.com\/_images\/stories\/contenido\/cursos_lineas_aereas.jpg\" border=\"0\" \/><\/p>\n<p class=\"h2\" align=\"center\"><strong>\u201cIngl\u00e9s, espa\u00f1ol, alem\u00e1n, franc\u00e9s y otras lenguas extranjeras\u201d<\/strong><\/p>\n<p align=\"justify\">Tenemos muchos a\u00f1os de experiencia preparando a la tripulaci\u00f3n de cabina de pasajeros para rendir las pruebas de acreditaci\u00f3n de conocimientos del idioma que necesiten. El objetivo de estos cursos es ayudar al alumno a alcanzar una competencia ling\u00fc\u00edstica que le permita primeramente aprobar este examen en la l\u00ednea a\u00e9rea y a la vez pueda afrontar situaciones profesionales y cotidianas, hablando y comunic\u00e1ndose con soltura, confianza y seguridad.<\/p>\n<p>Las clases pueden ser individuales o en grupo, si son cursos intensivos en la academia, adem\u00e1s, te ofrecemos clases on-line facilit\u00e1ndote as\u00ed seguir ampliando tus conocimientos si te encuentras de viaje, en casa, en un parque, en un caf\u00e9 o simplemente si no tienes ganas de trasladarte a una escuela. La ventaja de estos cursos es la flexibilidad.<\/p>\n<p>Cont\u00e1ctanos y te asesoraremos con mucho gusto.<\/p>\n","protected":false},"excerpt":{"rendered":"<p>\u201cIngl\u00e9s, espa\u00f1ol, alem\u00e1n, franc\u00e9s y otras lenguas extranjeras\u201d Tenemos muchos a\u00f1os de experiencia preparando a la tripulaci\u00f3n de cabina de pasajeros para rendir las pruebas de acreditaci\u00f3n de conocimientos del idioma que necesiten. El objetivo de estos cursos es ayudar al alumno a alcanzar una competencia ling\u00fc\u00edstica que le permita primeramente aprobar este examen en [&#8230;]\n","protected":false},"author":2,"featured_media":0,"parent":94,"menu_order":0,"comment_status":"closed","ping_status":"closed","template":"","meta":{"footnotes":""},"class_list":["post-1138","page","type-page","status-publish","hentry"],"_links":{"self":[{"href":"https:\/\/languagesworldacademy.com\/es\/wp-json\/wp\/v2\/pages\/1138","targetHints":{"allow":["GET"]}}],"collection":[{"href":"https:\/\/languagesworldacademy.com\/es\/wp-json\/wp\/v2\/pages"}],"about":[{"href":"https:\/\/languagesworldacademy.com\/es\/wp-json\/wp\/v2\/types\/page"}],"author":[{"embeddable":true,"href":"https:\/\/languagesworldacademy.com\/es\/wp-json\/wp\/v2\/users\/2"}],"replies":[{"embeddable":true,"href":"https:\/\/languagesworldacademy.com\/es\/wp-json\/wp\/v2\/comments?post=1138"}],"version-history":[{"count":1,"href":"https:\/\/languagesworldacademy.com\/es\/wp-json\/wp\/v2\/pages\/1138\/revisions"}],"predecessor-version":[{"id":1139,"href":"https:\/\/languagesworldacademy.com\/es\/wp-json\/wp\/v2\/pages\/1138\/revisions\/1139"}],"up":[{"embeddable":true,"href":"https:\/\/languagesworldacademy.com\/es\/wp-json\/wp\/v2\/pages\/94"}],"wp:attachment":[{"href":"https:\/\/languagesworldacademy.com\/es\/wp-json\/wp\/v2\/media?parent=1138"}],"curies":[{"name":"wp","href":"https:\/\/api.w.org\/{rel}","templated":true}]}}