{"id":1202,"date":"2018-03-10T15:04:52","date_gmt":"2018-03-10T14:04:52","guid":{"rendered":"http:\/\/languagesworldacademy.com\/?page_id=1202"},"modified":"2024-01-14T14:49:03","modified_gmt":"2024-01-14T13:49:03","slug":"oberursel","status":"publish","type":"page","link":"https:\/\/languagesworldacademy.com\/es\/cursos\/oberursel\/","title":{"rendered":"Oberursel"},"content":{"rendered":"\n<h3>Oberursel<\/h3>\n<a href=\"https:\/\/www.youtube.com\/watch?v=4ZamxQ6EhQQ\" target=\"_blank\" rel=\"noopener\">Willkommen in Oberursel<\/a>\n\nNuestra escuela est\u00e1 ubicada a 30 minutos del centro de la ciudad de Frankfurt, en una zona tranquila y hermosa. Las clases de la escuela son muy modernas con pizarra, rotafolios, pizarra electr\u00f3nica (una pizarra electr\u00f3nica interactiva) y tambi\u00e9n cuadernos conectados a trav\u00e9s de Wi-Fi, as\u00ed como los \u00faltimos libros de texto y libros de texto para complementar la familiar instrucci\u00f3n en el aula. Por lo tanto, ofrecemos un entorno de aprendizaje \u00f3ptimo, con la gran ventaja de que puede aprender alem\u00e1n directamente en el pa\u00eds donde lo hable. La escuela es f\u00e1cilmente accesible en transporte p\u00fablico (U-Bahn 3 Lahnstra\u00dfe). Los cursos que ofrecemos son extremadamente eficientes y profesionales, y est\u00e1n adaptados a las necesidades individuales de cada estudiante. Estos cursos est\u00e1n dirigidos a personas que desean aprender alem\u00e1n como un nuevo idioma o desean mantener o mejorar sus habilidades existentes en el idioma alem\u00e1n. Ofrecemos dos cursos intensivos con cursos de 20 o 30 lecciones \/ semana y por la noche, cursos de fin de semana, cursos intensivos, clases de conversaci\u00f3n, clases particulares, cursos de preparaci\u00f3n en diversos certificados alemanes como DSH, TestDaF, ZDfB, Telc, A1 &#8211; examen B1, entre otros Prueba gratuita de ubicaci\u00f3n en l\u00ednea, consejer\u00eda gratis, lecci\u00f3n de prueba gratis (consulta previa cita).\n\nLos cursos comienzan todos los lunes, excepto festivos. Todos los profesores son hablantes nativos, tienen muchos a\u00f1os de experiencia en la ense\u00f1anza, tienen t\u00edtulos universitarios y participan regularmente en la educaci\u00f3n superior.\n\nPedimos a las personas que viven en Alemania que lean los elementos del men\u00fa &#8220;Bildungsurlaub&#8221; y &#8220;Bildungspr\u00e4mie&#8221;. Por favor cont\u00e1ctenos para m\u00e1s informaci\u00f3n.\n\n\u00bfQu\u00e9 puedo hacer en Frankfurt &#8230;?\n\n<a style=\"font-size: 14.4px;\" href=\"http:\/\/frankfurt.de\/sixcms\/detail.php?id=stadtfrankfurt_eval01.c.125161.de\" target=\"_blank\" rel=\"noopener\">www.frankfurt.de<\/a>\n","protected":false},"excerpt":{"rendered":"<p>Oberursel Willkommen in Oberursel Nuestra escuela est\u00e1 ubicada a 30 minutos del centro de la ciudad de Frankfurt, en una zona tranquila y hermosa. Las clases de la escuela son muy modernas con pizarra, rotafolios, pizarra electr\u00f3nica (una pizarra electr\u00f3nica interactiva) y tambi\u00e9n cuadernos conectados a trav\u00e9s de Wi-Fi, as\u00ed como los \u00faltimos libros de [&#8230;]\n","protected":false},"author":2,"featured_media":0,"parent":855,"menu_order":0,"comment_status":"closed","ping_status":"closed","template":"","meta":{"footnotes":""},"class_list":["post-1202","page","type-page","status-publish","hentry"],"_links":{"self":[{"href":"https:\/\/languagesworldacademy.com\/es\/wp-json\/wp\/v2\/pages\/1202","targetHints":{"allow":["GET"]}}],"collection":[{"href":"https:\/\/languagesworldacademy.com\/es\/wp-json\/wp\/v2\/pages"}],"about":[{"href":"https:\/\/languagesworldacademy.com\/es\/wp-json\/wp\/v2\/types\/page"}],"author":[{"embeddable":true,"href":"https:\/\/languagesworldacademy.com\/es\/wp-json\/wp\/v2\/users\/2"}],"replies":[{"embeddable":true,"href":"https:\/\/languagesworldacademy.com\/es\/wp-json\/wp\/v2\/comments?post=1202"}],"version-history":[{"count":4,"href":"https:\/\/languagesworldacademy.com\/es\/wp-json\/wp\/v2\/pages\/1202\/revisions"}],"predecessor-version":[{"id":2118,"href":"https:\/\/languagesworldacademy.com\/es\/wp-json\/wp\/v2\/pages\/1202\/revisions\/2118"}],"up":[{"embeddable":true,"href":"https:\/\/languagesworldacademy.com\/es\/wp-json\/wp\/v2\/pages\/855"}],"wp:attachment":[{"href":"https:\/\/languagesworldacademy.com\/es\/wp-json\/wp\/v2\/media?parent=1202"}],"curies":[{"name":"wp","href":"https:\/\/api.w.org\/{rel}","templated":true}]}}