{"id":1205,"date":"2018-03-10T15:05:22","date_gmt":"2018-03-10T14:05:22","guid":{"rendered":"http:\/\/languagesworldacademy.com\/?page_id=1205"},"modified":"2018-03-10T15:05:22","modified_gmt":"2018-03-10T14:05:22","slug":"ecuador-quito-espanol","status":"publish","type":"page","link":"https:\/\/languagesworldacademy.com\/es\/cursos\/ecuador-quito-espanol\/","title":{"rendered":"ECUADOR \/ Quito \/ (Espa\u00f1ol)"},"content":{"rendered":"<h3>ECUADOR \/ Quito \/ (Espa\u00f1ol)<\/h3>\n<p><a href=\"http:\/\/www.youtube.com\/watch?v=kSgmOC9Xh5c\" target=\"_blank\" rel=\"nofollow noopener\">Quito<\/a><\/p>\n<p><a href=\"http:\/\/www.youtube.com\/watch?v=xM-o1eesn4Ma\" target=\"_blank\" rel=\"noopener\">Ecuador<\/a><\/p>\n<p>Nuestra escuela est\u00e1 ubicada en el moderno centro de Quito, a 5 minutos del distrito &#8220;La Mariscal&#8221;. Los cursos que ofrecemos son extremadamente eficientes y profesionales. Est\u00e1n orientados a las necesidades individuales de cada estudiante, con la gran ventaja de aprender el idioma en un pa\u00eds de habla hispana. Estos cursos est\u00e1n dise\u00f1ados para personas que desean aprender espa\u00f1ol como un nuevo idioma o para mantener o mejorar sus habilidades existentes en el idioma espa\u00f1ol. Ofrecemos cursos intensivos de 20 y 30 horas \/ semana, tambi\u00e9n como licencia educativa, &#8220;Vivir con tu profesor&#8221;, clases individuales, cursos preparatorios para el D.E.L.E. Certificado espa\u00f1ol, espa\u00f1ol comercial (C\u00e1mara Oficial de Comercio de Espa\u00f1a en Alemania), etc. Los cursos comienzan todos los lunes, excepto festivos. Todos los profesores tienen muchos a\u00f1os de experiencia ense\u00f1ando espa\u00f1ol como lengua extranjera y tienen t\u00edtulos universitarios. Las aulas son modernas y acogedoras, y si los estudiantes lo desean, las clases se pueden llevar a cabo en el patio de la escuela.<\/p>\n<p>Casi todo nuestro material de ense\u00f1anza est\u00e1 actualizado y ha sido publicado por editoriales alemanas y espa\u00f1olas, el Instituto Cervantes y varias universidades. El material did\u00e1ctico ha sido especialmente dise\u00f1ado para el r\u00e1pido aprendizaje del espa\u00f1ol como lengua extranjera. Por favor cont\u00e1ctenos para m\u00e1s informaci\u00f3n.<\/p>\n<p>\u00bfQu\u00e9 puedo hacer en Quito &#8230;?<\/p>\n<p><a style=\"font-size: 14.4px;\" href=\"http:\/\/www.tripadvisor.es\/Attractions-g294308-Activities-Quito.html\" target=\"_blank\" rel=\"noopener\">www.tripadvisor.es<\/a><\/p>\n<p>&nbsp;<\/p>\n","protected":false},"excerpt":{"rendered":"<p>ECUADOR \/ Quito \/ (Espa\u00f1ol) Quito Ecuador Nuestra escuela est\u00e1 ubicada en el moderno centro de Quito, a 5 minutos del distrito &#8220;La Mariscal&#8221;. Los cursos que ofrecemos son extremadamente eficientes y profesionales. Est\u00e1n orientados a las necesidades individuales de cada estudiante, con la gran ventaja de aprender el idioma en un pa\u00eds de habla [&#8230;]\n","protected":false},"author":2,"featured_media":0,"parent":855,"menu_order":0,"comment_status":"closed","ping_status":"closed","template":"","meta":{"footnotes":""},"class_list":["post-1205","page","type-page","status-publish","hentry"],"_links":{"self":[{"href":"https:\/\/languagesworldacademy.com\/es\/wp-json\/wp\/v2\/pages\/1205","targetHints":{"allow":["GET"]}}],"collection":[{"href":"https:\/\/languagesworldacademy.com\/es\/wp-json\/wp\/v2\/pages"}],"about":[{"href":"https:\/\/languagesworldacademy.com\/es\/wp-json\/wp\/v2\/types\/page"}],"author":[{"embeddable":true,"href":"https:\/\/languagesworldacademy.com\/es\/wp-json\/wp\/v2\/users\/2"}],"replies":[{"embeddable":true,"href":"https:\/\/languagesworldacademy.com\/es\/wp-json\/wp\/v2\/comments?post=1205"}],"version-history":[{"count":1,"href":"https:\/\/languagesworldacademy.com\/es\/wp-json\/wp\/v2\/pages\/1205\/revisions"}],"predecessor-version":[{"id":1206,"href":"https:\/\/languagesworldacademy.com\/es\/wp-json\/wp\/v2\/pages\/1205\/revisions\/1206"}],"up":[{"embeddable":true,"href":"https:\/\/languagesworldacademy.com\/es\/wp-json\/wp\/v2\/pages\/855"}],"wp:attachment":[{"href":"https:\/\/languagesworldacademy.com\/es\/wp-json\/wp\/v2\/media?parent=1205"}],"curies":[{"name":"wp","href":"https:\/\/api.w.org\/{rel}","templated":true}]}}