{"id":1207,"date":"2018-03-10T15:06:03","date_gmt":"2018-03-10T14:06:03","guid":{"rendered":"http:\/\/languagesworldacademy.com\/?page_id=1207"},"modified":"2018-03-10T15:06:03","modified_gmt":"2018-03-10T14:06:03","slug":"ecuador-quito-espanol-mas-actividades-de-ocio","status":"publish","type":"page","link":"https:\/\/languagesworldacademy.com\/es\/cursos\/ecuador-quito-espanol-mas-actividades-de-ocio\/","title":{"rendered":"ECUADOR \/ Quito \/ (espa\u00f1ol m\u00e1s actividades de ocio)"},"content":{"rendered":"<h3>ECUADOR \/ Quito \/ (espa\u00f1ol m\u00e1s actividades de ocio)<\/h3>\n<p>Si quieres aprender espa\u00f1ol y combinar vacaciones, tambi\u00e9n como permiso educativo, podemos ofrecerte el siguiente curso: &#8220;Clases de espa\u00f1ol y actividades de ocio&#8221;. Incluye 20 clases de espa\u00f1ol por semana y 5 horas de actividades en Quito, tales como:<\/p>\n<p><img loading=\"lazy\" decoding=\"async\" class=\"alignright size-full wp-image-222\" src=\"http:\/\/languagesworldacademy.com\/wp-content\/uploads\/2017\/07\/cotopaxi.jpg\" alt=\"\" width=\"300\" height=\"171\" \/>Una visita al imponente volc\u00e1n Pinchincha<br \/>\nEl incre\u00edble Museo Guayasamin,<br \/>\nLa visita de varias plazas, iglesias, museos y monasterios en el casco antiguo de Quito<br \/>\nTambi\u00e9n ofrecemos actividades y aventuras fuera de la ciudad, como:<br \/>\nEl medio de la tierra (La Mitad del Mundo) Pomasqui<br \/>\nEl agua termal de Papallacta<br \/>\nReserva Forestal Mindo<br \/>\nEl colorido mercado indio en Otavalo<br \/>\nEl mercado de Saquisili<br \/>\nEl Parque Nacional Cotopaxi<br \/>\nLa ciudad de Ba\u00f1os<br \/>\nY el volc\u00e1n Tungurahua<\/p>\n<p>Cotopaxi Adem\u00e1s, se puede participar en diversos proyectos sociales o realizar viajes de aventura a la Coordillera Andina Ecuatoriana. Trekking, monta\u00f1ismo, ciclismo, equitaci\u00f3n y otras actividades. Nos complace informarle.<\/p>\n","protected":false},"excerpt":{"rendered":"<p>ECUADOR \/ Quito \/ (espa\u00f1ol m\u00e1s actividades de ocio) Si quieres aprender espa\u00f1ol y combinar vacaciones, tambi\u00e9n como permiso educativo, podemos ofrecerte el siguiente curso: &#8220;Clases de espa\u00f1ol y actividades de ocio&#8221;. Incluye 20 clases de espa\u00f1ol por semana y 5 horas de actividades en Quito, tales como: Una visita al imponente volc\u00e1n Pinchincha El [&#8230;]\n","protected":false},"author":2,"featured_media":0,"parent":855,"menu_order":0,"comment_status":"closed","ping_status":"closed","template":"","meta":{"footnotes":""},"class_list":["post-1207","page","type-page","status-publish","hentry"],"_links":{"self":[{"href":"https:\/\/languagesworldacademy.com\/es\/wp-json\/wp\/v2\/pages\/1207","targetHints":{"allow":["GET"]}}],"collection":[{"href":"https:\/\/languagesworldacademy.com\/es\/wp-json\/wp\/v2\/pages"}],"about":[{"href":"https:\/\/languagesworldacademy.com\/es\/wp-json\/wp\/v2\/types\/page"}],"author":[{"embeddable":true,"href":"https:\/\/languagesworldacademy.com\/es\/wp-json\/wp\/v2\/users\/2"}],"replies":[{"embeddable":true,"href":"https:\/\/languagesworldacademy.com\/es\/wp-json\/wp\/v2\/comments?post=1207"}],"version-history":[{"count":1,"href":"https:\/\/languagesworldacademy.com\/es\/wp-json\/wp\/v2\/pages\/1207\/revisions"}],"predecessor-version":[{"id":1209,"href":"https:\/\/languagesworldacademy.com\/es\/wp-json\/wp\/v2\/pages\/1207\/revisions\/1209"}],"up":[{"embeddable":true,"href":"https:\/\/languagesworldacademy.com\/es\/wp-json\/wp\/v2\/pages\/855"}],"wp:attachment":[{"href":"https:\/\/languagesworldacademy.com\/es\/wp-json\/wp\/v2\/media?parent=1207"}],"curies":[{"name":"wp","href":"https:\/\/api.w.org\/{rel}","templated":true}]}}