{"id":1274,"date":"2018-03-14T03:48:40","date_gmt":"2018-03-14T02:48:40","guid":{"rendered":"http:\/\/languagesworldacademy.com\/?page_id=1274"},"modified":"2018-03-14T03:48:40","modified_gmt":"2018-03-14T02:48:40","slug":"pautas-duracion","status":"publish","type":"page","link":"https:\/\/languagesworldacademy.com\/es\/kurse\/bildungsurlaub\/pautas-duracion\/","title":{"rendered":"Pautas &#8211; Duraci\u00f3n"},"content":{"rendered":"<p><strong>Pautas<\/strong><\/p>\n<p>Las pautas determinan la naturaleza y el prop\u00f3sito del permiso educativo. Un tema importante para su empleador es que la licencia es utilizada por el trabajo para actividades profesionales y no para pasatiempos personales. Por lo tanto, le aconsejamos que primero se contacte con el departamento de recursos humanos de su empresa.<\/p>\n<p><strong>Duraci\u00f3n<\/strong><\/p>\n<p>En Alemania, la licencia educativa solo est\u00e1 disponible en algunos estados federales. Los trabajadores que trabajan a tiempo completo tienen derecho a 5 d\u00edas de licencia educativa por a\u00f1o.<\/p>\n","protected":false},"excerpt":{"rendered":"<p>Pautas Las pautas determinan la naturaleza y el prop\u00f3sito del permiso educativo. Un tema importante para su empleador es que la licencia es utilizada por el trabajo para actividades profesionales y no para pasatiempos personales. Por lo tanto, le aconsejamos que primero se contacte con el departamento de recursos humanos de su empresa. Duraci\u00f3n En [&#8230;]\n","protected":false},"author":2,"featured_media":0,"parent":798,"menu_order":0,"comment_status":"closed","ping_status":"closed","template":"","meta":{"footnotes":""},"class_list":["post-1274","page","type-page","status-publish","hentry"],"_links":{"self":[{"href":"https:\/\/languagesworldacademy.com\/es\/wp-json\/wp\/v2\/pages\/1274","targetHints":{"allow":["GET"]}}],"collection":[{"href":"https:\/\/languagesworldacademy.com\/es\/wp-json\/wp\/v2\/pages"}],"about":[{"href":"https:\/\/languagesworldacademy.com\/es\/wp-json\/wp\/v2\/types\/page"}],"author":[{"embeddable":true,"href":"https:\/\/languagesworldacademy.com\/es\/wp-json\/wp\/v2\/users\/2"}],"replies":[{"embeddable":true,"href":"https:\/\/languagesworldacademy.com\/es\/wp-json\/wp\/v2\/comments?post=1274"}],"version-history":[{"count":1,"href":"https:\/\/languagesworldacademy.com\/es\/wp-json\/wp\/v2\/pages\/1274\/revisions"}],"predecessor-version":[{"id":1275,"href":"https:\/\/languagesworldacademy.com\/es\/wp-json\/wp\/v2\/pages\/1274\/revisions\/1275"}],"up":[{"embeddable":true,"href":"https:\/\/languagesworldacademy.com\/es\/wp-json\/wp\/v2\/pages\/798"}],"wp:attachment":[{"href":"https:\/\/languagesworldacademy.com\/es\/wp-json\/wp\/v2\/media?parent=1274"}],"curies":[{"name":"wp","href":"https:\/\/api.w.org\/{rel}","templated":true}]}}