{"id":1281,"date":"2018-03-14T03:53:14","date_gmt":"2018-03-14T02:53:14","guid":{"rendered":"http:\/\/languagesworldacademy.com\/?page_id=1281"},"modified":"2018-03-14T03:54:34","modified_gmt":"2018-03-14T02:54:34","slug":"transmision","status":"publish","type":"page","link":"https:\/\/languagesworldacademy.com\/es\/kurse\/bildungsurlaub\/transmision\/","title":{"rendered":"Transferencia"},"content":{"rendered":"<p><strong>Transferencia<\/strong><\/p>\n<p>Si desea completar un curso de idiomas de dos semanas, debe transferir su derecho actual de licencia educativa al pr\u00f3ximo a\u00f1o. Tenga en cuenta que debe informar a su empleador a tiempo y por escrito antes de que finalice el a\u00f1o en curso. Esta transferencia de licencia educativa es posible de acuerdo con el \u00a7 5 (8) de la Ley de HBUG, que establece que el empleado puede transferir la licencia educativa al siguiente a\u00f1o calendario. Esto debe hacerse por escrito antes de que finalice el a\u00f1o calendario, independientemente de por qu\u00e9 no se us\u00f3; incluso si el empleado hab\u00eda rechazado la exenci\u00f3n.<\/p>\n<p>La licencia educativa es ideal si desea aprender un nuevo idioma o mejorar sus habilidades ling\u00fc\u00edsticas existentes o prepararse para un certificado de idioma.<\/p>\n<p>Todos los lunes comienza un curso intensivo, con la excepci\u00f3n de las vacaciones. Recomendamos comenzar con los tr\u00e1mites dos o tres meses antes del tiempo deseado. Si necesita m\u00e1s informaci\u00f3n, p\u00f3ngase en contacto con nosotros; \u00a1nos complacer\u00e1 asesorarle!<\/p>\n","protected":false},"excerpt":{"rendered":"<p>Transferencia Si desea completar un curso de idiomas de dos semanas, debe transferir su derecho actual de licencia educativa al pr\u00f3ximo a\u00f1o. Tenga en cuenta que debe informar a su empleador a tiempo y por escrito antes de que finalice el a\u00f1o en curso. Esta transferencia de licencia educativa es posible de acuerdo con el [&#8230;]\n","protected":false},"author":2,"featured_media":0,"parent":798,"menu_order":0,"comment_status":"closed","ping_status":"closed","template":"","meta":{"footnotes":""},"class_list":["post-1281","page","type-page","status-publish","hentry"],"_links":{"self":[{"href":"https:\/\/languagesworldacademy.com\/es\/wp-json\/wp\/v2\/pages\/1281","targetHints":{"allow":["GET"]}}],"collection":[{"href":"https:\/\/languagesworldacademy.com\/es\/wp-json\/wp\/v2\/pages"}],"about":[{"href":"https:\/\/languagesworldacademy.com\/es\/wp-json\/wp\/v2\/types\/page"}],"author":[{"embeddable":true,"href":"https:\/\/languagesworldacademy.com\/es\/wp-json\/wp\/v2\/users\/2"}],"replies":[{"embeddable":true,"href":"https:\/\/languagesworldacademy.com\/es\/wp-json\/wp\/v2\/comments?post=1281"}],"version-history":[{"count":2,"href":"https:\/\/languagesworldacademy.com\/es\/wp-json\/wp\/v2\/pages\/1281\/revisions"}],"predecessor-version":[{"id":1284,"href":"https:\/\/languagesworldacademy.com\/es\/wp-json\/wp\/v2\/pages\/1281\/revisions\/1284"}],"up":[{"embeddable":true,"href":"https:\/\/languagesworldacademy.com\/es\/wp-json\/wp\/v2\/pages\/798"}],"wp:attachment":[{"href":"https:\/\/languagesworldacademy.com\/es\/wp-json\/wp\/v2\/media?parent=1281"}],"curies":[{"name":"wp","href":"https:\/\/api.w.org\/{rel}","templated":true}]}}