{"id":1407,"date":"2019-03-24T01:31:22","date_gmt":"2019-03-24T00:31:22","guid":{"rendered":"http:\/\/languagesworldacademy.com\/?page_id=1407"},"modified":"2019-12-20T20:52:46","modified_gmt":"2019-12-20T19:52:46","slug":"politica-de-privacidad","status":"publish","type":"page","link":"https:\/\/languagesworldacademy.com\/es\/politica-de-privacidad\/","title":{"rendered":"Pol\u00edtica de privacidad"},"content":{"rendered":"[vc_row][vc_column][vc_column_text]\n<h3><span class=\"notranslate\">Pol\u00edtica de privacidad<\/span><\/h3>\n<p>TRATAMIENTO DE DATOS DE CAR\u00c1CTER PERSONAL.<\/p>\n<p>RESPONSABLE:\u00a0 LANGUAGES WORLD ACADEMY.<br \/>USt. ID: 67 694 205 314<br \/>DIRECCI\u00d3N POSTAL: Feldbergstr. 8B, 61440 Oberursel Ts.<br \/>Tel\u00e9fono: (+49) 06171 978254 correo electr\u00f3nico: lwaoberursel@gmail.com<\/p>\n<p>Su privacidad es fundamental para nosotros. Del mismo modo, hemos creado esta Pol\u00edtica con el objetivo final en el que debe ver c\u00f3mo recopilamos, utilizamos, impartimos, revelamos y hacemos uso de datos individuales. Los siguientes planos de nuestra pol\u00edtica de privacidad.<\/p>\n<ul>\n<li>Antes o en el momento de colectar informaci\u00f3n personal, identificaremos los fines para los cuales la informaci\u00f3n est\u00e1 siendo colectada.<\/li>\n<li>Recopilaremos y utilizaremos los datos individuales de forma individual con el objetivo de satisfacer las razones indicadas por nosotros y para otros buenos prop\u00f3sitos, a menos que obtengamos el consentimiento del individuo en cuesti\u00f3n o seg\u00fan lo exija la ley.<\/li>\n<li>Solo mantendremos los datos individuales lo m\u00e1s esencial posible para la satisfacci\u00f3n de esas razones.<\/li>\n<li>Recopilaremos datos individuales por medios legales y razonables y, cuando corresponda, con la informaci\u00f3n o consentimiento del individuo en cuesti\u00f3n.<\/li>\n<li>La informaci\u00f3n personal debe ser importante para las razones por las que se debe utilizar y, en la medida en que sea esencial por esas razones, debe ser exacta, completa y actualizada.<\/li>\n<li>Protegeremos los datos individuales mediante escudos de seguridad contra la desgracia o el robo, y tambi\u00e9n el acceso, la divulgaci\u00f3n, la duplicaci\u00f3n, el uso o la alteraci\u00f3n no aprobados.<\/li>\n<li>Brindaremos r\u00e1pidamente a los clientes acceso a nuestras pol\u00edticas y procedimientos para la administraci\u00f3n de datos individuales.<\/li>\n<\/ul>\n<p>Estamos enfocados en dirigir nuestro negocio seg\u00fan estos est\u00e1ndares con un objetivo final espec\u00edfico para garantizar que la privacidad de los datos individuales sea segura y se mantenga.<\/p>\n<p><strong>Declaracion Privacidad<\/strong><br \/>Languages World Academy se compromete a proteger su privacidad. Puede visitar la mayor\u00eda de las p\u00e1ginas en nuestro sitio languagesworldacademy.com \u00a0sin darnos ninguna informaci\u00f3n sobre usted. Pero a veces necesitamos informaci\u00f3n para proporcionar los servicios que solicita, y esta declaraci\u00f3n de privacidad explica la recopilaci\u00f3n de datos y el uso en esas situaciones. Esta declaraci\u00f3n de privacidad solo se aplica a languagesworldacademy.com ; no se aplica a otros sitios, productos o servicios de Languages World Academy Vancouver en l\u00ednea o fuera de l\u00ednea.<\/p>\n<p><strong>Recolecci\u00f3n de su Informaci\u00f3n Personal<\/strong><br \/>Le preguntaremos cuando necesitemos informaci\u00f3n que lo identifique personalmente (informaci\u00f3n personal) o nos permita contactarlo. En general, esta informaci\u00f3n se solicita cuando se registra antes de participar en un concurso, solicitar boletines por correo electr\u00f3nico, unirse a un sitio premium de acceso limitado, registrarse en un evento o capacitaci\u00f3n, o al registrarse en cualquier programa para\u00a0<u>estudiar ingl\u00e9s<\/u>\u00a0en Languages World Academy La informaci\u00f3n personal recopilada por languagesworldacademy.com \u00a0a menudo se limita a la direcci\u00f3n de correo electr\u00f3nico, idioma, pa\u00eds o ubicaci\u00f3n, pero puede incluir otra informaci\u00f3n cuando sea necesario para proporcionar el servicio que solicit\u00f3.<br \/>Por ejemplo: si elige un servicio o una transacci\u00f3n que requiere un pago, como realizar una compra en el \u00e1rea de Registro del sitio web, solicitaremos la informaci\u00f3n personal necesaria para la facturaci\u00f3n, como: nombre, direcci\u00f3n, n\u00famero de tel\u00e9fono y le informaremos. Usted es una forma de hacer su pago.<br \/>languagesworldacademy.com \u00a0tambi\u00e9n recopila cierta informaci\u00f3n sobre el hardware y software de su computadora. Esta informaci\u00f3n puede incluir: su direcci\u00f3n IP, tipo de navegador, sistema operativo, nombre de dominio, tiempos de acceso y direcciones de sitios web de referencia. Esta informaci\u00f3n se utiliza para el funcionamiento del servicio, para mantener la calidad del servicio y para proporcionar estad\u00edsticas generales sobre el uso de languagesworldacademy.com.<br \/>Languages World Academy languagesworldacademy.com \u00a0tambi\u00e9n recopila informaci\u00f3n sobre las p\u00e1ginas que visitan nuestros clientes dentro de languagesworldacademy.com . Estos datos de visitas al sitio se identifican solo por un n\u00famero de identificaci\u00f3n \u00fanico, y nunca se vinculan con informaci\u00f3n personal a menos que un usuario consienta por adelantado.<\/p>\n<p><strong>Utilizaci\u00f3n de su Informaci\u00f3n Personal<\/strong><br \/>Usamos su informaci\u00f3n personal para los siguientes prop\u00f3sitos:<\/p>\n<ul>\n<li>Para asegurar que nuestro sitio es relevante para sus necesidades.<\/li>\n<li>Para ofrecer servicios, como boletines, promociones, cursos para los que solicita o se registra.<\/li>\n<li>Para ayudarnos a crear y publicar el contenido m\u00e1s relevante para usted.<\/li>\n<li>Para avisarle de cambios en los programas, ofertas especiales, informaci\u00f3n actualizada y otros servicios nuevos de Languages World Academy, si as\u00ed lo solicita.<\/li>\n<li>Para permitirle acceder a \u00e1reas de acceso limitado de nuestro sitio, seg\u00fan corresponda.<\/li>\n<\/ul>\n<p>Combinaremos los datos de visitas al sitio con informaci\u00f3n demogr\u00e1fica an\u00f3nima para fines de investigaci\u00f3n, y podremos utilizar esta informaci\u00f3n en conjunto para proporcionar contenido m\u00e1s relevante. En algunas secciones de acceso limitado de languagesworldacademy.com, con su aprobaci\u00f3n, combinaremos los datos de visitas al sitio con su informaci\u00f3n personal para brindarle contenido personalizado. Si rechaza el permiso, no le proporcionaremos el servicio personalizado y no fusionaremos su informaci\u00f3n personal con los datos de visitas al sitio.<br \/>Si contratamos a otras compa\u00f1\u00edas para que brinden servicios limitados en nuestro nombre, solo les proporcionaremos a esas compa\u00f1\u00edas la informaci\u00f3n que necesitan para prestar el servicio, y se les proh\u00edbe usar esa informaci\u00f3n para cualquier otro prop\u00f3sito.<br \/>Languages World Academy puede divulgar su informaci\u00f3n personal si as\u00ed lo exige la ley o si consideramos de buena fe que dicha acci\u00f3n es necesaria para: (a) cumplir con los decretos de la ley o cumplir con el proceso legal servido en Languages World Academy o el sitio ; (b) proteger y defender los derechos o propiedad de Languages World Academy y su familia de sitios web, o (c) actuar en circunstancias urgentes para proteger la seguridad personal de los empleados de Languages World Academy, los usuarios de los productos o servicios de Languages World Academy, o los miembros de p\u00fablico.<br \/>Su informaci\u00f3n puede ser almacenada y procesada en Canad\u00e1 y en cualquier otro pa\u00eds en el que Languages World Academy o sus filiales, subsidiarias o agentes tengan instalaciones, y al usar este sitio, usted acepta la transferencia de informaci\u00f3n fuera de su pa\u00eds. Languages World Academy cumple con el marco de Safe Harbor seg\u00fan lo establecido por el Comisionado de Privacidad de Canad\u00e1 en la Ley de Protecci\u00f3n de Informaci\u00f3n Personal y Documentos Electr\u00f3nicos con respecto a la recopilaci\u00f3n, el uso y la retenci\u00f3n de datos.<\/p>\n<p><strong>Control de su informaci\u00f3n personal<\/strong><br \/>Cuando se registre, o de otra manera nos proporcione informaci\u00f3n personal, languagesworldacademy.com \u00a0no compartir\u00e1 esa informaci\u00f3n con terceros sin su permiso, excepto por las excepciones limitadas que ya se mencionan. S\u00f3lo se utilizar\u00e1 para los fines indicados anteriormente.<br \/>El registro tambi\u00e9n le permite decirnos c\u00f3mo o si desea que languagesworldacademy.com \u00a0se comunique con usted.<\/p>\n<p><strong>Acceso a su informaci\u00f3n personal<\/strong><br \/>Le proporcionaremos los medios para garantizar que su informaci\u00f3n personal sea correcta y actual.<br \/>Si se registra en un programa de idiomas en languagesworldacademy.com \u00a0o se suscribe a un bolet\u00edn informativo, puede informarnos de cualquier cambio en su informaci\u00f3n personal envi\u00e1ndonos un correo electr\u00f3nico. Por correo electr\u00f3nico puede:<\/p>\n<ul>\n<li>Inf\u00f3rmenos de los cambios en la informaci\u00f3n personal que ya nos ha proporcionado en languagesworldacademy.com .<\/li>\n<li>D\u00edganos si desea que Languages World Academy le env\u00ede informaci\u00f3n de marketing.<\/li>\n<li>Suscr\u00edbase o cancele suscripciones a boletines sobre nuestros servicios y cursos.<\/li>\n<\/ul>\n<p><strong>Seguridad de su Informaci\u00f3n Personal<\/strong><br \/>Languages World Academy e languagesworldacademy.com \u00a0se comprometen a proteger la seguridad de su informaci\u00f3n personal. Utilizamos una variedad de tecnolog\u00edas y procedimientos de seguridad para ayudar a proteger su informaci\u00f3n personal del acceso, uso o divulgaci\u00f3n no autorizados. Por ejemplo, almacenamos la informaci\u00f3n personal que proporciona en servidores inform\u00e1ticos con acceso limitado que se encuentran en instalaciones controladas.<\/p>\n<p><strong>Protecci\u00f3n de la informaci\u00f3n personal de los ni\u00f1os<\/strong><br \/>languagesworldacademy.com \u00a0es un sitio de audiencia general y no recopila a sabiendas informaci\u00f3n personal de ni\u00f1os.<\/p>\n<p><strong>Uso de los Cookies<\/strong><br \/>Cuando alguien visita el sitio, se coloca una cookie en la m\u00e1quina del cliente (si el cliente acepta cookies) o se lee si el cliente ha visitado el sitio anteriormente. Un uso de las cookies es ayudar en la recopilaci\u00f3n de las estad\u00edsticas de visitas del sitio descritas anteriormente.<br \/>Tambi\u00e9n utilizamos cookies para recopilar informaci\u00f3n sobre qu\u00e9 enlaces de boletines reciben los clientes. Esta informaci\u00f3n se utiliza para garantizar que estamos enviando informaci\u00f3n que los clientes desean leer. Se recopila en forma agregada y nunca se vincula con su informaci\u00f3n personal.<br \/>Las balizas web, tambi\u00e9n conocidas como tecnolog\u00eda Clear GIF o etiquetas de acci\u00f3n, pueden usarse para ayudar a entregar la cookie en nuestro sitio. Esta tecnolog\u00eda nos dice cu\u00e1ntos visitantes hicieron clic en elementos clave (como enlaces o gr\u00e1ficos) en una p\u00e1gina web de languagesworldacademy.com . No utilizamos esta tecnolog\u00eda para acceder a su informaci\u00f3n de identificaci\u00f3n personal en languagesworldacademy.com ; es una herramienta que utilizamos para compilar estad\u00edsticas agregadas sobre el uso del sitio web languagesworldacademy.com . Podemos compartir estad\u00edsticas agregadas del sitio con empresas asociadas, pero no permitimos que otras compa\u00f1\u00edas coloquen gifs transparentes en nuestros sitios.<br \/>Si elige que su navegador no acepte cookies del sitio web languagesworldacademy.com , podr\u00e1 ver el texto en las pantallas, sin embargo, no experimentar\u00e1 una visita personalizada ni podr\u00e1 suscribirse a las ofertas de servicios en el sitio.<\/p>\n<p><strong>Cumplimiento de esta Declaraci\u00f3n de Privacidad<\/strong><br \/>Si tiene preguntas sobre esta declaraci\u00f3n, debe ponerse en contacto con languagesworldacademy.com \u00a0por correo electr\u00f3nico.<\/p>\n<p><strong>Cambios en esta Norma<\/strong><br \/>languagesworldacademy.com \u00a0ocasionalmente actualizar\u00e1 esta declaraci\u00f3n de privacidad. Cuando lo hagamos, tambi\u00e9n revisaremos la fecha de &#8220;\u00faltima actualizaci\u00f3n&#8221; en la parte superior de la declaraci\u00f3n de privacidad. Para cambios sustanciales a esta declaraci\u00f3n, languagesworldacademy.com \u00a0le notificar\u00e1 al colocar un aviso prominente en el sitio web.<\/p>\n<p><strong>T\u00e9rminos y Condiciones<\/strong><br \/>Para fines de seguridad del sitio, as\u00ed como para garantizar que este servicio permanezca disponible para todos los usuarios, utilizamos programas de software para monitorear el tr\u00e1fico e identificar intentos no autorizados de cargar o cambiar informaci\u00f3n o causar da\u00f1os. En el caso de investigaciones de aplicaci\u00f3n de la ley autorizadas y de acuerdo con cualquier proceso legal requerido, la informaci\u00f3n de estas fuentes puede usarse para ayudar a identificar a una persona.<\/p>\n<p><strong>Contenido<\/strong><br \/>languagesworldacademy.com \u00a0se reserva el derecho de no ser responsable de la actualidad, exactitud, integridad o calidad de la informaci\u00f3n proporcionada. Por lo tanto, las reclamaciones de responsabilidad por da\u00f1os causados ??por el uso de cualquier informaci\u00f3n proporcionada, incluyendo cualquier tipo de informaci\u00f3n que sea incompleta o incorrecta, ser\u00e1n rechazadas.<br \/>Todas las ofertas son sin compromiso y sin compromiso. Languagesworldacademy.com \u00a0puede ampliar, modificar o eliminar parcial o totalmente partes de las p\u00e1ginas o la publicaci\u00f3n completa, sin previo aviso por separado.<\/p>\n<p><strong>Referencias y enlaces<\/strong><br \/>languagesworldacademy.com \u00a0no es responsable de los contenidos vinculados o referidos desde sus p\u00e1ginas, a menos que tenga pleno conocimiento de los contenidos ilegales y pueda evitar que los visitantes de su sitio visiten esas p\u00e1ginas. Si se produce alg\u00fan da\u00f1o por el uso de la informaci\u00f3n presentada all\u00ed, solo el autor de las p\u00e1ginas respectivas puede ser responsable, no el que haya vinculado a estas p\u00e1ginas. Adem\u00e1s, languagesworldacademy.com \u00a0no se hace responsable de las publicaciones o mensajes publicados por los usuarios de los foros de discusi\u00f3n, libros de visitas o listas de correo proporcionados en su p\u00e1gina.<\/p>\n<p><strong>Copyright<\/strong><br \/>languagesworldacademy.com \u00a0pretende no utilizar ning\u00fan material con derechos de autor para la publicaci\u00f3n o, si no es posible, para indicar los derechos de autor del objeto respectivo.<br \/>Los derechos de autor para cualquier material creado por languagesworldacademy.com \u00a0est\u00e1n reservados. No se permite la duplicaci\u00f3n o el uso de objetos como diagramas, sonidos o textos en otras publicaciones electr\u00f3nicas o impresas sin el consentimiento de languagesworldacademy.com .<\/p>\n<p><strong>Pol\u00edtica de privacidad<\/strong><br \/>Si se brinda la oportunidad de ingresar datos personales o de negocios (direcciones de correo electr\u00f3nico, nombres, direcciones), la entrada de estos datos se realizar\u00e1 de manera voluntaria. El uso y el pago de todos los servicios ofrecidos est\u00e1n permitidos, si es t\u00e9cnicamente posible y hasta el momento, sin especificaci\u00f3n de ning\u00fan dato personal o bajo especificaci\u00f3n de datos an\u00f3nimos o un alias. Se proh\u00edbe el uso de direcciones postales publicadas, n\u00fameros de tel\u00e9fono o fax y direcciones de correo electr\u00f3nico con fines de comercializaci\u00f3n, y los infractores que env\u00eden mensajes de spam no deseados ser\u00e1n castigados.<\/p>\n<p><strong>Validez legal de este aviso legal.<\/strong><br \/>Esta renuncia debe ser considerada como parte de la publicaci\u00f3n en internet que usted se refiere. Si las secciones o t\u00e9rminos individuales de esta declaraci\u00f3n no son legales o correctos, el contenido o validez de las otras partes se quedan no influenciado por este hecho.<\/p>\n[\/vc_column_text][\/vc_column][\/vc_row]\n","protected":false},"excerpt":{"rendered":"[vc_row][vc_column][vc_column_text] Pol\u00edtica de privacidad TRATAMIENTO DE DATOS DE CAR\u00c1CTER PERSONAL. RESPONSABLE:\u00a0 LANGUAGES WORLD ACADEMY.USt. ID: 67 694 205 314DIRECCI\u00d3N POSTAL: Feldbergstr. 8B, 61440 Oberursel Ts.Tel\u00e9fono: (+49) 06171 978254 correo electr\u00f3nico: lwaoberursel@gmail.com Su privacidad es fundamental para nosotros. Del mismo modo, hemos creado esta Pol\u00edtica con el objetivo final en el que debe ver c\u00f3mo recopilamos, [&#8230;]\n","protected":false},"author":2,"featured_media":0,"parent":0,"menu_order":0,"comment_status":"closed","ping_status":"closed","template":"","meta":{"footnotes":""},"class_list":["post-1407","page","type-page","status-publish","hentry"],"_links":{"self":[{"href":"https:\/\/languagesworldacademy.com\/es\/wp-json\/wp\/v2\/pages\/1407","targetHints":{"allow":["GET"]}}],"collection":[{"href":"https:\/\/languagesworldacademy.com\/es\/wp-json\/wp\/v2\/pages"}],"about":[{"href":"https:\/\/languagesworldacademy.com\/es\/wp-json\/wp\/v2\/types\/page"}],"author":[{"embeddable":true,"href":"https:\/\/languagesworldacademy.com\/es\/wp-json\/wp\/v2\/users\/2"}],"replies":[{"embeddable":true,"href":"https:\/\/languagesworldacademy.com\/es\/wp-json\/wp\/v2\/comments?post=1407"}],"version-history":[{"count":15,"href":"https:\/\/languagesworldacademy.com\/es\/wp-json\/wp\/v2\/pages\/1407\/revisions"}],"predecessor-version":[{"id":1546,"href":"https:\/\/languagesworldacademy.com\/es\/wp-json\/wp\/v2\/pages\/1407\/revisions\/1546"}],"wp:attachment":[{"href":"https:\/\/languagesworldacademy.com\/es\/wp-json\/wp\/v2\/media?parent=1407"}],"curies":[{"name":"wp","href":"https:\/\/api.w.org\/{rel}","templated":true}]}}