{"id":1421,"date":"2019-03-24T04:03:22","date_gmt":"2019-03-24T03:03:22","guid":{"rendered":"http:\/\/languagesworldacademy.com\/?page_id=1421"},"modified":"2019-03-24T04:03:22","modified_gmt":"2019-03-24T03:03:22","slug":"responsabilidad-por-nuestros-servicios","status":"publish","type":"page","link":"https:\/\/languagesworldacademy.com\/es\/responsabilidad-por-nuestros-servicios\/","title":{"rendered":"Responsabilidad por nuestros Servicios"},"content":{"rendered":"<h2>Responsabilidad por nuestros Servicios<\/h2>\n<p><em>\u00daltima actualizaci\u00f3n: 24 de marzo de 2019<\/em><\/p>\n<p>La informaci\u00f3n contenida en el sitio web https:\/\/languagesworldacademy.com (el &#8220;Servicio&#8221;) es solo para fines de informaci\u00f3n general.<\/p>\n<p>Language World Academy no asume ninguna responsabilidad por errores u omisiones en los contenidos del Servicio.<\/p>\n<p>En ning\u00fan caso, Language World Academy ser\u00e1 responsable por da\u00f1os especiales, directos, indirectos, emergentes o incidentales, o por cualquier da\u00f1o, ya sea en una acci\u00f3n de contrato, negligencia u otro agravio, que surja de o est\u00e9 relacionado con el uso de la Servicio o los contenidos del Servicio. Language World Academy se reserva el derecho de realizar adiciones, eliminaciones o modificaciones en los contenidos del Servicio en cualquier momento sin previo aviso.<\/p>\n<p>Language World Academy no garantiza que el sitio web est\u00e9 libre de virus u otros componentes da\u00f1inos.<\/p>\n","protected":false},"excerpt":{"rendered":"<p>Responsabilidad por nuestros Servicios \u00daltima actualizaci\u00f3n: 24 de marzo de 2019 La informaci\u00f3n contenida en el sitio web https:\/\/languagesworldacademy.com (el &#8220;Servicio&#8221;) es solo para fines de informaci\u00f3n general. Language World Academy no asume ninguna responsabilidad por errores u omisiones en los contenidos del Servicio. En ning\u00fan caso, Language World Academy ser\u00e1 responsable por da\u00f1os especiales, [&#8230;]\n","protected":false},"author":2,"featured_media":0,"parent":0,"menu_order":0,"comment_status":"closed","ping_status":"closed","template":"","meta":{"footnotes":""},"class_list":["post-1421","page","type-page","status-publish","hentry"],"_links":{"self":[{"href":"https:\/\/languagesworldacademy.com\/es\/wp-json\/wp\/v2\/pages\/1421","targetHints":{"allow":["GET"]}}],"collection":[{"href":"https:\/\/languagesworldacademy.com\/es\/wp-json\/wp\/v2\/pages"}],"about":[{"href":"https:\/\/languagesworldacademy.com\/es\/wp-json\/wp\/v2\/types\/page"}],"author":[{"embeddable":true,"href":"https:\/\/languagesworldacademy.com\/es\/wp-json\/wp\/v2\/users\/2"}],"replies":[{"embeddable":true,"href":"https:\/\/languagesworldacademy.com\/es\/wp-json\/wp\/v2\/comments?post=1421"}],"version-history":[{"count":1,"href":"https:\/\/languagesworldacademy.com\/es\/wp-json\/wp\/v2\/pages\/1421\/revisions"}],"predecessor-version":[{"id":1422,"href":"https:\/\/languagesworldacademy.com\/es\/wp-json\/wp\/v2\/pages\/1421\/revisions\/1422"}],"wp:attachment":[{"href":"https:\/\/languagesworldacademy.com\/es\/wp-json\/wp\/v2\/media?parent=1421"}],"curies":[{"name":"wp","href":"https:\/\/api.w.org\/{rel}","templated":true}]}}