{"id":23,"date":"2017-06-25T17:49:09","date_gmt":"2017-06-25T15:49:09","guid":{"rendered":"http:\/\/languagesworldacademy.com\/?page_id=23"},"modified":"2026-02-10T18:46:45","modified_gmt":"2026-02-10T17:46:45","slug":"kontat","status":"publish","type":"page","link":"https:\/\/languagesworldacademy.com\/es\/kontat\/","title":{"rendered":"Contacto"},"content":{"rendered":"[vc_row][vc_column width=&#8221;1\/2&#8243;][vc_column_text]<img loading=\"lazy\" decoding=\"async\" class=\"alignnone wp-image-2737\" src=\"https:\/\/languagesworldacademy.com\/wp-content\/uploads\/2025\/04\/20250105_142125-2-307x400.jpg\" alt=\"\" width=\"764\" height=\"996\" srcset=\"https:\/\/languagesworldacademy.com\/wp-content\/uploads\/2025\/04\/20250105_142125-2-307x400.jpg 307w, https:\/\/languagesworldacademy.com\/wp-content\/uploads\/2025\/04\/20250105_142125-2-768x1000.jpg 768w, https:\/\/languagesworldacademy.com\/wp-content\/uploads\/2025\/04\/20250105_142125-2.jpg 1080w\" sizes=\"auto, (max-width: 764px) 100vw, 764px\" \/><\/p>\n<table border=\"0\">\n<tbody>\n<tr>\n<td>Email:<\/td>\n<td>info@languagesworldacademy.com<\/td>\n<\/tr>\n<tr>\n<td>Sylvia Navarrete de Brendel<\/td>\n<td>lwaoberursel@gmail.com<\/td>\n<\/tr>\n<tr>\n<td>Tel.<\/td>\n<td>(+49) 06171 978254<\/td>\n<\/tr>\n<tr>\n<td>Mobil:<\/td>\n<td>(+49) 01746 555322<\/td>\n<\/tr>\n<tr>\n<td><\/td>\n<td><\/td>\n<\/tr>\n<\/tbody>\n<\/table>\n<h2><strong>Estaremos encantados de asesorarte personalmente y sin compromiso sobre el curso de idiomas que m\u00e1s te conviene. Te podr\u00edas informar por tel\u00e9fono, por correo electr\u00f3nico o si deseas venir personalmente, solo con previa cita.<\/strong><\/h2>\n[\/vc_column_text][\/vc_column][\/vc_row][vc_row][vc_column width=&#8221;1\/2&#8243;][vc_column_text]<strong>Contacto<\/strong><\/p>\n<p><strong>Sylvia\u00a0 Navarrete de Brendel<\/strong><\/p>\n<p><strong>Sprachschule Languages World Academy<\/strong><\/p>\n<p><strong>Br\u00fcder-Grimm-Str. 9<\/strong><\/p>\n<p><strong>61440 Oberursel Ts.<\/strong><\/p>\n<p>&nbsp;<\/p>\n<p>&nbsp;[\/vc_column_text][\/vc_column][vc_column width=&#8221;1\/2&#8243;][vc_separator]\n<div class=\"wpcf7 no-js\" id=\"wpcf7-f294-o1\" lang=\"de-DE\" dir=\"ltr\" data-wpcf7-id=\"294\">\n<div class=\"screen-reader-response\"><p role=\"status\" aria-live=\"polite\" aria-atomic=\"true\"><\/p> <ul><\/ul><\/div>\n<form action=\"\/es\/wp-json\/wp\/v2\/pages\/23#wpcf7-f294-o1\" method=\"post\" class=\"wpcf7-form init\" aria-label=\"Contact form\" novalidate=\"novalidate\" data-status=\"init\">\n<fieldset class=\"hidden-fields-container\"><input type=\"hidden\" name=\"_wpcf7\" value=\"294\" \/><input type=\"hidden\" name=\"_wpcf7_version\" value=\"6.1.5\" \/><input type=\"hidden\" name=\"_wpcf7_locale\" value=\"de_DE\" \/><input type=\"hidden\" name=\"_wpcf7_unit_tag\" value=\"wpcf7-f294-o1\" \/><input type=\"hidden\" name=\"_wpcf7_container_post\" value=\"0\" \/><input type=\"hidden\" name=\"_wpcf7_posted_data_hash\" value=\"\" \/>\n<\/fieldset>\n<p><label> Nombres (*)<br \/>\n<span class=\"wpcf7-form-control-wrap\" data-name=\"your-name\"><input size=\"40\" maxlength=\"400\" class=\"wpcf7-form-control wpcf7-text wpcf7-validates-as-required\" aria-required=\"true\" aria-invalid=\"false\" value=\"\" type=\"text\" name=\"your-name\" \/><\/span> <\/label>\n<\/p>\n<p><label> E-mail (*)<br \/>\n<span class=\"wpcf7-form-control-wrap\" data-name=\"your-email\"><input size=\"40\" maxlength=\"400\" class=\"wpcf7-form-control wpcf7-email wpcf7-validates-as-required wpcf7-text wpcf7-validates-as-email\" aria-required=\"true\" aria-invalid=\"false\" value=\"\" type=\"email\" name=\"your-email\" \/><\/span> <\/label>\n<\/p>\n<p><label> Asunto<br \/>\n<span class=\"wpcf7-form-control-wrap\" data-name=\"your-subject\"><input size=\"40\" maxlength=\"400\" class=\"wpcf7-form-control wpcf7-text\" aria-invalid=\"false\" value=\"\" type=\"text\" name=\"your-subject\" \/><\/span> <\/label>\n<\/p>\n<p><label> Comentario<br \/>\n<span class=\"wpcf7-form-control-wrap\" data-name=\"your-message\"><textarea cols=\"40\" rows=\"10\" maxlength=\"2000\" class=\"wpcf7-form-control wpcf7-textarea\" aria-invalid=\"false\" name=\"your-message\"><\/textarea><\/span> <\/label>\n<\/p>\n<p><span class=\"wpcf7-form-control-wrap\" data-name=\"acceptance-867\"><span class=\"wpcf7-form-control wpcf7-acceptance optional\"><span class=\"wpcf7-list-item\"><label><input type=\"checkbox\" name=\"acceptance-867\" value=\"1\" aria-invalid=\"false\" \/><span class=\"wpcf7-list-item-label\">Doy mi consentimiento para que Language World Academy recopile mi informaci\u00f3n personal de acuerdo con su <a href=\"\/es\/politica-de-privacidad\/\">Pol\u00edtica de privacidad y los T\u00e9rminos de uso<\/a>.<\/span><\/label><\/span><\/span><\/span>\n<\/p>\n<p><input class=\"wpcf7-form-control wpcf7-submit has-spinner\" type=\"submit\" value=\"Enviar\" \/>\n<\/p><div class=\"wpcf7-response-output\" aria-hidden=\"true\"><\/div>\n<\/form>\n<\/div>\n[\/vc_column][\/vc_row][vc_row][vc_column][\/vc_column][\/vc_row]\n","protected":false},"excerpt":{"rendered":"[vc_row][vc_column width=&#8221;1\/2&#8243;][vc_column_text] Email: info@languagesworldacademy.com Sylvia Navarrete de Brendel lwaoberursel@gmail.com Tel. (+49) 06171 978254 Mobil: (+49) 01746 555322 Estaremos encantados de asesorarte personalmente y sin compromiso sobre el curso de idiomas que m\u00e1s te conviene. Te podr\u00edas informar por tel\u00e9fono, por correo electr\u00f3nico o si deseas venir personalmente, solo con previa cita. [\/vc_column_text][\/vc_column][\/vc_row][vc_row][vc_column width=&#8221;1\/2&#8243;][vc_column_text]Contacto Sylvia\u00a0 Navarrete [&#8230;]\n","protected":false},"author":1,"featured_media":0,"parent":0,"menu_order":0,"comment_status":"closed","ping_status":"closed","template":"","meta":{"footnotes":""},"class_list":["post-23","page","type-page","status-publish","hentry"],"_links":{"self":[{"href":"https:\/\/languagesworldacademy.com\/es\/wp-json\/wp\/v2\/pages\/23","targetHints":{"allow":["GET"]}}],"collection":[{"href":"https:\/\/languagesworldacademy.com\/es\/wp-json\/wp\/v2\/pages"}],"about":[{"href":"https:\/\/languagesworldacademy.com\/es\/wp-json\/wp\/v2\/types\/page"}],"author":[{"embeddable":true,"href":"https:\/\/languagesworldacademy.com\/es\/wp-json\/wp\/v2\/users\/1"}],"replies":[{"embeddable":true,"href":"https:\/\/languagesworldacademy.com\/es\/wp-json\/wp\/v2\/comments?post=23"}],"version-history":[{"count":43,"href":"https:\/\/languagesworldacademy.com\/es\/wp-json\/wp\/v2\/pages\/23\/revisions"}],"predecessor-version":[{"id":3488,"href":"https:\/\/languagesworldacademy.com\/es\/wp-json\/wp\/v2\/pages\/23\/revisions\/3488"}],"wp:attachment":[{"href":"https:\/\/languagesworldacademy.com\/es\/wp-json\/wp\/v2\/media?parent=23"}],"curies":[{"name":"wp","href":"https:\/\/api.w.org\/{rel}","templated":true}]}}