{"id":292,"date":"2017-06-25T17:49:46","date_gmt":"2017-06-25T15:49:46","guid":{"rendered":"http:\/\/languagesworldacademy.com\/preis-und-zahlung\/"},"modified":"2018-04-24T18:24:35","modified_gmt":"2018-04-24T16:24:35","slug":"preis-und-zahlung","status":"publish","type":"page","link":"https:\/\/languagesworldacademy.com\/es\/preis-und-zahlung\/","title":{"rendered":"Precio y pago"},"content":{"rendered":"[vc_row][vc_column][vc_column_text]\n<h3>Precios y opciones de pago<\/h3>\n<p><img loading=\"lazy\" decoding=\"async\" class=\"size-full wp-image-716 alignleft\" style=\"color: #333333; font-size: 14.4px;\" src=\"http:\/\/languagesworldacademy.com\/wp-content\/uploads\/2017\/09\/pay-pal.jpg\" alt=\"\" width=\"166\" height=\"153\" \/><strong>PRECIOS<\/strong>: Le enviaremos una oferta individual a petici\u00f3n.<\/p>\n<p><strong>PAGO<\/strong>: se pueden transferir directamente a nuestra cuenta bancaria, pago mediante domiciliaci\u00f3n bancaria o pagar en efectivo.<\/p>\n<div class=\"wpb_column vc_column_container vc_col-sm-4\">\n<div class=\"vc_column-inner \">\n<div class=\"wpb_wrapper\">\n<div class=\"wpb_text_column wpb_content_element \">\n<div class=\"wpb_wrapper\">\n<form action=\"https:\/\/www.paypal.com\/cgi-bin\/webscr\" method=\"post\"><input name=\"cmd\" type=\"hidden\" value=\"_s-xclick\" \/> <input name=\"hosted_button_id\" type=\"hidden\" value=\"87X8HQHUD83H2\" \/><\/p>\n<p><input name=\"on0\" type=\"hidden\" value=\"kurse\" \/>Courses<input maxlength=\"200\" name=\"os0\" type=\"text\" \/><\/p>\n<div>\n<p><input alt=\"PayPal - The safer, easier way to pay online!\" name=\"submit\" src=\"https:\/\/www.paypalobjects.com\/en_US\/i\/btn\/btn_buynowCC_LG.gif\" type=\"image\" \/> <img loading=\"lazy\" decoding=\"async\" src=\"https:\/\/www.paypalobjects.com\/de_DE\/i\/scr\/pixel.gif\" width=\"1\" height=\"1\" border=\"0\" \/><\/p>\n<\/div>\n<\/form>\n<p>Aceptamos pagos a trav\u00e9s de PayPal, no necesita una cuenta de PayPal para usar el servicio de pago. Tambi\u00e9n puede transferir directamente a nuestra cuenta bancaria o un d\u00e9bito directo.<\/p>\n<\/div>\n<\/div>\n<\/div>\n<\/div>\n<\/div>\n[\/vc_column_text][\/vc_column][\/vc_row][vc_row][vc_column][\/vc_column][\/vc_row]\n","protected":false},"excerpt":{"rendered":"[vc_row][vc_column][vc_column_text] Precios y opciones de pago PRECIOS: Le enviaremos una oferta individual a petici\u00f3n. PAGO: se pueden transferir directamente a nuestra cuenta bancaria, pago mediante domiciliaci\u00f3n bancaria o pagar en efectivo. Courses Aceptamos pagos a trav\u00e9s de PayPal, no necesita una cuenta de PayPal para usar el servicio de pago. Tambi\u00e9n puede transferir directamente a [&#8230;]\n","protected":false},"author":1,"featured_media":0,"parent":0,"menu_order":0,"comment_status":"closed","ping_status":"closed","template":"","meta":{"footnotes":""},"class_list":["post-292","page","type-page","status-publish","hentry"],"_links":{"self":[{"href":"https:\/\/languagesworldacademy.com\/es\/wp-json\/wp\/v2\/pages\/292","targetHints":{"allow":["GET"]}}],"collection":[{"href":"https:\/\/languagesworldacademy.com\/es\/wp-json\/wp\/v2\/pages"}],"about":[{"href":"https:\/\/languagesworldacademy.com\/es\/wp-json\/wp\/v2\/types\/page"}],"author":[{"embeddable":true,"href":"https:\/\/languagesworldacademy.com\/es\/wp-json\/wp\/v2\/users\/1"}],"replies":[{"embeddable":true,"href":"https:\/\/languagesworldacademy.com\/es\/wp-json\/wp\/v2\/comments?post=292"}],"version-history":[{"count":5,"href":"https:\/\/languagesworldacademy.com\/es\/wp-json\/wp\/v2\/pages\/292\/revisions"}],"predecessor-version":[{"id":1355,"href":"https:\/\/languagesworldacademy.com\/es\/wp-json\/wp\/v2\/pages\/292\/revisions\/1355"}],"wp:attachment":[{"href":"https:\/\/languagesworldacademy.com\/es\/wp-json\/wp\/v2\/media?parent=292"}],"curies":[{"name":"wp","href":"https:\/\/api.w.org\/{rel}","templated":true}]}}