{"id":310,"date":"2017-07-31T20:06:26","date_gmt":"2017-07-31T18:06:26","guid":{"rendered":"http:\/\/languagesworldacademy.com\/online-kurse\/"},"modified":"2021-10-07T17:24:27","modified_gmt":"2021-10-07T15:24:27","slug":"online-kurse","status":"publish","type":"page","link":"https:\/\/languagesworldacademy.com\/es\/online-kurse\/","title":{"rendered":"Cursos Online"},"content":{"rendered":"[vc_row][vc_column][vc_column_text]\n<p align=\"center\"><img loading=\"lazy\" decoding=\"async\" class=\"size-full wp-image-303 alignleft\" src=\"http:\/\/languagesworldacademy.com\/wp-content\/uploads\/2017\/07\/on-line1.png\" alt=\"\" width=\"148\" height=\"130\" \/>&#8220;Alem\u00e1n, ingl\u00e9s, espa\u00f1ol, franc\u00e9s y otras lenguas extranjeras&#8221;<\/p>\n<p>Languages World Academy Aula virtual te ofrece la facilidad de aprender un idioma de una manera interactiva y moderna a trav\u00e9s de una plataforma en internet con profesores de lengua nativa, son cursos en vivo donde te puedes capacitar seg\u00fan tus necesidades, en cursos individuales o en grupos. Tenemos diferentes m\u00f3dulos que se pueden combinar. El alumno en su sala de estudio se comunica con el grupo y con el tutor, existen chat con webcam, foros, tabl\u00f3n de anuncios y calendario. Disponemos de material did\u00e1ctico que el tutor pone a disposici\u00f3n de los alumnos seg\u00fan las necesidades concretas planteadas por los estudiantes. Si tienes inter\u00e9s en este tipo de cursos te damos la opci\u00f3n a un tiempo determinado de prueba gratis. Cont\u00e1ctanos te informaremos de nuestros precios.<\/p>\n<p>&nbsp;[\/vc_column_text][\/vc_column][\/vc_row][vc_row][vc_column][vc_single_image image=&#8221;1564&#8243; img_size=&#8221;full&#8221;][\/vc_column][\/vc_row]\n","protected":false},"excerpt":{"rendered":"[vc_row][vc_column][vc_column_text] &#8220;Alem\u00e1n, ingl\u00e9s, espa\u00f1ol, franc\u00e9s y otras lenguas extranjeras&#8221; Languages World Academy Aula virtual te ofrece la facilidad de aprender un idioma de una manera interactiva y moderna a trav\u00e9s de una plataforma en internet con profesores de lengua nativa, son cursos en vivo donde te puedes capacitar seg\u00fan tus necesidades, en cursos individuales o [&#8230;]\n","protected":false},"author":2,"featured_media":0,"parent":0,"menu_order":0,"comment_status":"closed","ping_status":"closed","template":"","meta":{"footnotes":""},"class_list":["post-310","page","type-page","status-publish","hentry"],"_links":{"self":[{"href":"https:\/\/languagesworldacademy.com\/es\/wp-json\/wp\/v2\/pages\/310","targetHints":{"allow":["GET"]}}],"collection":[{"href":"https:\/\/languagesworldacademy.com\/es\/wp-json\/wp\/v2\/pages"}],"about":[{"href":"https:\/\/languagesworldacademy.com\/es\/wp-json\/wp\/v2\/types\/page"}],"author":[{"embeddable":true,"href":"https:\/\/languagesworldacademy.com\/es\/wp-json\/wp\/v2\/users\/2"}],"replies":[{"embeddable":true,"href":"https:\/\/languagesworldacademy.com\/es\/wp-json\/wp\/v2\/comments?post=310"}],"version-history":[{"count":5,"href":"https:\/\/languagesworldacademy.com\/es\/wp-json\/wp\/v2\/pages\/310\/revisions"}],"predecessor-version":[{"id":1568,"href":"https:\/\/languagesworldacademy.com\/es\/wp-json\/wp\/v2\/pages\/310\/revisions\/1568"}],"wp:attachment":[{"href":"https:\/\/languagesworldacademy.com\/es\/wp-json\/wp\/v2\/media?parent=310"}],"curies":[{"name":"wp","href":"https:\/\/api.w.org\/{rel}","templated":true}]}}