{"id":317,"date":"2017-07-31T23:13:32","date_gmt":"2017-07-31T21:13:32","guid":{"rendered":"http:\/\/languagesworldacademy.com\/?page_id=317\/"},"modified":"2018-03-26T19:57:50","modified_gmt":"2018-03-26T17:57:50","slug":"sprachangebot","status":"publish","type":"page","link":"https:\/\/languagesworldacademy.com\/es\/sprachangebot\/","title":{"rendered":"Idiomas"},"content":{"rendered":"[vc_row][vc_column][vc_column_text]\n<h1 class=\"double_right_h1\">Oferta ling\u00fcistica<\/h1>\n<p>Ofrecemos diferentes tipos de m\u00f3dulos en cada idioma, nuestros profesores nativos de lenguas extrajeras poseen una alta cualificacion pedag\u00f3gica y muchos anos de experiencia y no s\u00f3lo te ensenar\u00e1n el idioma de tu elecci\u00f3n de una manera interactiva y responsable sino tambi\u00e9n las costumbres y la cultura del pa\u00eds en el que se habla este idioma. Contamos con los materiales y metodolog\u00eda m\u00e1s modernos para ense\u00f1ar idiomas extrajeros. Si deseas prepararte para alg\u00fan examen o diploma te ofrecemos muchas posibilidades y muchos materiales que pondremos a tu disposici\u00f3n. Si quiere salir de vacaciones te ofreceremos modelos aut\u00e9nticos ajustados a tus vacaciones, si quieres asistir a una Feria Internacional, si necesitas escribir e-mails y cartas en tu trabajo, hablar por tel\u00e9fono con clientes de otros pa\u00edses y en general toda orientaci\u00f3n y perfeccionamiento profesional en el mundo de los negocios. Cont\u00e1ctanos te informaremos con mucho gusto.[\/vc_column_text][\/vc_column][\/vc_row][vc_row][vc_column width=&#8221;1\/2&#8243;][vc_column_text]\n<h3>Cursos de:<\/h3>\n<p>&#8211; Alem\u00e1n para el trabajo y la vida cotidiana en Oberursel<br \/>\n&#8211; Alem\u00e1n (info)<br \/>\n&#8211; Espa\u00f1ol en Oberursel<br \/>\n&#8211; Espa\u00f1ol en Espa\u00f1a y Latinoam\u00e9rica<br \/>\n&#8211; Portugu\u00e9s en Oberursel<br \/>\n&#8211; Ingl\u00e9s para los negocios en Oberursel<br \/>\n&#8211; Franc\u00e9s en Oberursel<\/p>\n<p>y muchos idiomas m\u00e1s seg\u00fan tus necesidades.[\/vc_column_text][vc_column_text]\n<ul>\n<li class=\"est\">Italiano<\/li>\n<li class=\"est\">Ruso<\/li>\n<li class=\"est\">Sueco<\/li>\n<li class=\"est\">Chino<\/li>\n<li class=\"est\">Japon\u00e9s<\/li>\n<li class=\"est\">Y otros idiomas seg\u00fan tu necesidad.<\/li>\n<\/ul>\n<p>&nbsp;<\/p>\n[\/vc_column_text][\/vc_column][vc_column width=&#8221;1\/2&#8243;][vc_column_text]En todos estos cursos se aprenden y practican las siguientes destrezas:<\/p>\n<ul>\n<li class=\"est\">Comprensi\u00f3n auditiva<\/li>\n<li class=\"est\">Comprensi\u00f3n de lectura<\/li>\n<li class=\"est\">Interacci\u00f3n oral<\/li>\n<li class=\"est\">Expresi\u00f3n oral<\/li>\n<li class=\"est\">Escritura<\/li>\n<\/ul>\n<p>Ejercitando los aspectos gramaticales, l\u00e9xicos, fon\u00e9ticos y ortogr\u00e1ficos de los diferentes idiomas.<\/p>\n<p>Todos los estudiantes recibir\u00e1n despu\u00e9s de terminar su curso un certificado.[\/vc_column_text][\/vc_column][\/vc_row][vc_row][vc_column][vc_column_text]<strong>NIVELES<\/strong><\/p>\n<p><img loading=\"lazy\" decoding=\"async\" class=\"size-full wp-image-76 aligncenter\" src=\"http:\/\/languagesworldacademy.com\/wp-content\/uploads\/2017\/06\/niveles.jpg\" alt=\"\" width=\"693\" height=\"213\" srcset=\"https:\/\/languagesworldacademy.com\/wp-content\/uploads\/2017\/06\/niveles.jpg 693w, https:\/\/languagesworldacademy.com\/wp-content\/uploads\/2017\/06\/niveles-300x92.jpg 300w\" sizes=\"auto, (max-width: 693px) 100vw, 693px\" \/>Los cursos los hemos dise\u00f1ado para tu f\u00e1cil adaptaci\u00f3n, de acuerdo a los diferentes estilos y ritmos de aprendizaje as\u00ed como tambi\u00e9n a las diferentes necesidades de todos los alumnos.<br \/>\nEl Marco Com\u00fan Europeo de Referencia facilita a los usuarios en gran medida la comprensibilidad de la informaci\u00f3n presentando una tabla de escala global para los seis niveles.[\/vc_column_text][\/vc_column][\/vc_row]\n","protected":false},"excerpt":{"rendered":"[vc_row][vc_column][vc_column_text] Oferta ling\u00fcistica Ofrecemos diferentes tipos de m\u00f3dulos en cada idioma, nuestros profesores nativos de lenguas extrajeras poseen una alta cualificacion pedag\u00f3gica y muchos anos de experiencia y no s\u00f3lo te ensenar\u00e1n el idioma de tu elecci\u00f3n de una manera interactiva y responsable sino tambi\u00e9n las costumbres y la cultura del pa\u00eds en el que [&#8230;]\n","protected":false},"author":2,"featured_media":0,"parent":0,"menu_order":0,"comment_status":"closed","ping_status":"closed","template":"","meta":{"footnotes":""},"class_list":["post-317","page","type-page","status-publish","hentry"],"_links":{"self":[{"href":"https:\/\/languagesworldacademy.com\/es\/wp-json\/wp\/v2\/pages\/317","targetHints":{"allow":["GET"]}}],"collection":[{"href":"https:\/\/languagesworldacademy.com\/es\/wp-json\/wp\/v2\/pages"}],"about":[{"href":"https:\/\/languagesworldacademy.com\/es\/wp-json\/wp\/v2\/types\/page"}],"author":[{"embeddable":true,"href":"https:\/\/languagesworldacademy.com\/es\/wp-json\/wp\/v2\/users\/2"}],"replies":[{"embeddable":true,"href":"https:\/\/languagesworldacademy.com\/es\/wp-json\/wp\/v2\/comments?post=317"}],"version-history":[{"count":14,"href":"https:\/\/languagesworldacademy.com\/es\/wp-json\/wp\/v2\/pages\/317\/revisions"}],"predecessor-version":[{"id":1317,"href":"https:\/\/languagesworldacademy.com\/es\/wp-json\/wp\/v2\/pages\/317\/revisions\/1317"}],"wp:attachment":[{"href":"https:\/\/languagesworldacademy.com\/es\/wp-json\/wp\/v2\/media?parent=317"}],"curies":[{"name":"wp","href":"https:\/\/api.w.org\/{rel}","templated":true}]}}