{"id":338,"date":"2017-08-14T16:50:46","date_gmt":"2017-08-14T14:50:46","guid":{"rendered":"http:\/\/languagesworldacademy.com\/?page_id=338\/"},"modified":"2018-04-18T16:18:50","modified_gmt":"2018-04-18T14:18:50","slug":"login","status":"publish","type":"page","link":"https:\/\/languagesworldacademy.com\/es\/login\/","title":{"rendered":"Pruebas de Nivel"},"content":{"rendered":"[vc_row][vc_column width=&#8221;2\/3&#8243;][vc_column_text]<strong>LAS PRUEBAS DE NIVEL SON FACILMENTE PROPORCIONADAS POR ERNST KLETT VERLAG<\/strong><\/p>\n<p>&nbsp;<\/p>\n\n<div class=\"wpcf7 no-js\" id=\"wpcf7-f1350-o1\" lang=\"de-DE\" dir=\"ltr\" data-wpcf7-id=\"1350\">\n<div class=\"screen-reader-response\"><p role=\"status\" aria-live=\"polite\" aria-atomic=\"true\"><\/p> <ul><\/ul><\/div>\n<form action=\"\/es\/wp-json\/wp\/v2\/pages\/338#wpcf7-f1350-o1\" method=\"post\" class=\"wpcf7-form init\" aria-label=\"Contact form\" novalidate=\"novalidate\" data-status=\"init\">\n<fieldset class=\"hidden-fields-container\"><input type=\"hidden\" name=\"_wpcf7\" value=\"1350\" \/><input type=\"hidden\" name=\"_wpcf7_version\" value=\"6.1.5\" \/><input type=\"hidden\" name=\"_wpcf7_locale\" value=\"de_DE\" \/><input type=\"hidden\" name=\"_wpcf7_unit_tag\" value=\"wpcf7-f1350-o1\" \/><input type=\"hidden\" name=\"_wpcf7_container_post\" value=\"0\" \/><input type=\"hidden\" name=\"_wpcf7_posted_data_hash\" value=\"\" \/>\n<\/fieldset>\n<p><label> Su Nombre (requerido)<br \/>\n<span class=\"wpcf7-form-control-wrap\" data-name=\"your-name\"><input size=\"40\" maxlength=\"400\" class=\"wpcf7-form-control wpcf7-text wpcf7-validates-as-required\" aria-required=\"true\" aria-invalid=\"false\" value=\"\" type=\"text\" name=\"your-name\" \/><\/span> <\/label>\n<\/p>\n<p><label> Su Email (requerido)<br \/>\n<span class=\"wpcf7-form-control-wrap\" data-name=\"your-email\"><input size=\"40\" maxlength=\"400\" class=\"wpcf7-form-control wpcf7-email wpcf7-validates-as-required wpcf7-text wpcf7-validates-as-email\" aria-required=\"true\" aria-invalid=\"false\" value=\"\" type=\"email\" name=\"your-email\" \/><\/span> <\/label><br \/>\n<label>Idioma <\/label><br \/>\n<span class=\"wpcf7-form-control-wrap\" data-name=\"menu-576\"><select class=\"wpcf7-form-control wpcf7-select wpcf7-validates-as-required\" aria-required=\"true\" aria-invalid=\"false\" name=\"menu-576\"><option value=\"Deutsch\">Deutsch<\/option><option value=\"English\">English<\/option><option value=\"Espa\u00f1ol\">Espa\u00f1ol<\/option><\/select><\/span>\n<\/p>\n<p><span class=\"wpcf7-form-control-wrap\" data-name=\"checkbox-200\"><span class=\"wpcf7-form-control wpcf7-checkbox\"><span class=\"wpcf7-list-item first last\"><label><input type=\"checkbox\" name=\"checkbox-200[]\" value=\"Aceptar T\u00e9rminos y Condiciones\" \/><span class=\"wpcf7-list-item-label\">Aceptar T\u00e9rminos y Condiciones<\/span><\/label><\/span><\/span><\/span>\n<\/p>\n<div class=\"small\">\n\t<p>Doy mi consentimiento para que Language World Academy recopile mi informaci\u00f3n personal de acuerdo con su <a href=\"\/es\/privacy-policy\/\">Pol\u00edtica de privacidad y los T\u00e9rminos de uso<\/a>\n\t<\/p>\n<\/div>\n<p>[recaptcha]\n<\/p>\n<p><input class=\"wpcf7-form-control wpcf7-submit has-spinner\" type=\"submit\" value=\"Envia\" \/>\n<\/p><div class=\"wpcf7-response-output\" aria-hidden=\"true\"><\/div>\n<\/form>\n<\/div>\n\n<p>&nbsp;<\/p>\n<p><strong>Prueba de nivel en l\u00ednea<\/strong><\/p>\n<p>Lo que ya est\u00e1 all\u00ed, d\u00f3nde est\u00e1s estancado, \u00bfd\u00f3nde todav\u00eda hay lagunas? Lo descubriremos.[\/vc_column_text][\/vc_column][vc_column width=&#8221;1\/3&#8243;][vc_empty_space][vc_column_text]<img loading=\"lazy\" decoding=\"async\" class=\"wp-image-969 aligncenter\" src=\"http:\/\/languagesworldacademy.com\/wp-content\/uploads\/2018\/01\/logo-klet.jpg\" alt=\"\" width=\"202\" height=\"110\" \/><\/p>\n[\/vc_column_text][vc_empty_space][vc_column_text]\n<div class=\"wpb_text_column wpb_content_element \">\n<div class=\"wpb_wrapper\">\n<p><img loading=\"lazy\" decoding=\"async\" class=\" wp-image-971 aligncenter\" src=\"http:\/\/languagesworldacademy.com\/wp-content\/uploads\/2018\/01\/logo-telc.jpg\" alt=\"\" width=\"201\" height=\"109\" \/><\/p>\n<\/div>\n<\/div>\n[\/vc_column_text][\/vc_column][\/vc_row]\n","protected":false},"excerpt":{"rendered":"[vc_row][vc_column width=&#8221;2\/3&#8243;][vc_column_text]LAS PRUEBAS DE NIVEL SON FACILMENTE PROPORCIONADAS POR ERNST KLETT VERLAG &nbsp; &nbsp; Prueba de nivel en l\u00ednea Lo que ya est\u00e1 all\u00ed, d\u00f3nde est\u00e1s estancado, \u00bfd\u00f3nde todav\u00eda hay lagunas? Lo descubriremos.[\/vc_column_text][\/vc_column][vc_column width=&#8221;1\/3&#8243;][vc_empty_space][vc_column_text] [\/vc_column_text][vc_empty_space][vc_column_text] [\/vc_column_text][\/vc_column][\/vc_row]\n","protected":false},"author":2,"featured_media":0,"parent":0,"menu_order":0,"comment_status":"closed","ping_status":"closed","template":"","meta":{"footnotes":""},"class_list":["post-338","page","type-page","status-publish","hentry"],"_links":{"self":[{"href":"https:\/\/languagesworldacademy.com\/es\/wp-json\/wp\/v2\/pages\/338","targetHints":{"allow":["GET"]}}],"collection":[{"href":"https:\/\/languagesworldacademy.com\/es\/wp-json\/wp\/v2\/pages"}],"about":[{"href":"https:\/\/languagesworldacademy.com\/es\/wp-json\/wp\/v2\/types\/page"}],"author":[{"embeddable":true,"href":"https:\/\/languagesworldacademy.com\/es\/wp-json\/wp\/v2\/users\/2"}],"replies":[{"embeddable":true,"href":"https:\/\/languagesworldacademy.com\/es\/wp-json\/wp\/v2\/comments?post=338"}],"version-history":[{"count":12,"href":"https:\/\/languagesworldacademy.com\/es\/wp-json\/wp\/v2\/pages\/338\/revisions"}],"predecessor-version":[{"id":1353,"href":"https:\/\/languagesworldacademy.com\/es\/wp-json\/wp\/v2\/pages\/338\/revisions\/1353"}],"wp:attachment":[{"href":"https:\/\/languagesworldacademy.com\/es\/wp-json\/wp\/v2\/media?parent=338"}],"curies":[{"name":"wp","href":"https:\/\/api.w.org\/{rel}","templated":true}]}}