{"id":463,"date":"2017-08-23T20:29:44","date_gmt":"2017-08-23T18:29:44","guid":{"rendered":"http:\/\/languagesworldacademy.com\/?page_id=463\/"},"modified":"2021-11-12T14:33:35","modified_gmt":"2021-11-12T13:33:35","slug":"testimonios","status":"publish","type":"page","link":"https:\/\/languagesworldacademy.com\/es\/testimonios\/","title":{"rendered":"Testimonios"},"content":{"rendered":"\n<div class=\"slider-wrapper relative\" id=\"slider-1971394293\" >\n    <div class=\"slider slider-nav-circle slider-nav-large slider-nav-dark slider-style-normal slider-show-nav\"\n        data-flickity-options='{\n            \"cellAlign\": \"center\",\n            \"imagesLoaded\": true,\n            \"lazyLoad\": 1,\n            \"freeScroll\": false,\n            \"wrapAround\": true,\n            \"autoPlay\": 6000,\n            \"pauseAutoPlayOnHover\" : true,\n            \"prevNextButtons\": true,\n            \"contain\" : true,\n            \"adaptiveHeight\" : true,\n            \"dragThreshold\" : 10,\n            \"percentPosition\": true,\n            \"pageDots\": true,\n            \"rightToLeft\": false,\n            \"draggable\": true,\n            \"selectedAttraction\": 0.1,\n            \"parallax\" : 0,\n            \"friction\": 0.6        }'\n        >\n        \n\n\n  <div class=\"banner has-hover\" id=\"banner-1585665276\">\n          <div class=\"banner-inner fill\">\n        <div class=\"banner-bg fill\" >\n            <div class=\"bg fill bg-fill \"><\/div>\n                        <div class=\"overlay\"><\/div>            \n                    <\/div>\n\t\t\n        <div class=\"banner-layers container\">\n            <div class=\"fill banner-link\"><\/div>            \n\n   <div id=\"text-box-1922491551\" class=\"text-box banner-layer x5 md-x5 lg-x5 y50 md-y50 lg-y50 res-text\">\n                                <div class=\"text-box-content text box-shadow-3\">\n              \n              <div class=\"text-inner text-left\">\n                  \n\n\t<div id=\"text-261691269\" class=\"text\">\n\t\t\n\n<h3>Franziska Schmidt<\/h3>\n<p>Hola Sra. Navarrete:<\/p>\n<p>Despu\u00e9s de haber tenido clases de espa\u00f1ol con usted durante unos 2 a\u00f1os, me gustar\u00eda darle\u00a0 algunos comentarios:\u00a0<\/p>\n<p>La calidad de las clases fue muy satisfactoria. Siempre ha conseguido que las lecciones sean\u00a0 entretenidas y variadas. Gracias a su clara pronunciaci\u00f3n, tu motivaci\u00f3n y energ\u00eda en cada lecci\u00f3n,\u00a0 incluso a altas horas de la noche, y sus muchas e interesantes historias de su bagaje cultural privado\u00a0 en conexi\u00f3n tem\u00e1tica con la materia tratada, siempre fue capaz de motivarme considerablemente\u00a0 para las lecciones &#8211; incluso por la noche despu\u00e9s de un largo y agotador d\u00eda de trabajo.\u00a0<\/p>\n<p>Me gustaron especialmente los debates abiertos sobre temas sociopol\u00edticos de actualidad, que\u00a0 fueron un interesante enriquecimiento al material del libro de texto.\u00a0<\/p>\n<p>Tambi\u00e9n debo destacar positivamente su flexibilidad con respecto al material de aprendizaje que se\u00a0 va a cubrir, teniendo en cuenta mis puntos fuertes, d\u00e9biles e intereses individuales.\u00a0<\/p>\n<p>La estructura orientada a objetivos y la organizaci\u00f3n eficaz de las clases me permitieron alcanzar un muy buen nivel del idioma en un tiempo relativamente corto y mejorarlo continuamente con cada\u00a0 lecci\u00f3n.\u00a0\u00a0<\/p>\n<p>Habiendo tenido ya clases de idiomas con varios profesores diferentes, aprecio la calidad\u00a0 relativamente alta de su ense\u00f1anza y estar\u00eda muy contento de continuar mis clases con usted.\u00a0<\/p>\n<p>Saludos cordiales,\u00a0<\/p>\n<p>Franziska Schmidt<\/p>\n\t\t\n<style>\n#text-261691269 {\n  line-height: 1.4;\n}\n<\/style>\n\t<\/div>\n\t\n\n              <\/div>\n           <\/div>\n                            \n<style>\n#text-box-1922491551 .text-box-content {\n  background-color: rgb(255, 255, 255);\n  font-size: 100%;\n}\n#text-box-1922491551 .text-inner {\n  padding: 30px 30px 30px 30px;\n}\n#text-box-1922491551 {\n  width: 60%;\n}\n@media (min-width:550px) {\n  #text-box-1922491551 {\n    width: 93%;\n  }\n}\n<\/style>\n    <\/div>\n \n\n        <\/div>\n      <\/div>\n\n            \n<style>\n#banner-1585665276 {\n  padding-top: 603px;\n  background-color: rgb(255, 255, 255);\n}\n#banner-1585665276 .overlay {\n  background-color: rgba(190, 190, 190, 0.2);\n}\n#banner-1585665276 .ux-shape-divider--top svg {\n  height: 150px;\n  --divider-top-width: 100%;\n}\n#banner-1585665276 .ux-shape-divider--bottom svg {\n  height: 150px;\n  --divider-width: 100%;\n}\n<\/style>\n  <\/div>\n\n\n\n  <div class=\"banner has-hover\" id=\"banner-167591994\">\n          <div class=\"banner-inner fill\">\n        <div class=\"banner-bg fill\" >\n            <div class=\"bg fill bg-fill \"><\/div>\n                        <div class=\"overlay\"><\/div>            \n                    <\/div>\n\t\t\n        <div class=\"banner-layers container\">\n            <div class=\"fill banner-link\"><\/div>            \n\n   <div id=\"text-box-1724745544\" class=\"text-box banner-layer x5 md-x5 lg-x5 y50 md-y50 lg-y50 res-text\">\n                                <div class=\"text-box-content text box-shadow-3\">\n              \n              <div class=\"text-inner text-left\">\n                  \n\n<h3>Christian Th\u00f6ne<\/h3>\n<p><img loading=\"lazy\" decoding=\"async\" class=\"size-full wp-image-138 alignleft\" src=\"http:\/\/languagesworldacademy.com\/wp-content\/uploads\/2017\/07\/imagen4.jpg\" alt=\"\" width=\"145\" height=\"147\" srcset=\"https:\/\/languagesworldacademy.com\/wp-content\/uploads\/2017\/07\/imagen4.jpg 145w, https:\/\/languagesworldacademy.com\/wp-content\/uploads\/2017\/07\/imagen4-85x85.jpg 85w, https:\/\/languagesworldacademy.com\/wp-content\/uploads\/2017\/07\/imagen4-50x50.jpg 50w\" sizes=\"auto, (max-width: 145px) 100vw, 145px\" \/>Debido a que yo como consultor de gesti\u00f3n y sin conocimientos previos de espa\u00f1ol no pod\u00eda participar en un curso que se llevaba a cabo regularmente me decid\u00ed por la opci\u00f3n de 3 \u00f3 4 veces al mes. Dentro de 3 a\u00f1os pude de esta manera lograr el nivel B1 del M.C.E.R. Junto con la gram\u00e1tica b\u00e1sica y un l\u00e9xico general hemos intercalado de una manera intensiva temas actuales de econom\u00eda, &#8220;Espa\u00f1ol para los negocios&#8221;, viaje de negocios y vacaciones a Espa\u00f1a. Sylvia logra conseguir una fascinaci\u00f3n por el aprendizaje del idioma, mismo, despu\u00e9s de un largo d\u00eda, de trabajo a trav\u00e9s de su profesionalidad, su encanto personal, su pensamiento, su preparada did\u00e1ctica, su variado contenido de aprendizaje. Su flexibilidad hace posible que en mi trabajo actual de Director de Gesti\u00f3n de Adquisiciones en el DekaBank pueda continuar regularmente para as\u00ed mantener el nivel, ampliar y consolidar mis conocimientos. La posibilidad de la duplicaci\u00f3n del castellano de Espa\u00f1a y de Latinoam\u00e9rica, el intercambio de temas entre el contenido profesional y privado hace que clases sean absolutamente y sin condiciones recomendables. <\/p>\n\n              <\/div>\n           <\/div>\n                            \n<style>\n#text-box-1724745544 .text-box-content {\n  background-color: rgb(255, 255, 255);\n  font-size: 100%;\n}\n#text-box-1724745544 .text-inner {\n  padding: 30px 30px 30px 30px;\n}\n#text-box-1724745544 {\n  width: 60%;\n}\n@media (min-width:550px) {\n  #text-box-1724745544 {\n    width: 93%;\n  }\n}\n<\/style>\n    <\/div>\n \n\n        <\/div>\n      <\/div>\n\n            \n<style>\n#banner-167591994 {\n  padding-top: 500px;\n  background-color: rgb(255, 255, 255);\n}\n#banner-167591994 .overlay {\n  background-color: rgba(190, 190, 190, 0.2);\n}\n#banner-167591994 .ux-shape-divider--top svg {\n  height: 150px;\n  --divider-top-width: 100%;\n}\n#banner-167591994 .ux-shape-divider--bottom svg {\n  height: 150px;\n  --divider-width: 100%;\n}\n<\/style>\n  <\/div>\n\n\n\n  <div class=\"banner has-hover\" id=\"banner-358308414\">\n          <div class=\"banner-inner fill\">\n        <div class=\"banner-bg fill\" >\n            <div class=\"bg fill bg-fill \"><\/div>\n                        <div class=\"overlay\"><\/div>            \n                    <\/div>\n\t\t\n        <div class=\"banner-layers container\">\n            <div class=\"fill banner-link\"><\/div>            \n\n   <div id=\"text-box-1850378954\" class=\"text-box banner-layer x5 md-x5 lg-x5 y50 md-y50 lg-y50 res-text\">\n                                <div class=\"text-box-content text box-shadow-3\">\n              \n              <div class=\"text-inner text-left\">\n                  \n\n<h3>Oscar Sanchez Moreno<\/h3>\n<p><img loading=\"lazy\" decoding=\"async\" class=\"size-full wp-image-141 alignleft\" src=\"http:\/\/languagesworldacademy.com\/wp-content\/uploads\/2017\/07\/imagen5.png\" alt=\"\" width=\"144\" height=\"150\" \/>Durante mi per\u00edodo de tres meses en Frankfurt entre en contacto con LANGUAGES World Academy donde tom\u00e9 2 semanas de curso intensivo de Alem\u00e1n.<br \/>\nTuve el placer de tomar el curso con otro estudiante internacional, lo que nos ayud\u00f3 a ambos porque los dos est\u00e1bamos estudiando alem\u00e1n como tercera lengua.<br \/>\nEl curso super\u00f3 mis expectativas, el material utilizado y los m\u00e9todos fueron siempre un reto, pero al mismo tiempo claro y comprensible. El maestro que lleva el curso estuvo concentrado al 100% y siempre en un estado de \u00e1nimo muy \u00fatil.<br \/>\nMi pr\u00f3ximo viaje a Alemania definitivamente voy a tomar la segunda fase del curso que se inici\u00f3 en LANGUAGES World Academy. Lo recomiendo encarecidamente a los estudiantes internacionales que quieren o necesitan aprender otro idioma: (espa\u00f1ol, alem\u00e1n, franc\u00e9s, etc).<br \/>\nOtro punto importante a tomar es la disponibilidad de tiempo y horarios flexibles de la Academia ofrece.<\/p>\n\n              <\/div>\n           <\/div>\n                            \n<style>\n#text-box-1850378954 .text-box-content {\n  background-color: rgb(255, 255, 255);\n  font-size: 100%;\n}\n#text-box-1850378954 .text-inner {\n  padding: 30px 30px 30px 30px;\n}\n#text-box-1850378954 {\n  width: 60%;\n}\n@media (min-width:550px) {\n  #text-box-1850378954 {\n    width: 93%;\n  }\n}\n<\/style>\n    <\/div>\n \n\n        <\/div>\n      <\/div>\n\n            \n<style>\n#banner-358308414 {\n  padding-top: 500px;\n  background-color: rgb(255, 255, 255);\n}\n#banner-358308414 .overlay {\n  background-color: rgba(190, 190, 190, 0.2);\n}\n#banner-358308414 .ux-shape-divider--top svg {\n  height: 150px;\n  --divider-top-width: 100%;\n}\n#banner-358308414 .ux-shape-divider--bottom svg {\n  height: 150px;\n  --divider-width: 100%;\n}\n<\/style>\n  <\/div>\n\n\n\n  <div class=\"banner has-hover\" id=\"banner-1820772060\">\n          <div class=\"banner-inner fill\">\n        <div class=\"banner-bg fill\" >\n            <div class=\"bg fill bg-fill \"><\/div>\n                        <div class=\"overlay\"><\/div>            \n                    <\/div>\n\t\t\n        <div class=\"banner-layers container\">\n            <div class=\"fill banner-link\"><\/div>            \n\n   <div id=\"text-box-2099608316\" class=\"text-box banner-layer x5 md-x5 lg-x5 y50 md-y50 lg-y50 res-text\">\n                                <div class=\"text-box-content text box-shadow-3\">\n              \n              <div class=\"text-inner text-left\">\n                  \n\n<h3>Nicole Richter<\/h3>\n<p class=\"esyte1\" align=\"justify\"><img loading=\"lazy\" decoding=\"async\" class=\"size-full wp-image-144 alignleft\" src=\"http:\/\/languagesworldacademy.com\/wp-content\/uploads\/2017\/07\/imagen1.jpg\" alt=\"\" width=\"152\" height=\"140\" \/><\/p>\n<p class=\"esyte1\" align=\"justify\">Hola<\/p>\n<p>En octubre 2009 me tom\u00e9 dos semanas para hacer un curso de espa\u00f1ol para principiantes como Licencia Educativa, (Bildungsurlaub) con Sylvia Navarrete que solo puedo recomendarlo de la manera m\u00e1s c\u00e1lida, este curso me ha aportado mucho y me ha dado una buena base con la que ahora puedo seguir ampliando mis conocimientos. Ella nos ha trasmitido los conocimientos de una manera muy comprensible. El curso me ha gustado mucho y nuevamente solo puedo aconsejaros\u00a0a todos\u00a0haced un curso como licencia educativa (Bildungsurlaub).<\/p>\n<p>Nicole Richter<br \/>\nAXA Versicherung AG<\/p>\n<p class=\"esyte1\" align=\"justify\"><span style=\"font-size: 14.4px;\"> <\/p>\n\n              <\/div>\n           <\/div>\n                            \n<style>\n#text-box-2099608316 .text-box-content {\n  background-color: rgb(255, 255, 255);\n  font-size: 100%;\n}\n#text-box-2099608316 .text-inner {\n  padding: 30px 30px 30px 30px;\n}\n#text-box-2099608316 {\n  width: 60%;\n}\n@media (min-width:550px) {\n  #text-box-2099608316 {\n    width: 93%;\n  }\n}\n<\/style>\n    <\/div>\n \n\n        <\/div>\n      <\/div>\n\n            \n<style>\n#banner-1820772060 {\n  padding-top: 500px;\n  background-color: rgb(255, 255, 255);\n}\n#banner-1820772060 .overlay {\n  background-color: rgba(190, 190, 190, 0.2);\n}\n#banner-1820772060 .ux-shape-divider--top svg {\n  height: 150px;\n  --divider-top-width: 100%;\n}\n#banner-1820772060 .ux-shape-divider--bottom svg {\n  height: 150px;\n  --divider-width: 100%;\n}\n<\/style>\n  <\/div>\n\n\n\n  <div class=\"banner has-hover\" id=\"banner-1421786226\">\n          <div class=\"banner-inner fill\">\n        <div class=\"banner-bg fill\" >\n            <div class=\"bg fill bg-fill \"><\/div>\n                        <div class=\"overlay\"><\/div>            \n                    <\/div>\n\t\t\n        <div class=\"banner-layers container\">\n            <div class=\"fill banner-link\"><\/div>            \n\n   <div id=\"text-box-505498994\" class=\"text-box banner-layer x5 md-x5 lg-x5 y50 md-y50 lg-y50 res-text\">\n                                <div class=\"text-box-content text box-shadow-3\">\n              \n              <div class=\"text-inner text-left\">\n                  \n\n<p><\/span><\/p>\n<h3>Hildegard Monzel<\/h3>\n<p class=\"esyte1\" align=\"justify\"><img loading=\"lazy\" decoding=\"async\" class=\"size-full wp-image-160 alignleft\" src=\"http:\/\/languagesworldacademy.com\/wp-content\/uploads\/2017\/07\/imagen3.jpg\" alt=\"\" width=\"146\" height=\"141\" \/><\/p>\n<p class=\"esyte1\" align=\"justify\">Hola<\/p>\n<p>Mi empresa me financi\u00f3 un curso de &#8220;Espa\u00f1ol para los Negocios&#8221;, el cual fue impartido por Sylvia. El mismo que era dictado una vez a la semana durante 1 hora y media. El curso dur\u00f3 m\u00e1s de un a\u00f1o (a mediados 2007 hasta mediados 2008).\u00a0 En las clases ella siempre preparaba\u00a0temas econ\u00f3micos actuales y art\u00edculos\u00a0variados, gracias a esta pr\u00e1ctica hemos ampliado tanto mis habilidades orales como\u00a0de escritura. Cuando yo lo necesitaba para mi trabajo (traducciones especiales, invitaciones, etc.) \u00a0lo termin\u00e1bamos tambi\u00e9n en la hora de clases.\u00a0\u00a0Sylvia adem\u00e1s de ser una excelente docente y profesional, ha facilitado mi aprendizaje ya que las clases de ella son muy divertidas e interesantes.<\/p>\n<p>Yo ya la he recomendado en numerosas ocasiones y siempre he recibido un feedback muy positivo, as\u00ed que sus clases son muy recomendables.<\/p>\n<p class=\"esyte1\" align=\"justify\">Hildegard Monzel<br \/>\nThe Procter and Gambel Company<\/p>\n\n              <\/div>\n           <\/div>\n                            \n<style>\n#text-box-505498994 .text-box-content {\n  background-color: rgb(255, 255, 255);\n  font-size: 100%;\n}\n#text-box-505498994 .text-inner {\n  padding: 30px 30px 30px 30px;\n}\n#text-box-505498994 {\n  width: 60%;\n}\n@media (min-width:550px) {\n  #text-box-505498994 {\n    width: 93%;\n  }\n}\n<\/style>\n    <\/div>\n \n\n        <\/div>\n      <\/div>\n\n            \n<style>\n#banner-1421786226 {\n  padding-top: 500px;\n  background-color: rgb(255, 255, 255);\n}\n#banner-1421786226 .overlay {\n  background-color: rgba(190, 190, 190, 0.2);\n}\n#banner-1421786226 .ux-shape-divider--top svg {\n  height: 150px;\n  --divider-top-width: 100%;\n}\n#banner-1421786226 .ux-shape-divider--bottom svg {\n  height: 150px;\n  --divider-width: 100%;\n}\n<\/style>\n  <\/div>\n\n\n\n  <div class=\"banner has-hover\" id=\"banner-1889134886\">\n          <div class=\"banner-inner fill\">\n        <div class=\"banner-bg fill\" >\n            <div class=\"bg fill bg-fill \"><\/div>\n                        <div class=\"overlay\"><\/div>            \n                    <\/div>\n\t\t\n        <div class=\"banner-layers container\">\n            <div class=\"fill banner-link\"><\/div>            \n\n   <div id=\"text-box-1387327856\" class=\"text-box banner-layer x5 md-x5 lg-x5 y50 md-y50 lg-y50 res-text\">\n                                <div class=\"text-box-content text box-shadow-3\">\n              \n              <div class=\"text-inner text-left\">\n                  \n\n<h3>Charlotte Pruvost<\/h3>\n<p class=\"estl1\" align=\"justify\"><img loading=\"lazy\" decoding=\"async\" class=\"size-full wp-image-163 alignleft\" src=\"http:\/\/languagesworldacademy.com\/wp-content\/uploads\/2017\/07\/imagen2.jpg\" alt=\"\" width=\"127\" height=\"141\" \/><\/p>\n<p class=\"estl1\" align=\"justify\">Hola<\/p>\n<p class=\"estl1\" align=\"justify\">Mi nombre es Charlotte soy francesa pero vivo en Alemania desde hace 12 a\u00f1os. Hablo alem\u00e1n, ingl\u00e9s y gracias a Sylvia un poco de espa\u00f1ol. En Fr\u00e1ncfort tom\u00e9 2 semestres con Sylvia en el 2007, era un curso de &#8220;Espa\u00f1ol para Principiantes&#8221;. Con la ense\u00f1anza y el compromiso de ella he progresado r\u00e1pidamente. Sylvia nos dio una gu\u00eda de estudios, a pesar de que tom\u00e1bamos el curso despu\u00e9s del trabajo, las clases no eran aburridas es m\u00e1s puedo decir que es muy din\u00e1mica ya que mezcla gram\u00e1tica, vocabulario y conversaci\u00f3n en todo momento. Sylvia es una persona calificada, agradable y relajada, motiva y aprendes r\u00e1pidamente. Despu\u00e9s de 2 meses viaje a Espa\u00f1a y me sent\u00ed muy c\u00f3moda al entender y hablar el espa\u00f1ol. Trabajo en Recursos Humanos en formaci\u00f3n, gesti\u00f3n y desarrollo de competencias, si tendr\u00eda que organizar un curso de espa\u00f1ol no dudar\u00eda en llamarles. Solo me queda recomendar a Sylvia por el intenso proceso de aprendizaje y ense\u00f1anza del idioma Espa\u00f1ol.<\/p>\n<p class=\"estl1\"><span class=\"estl1\">Charlotte Pruvost<\/span><\/p>\n\n              <\/div>\n           <\/div>\n                            \n<style>\n#text-box-1387327856 .text-box-content {\n  background-color: rgb(255, 255, 255);\n  font-size: 100%;\n}\n#text-box-1387327856 .text-inner {\n  padding: 30px 30px 30px 30px;\n}\n#text-box-1387327856 {\n  width: 60%;\n}\n@media (min-width:550px) {\n  #text-box-1387327856 {\n    width: 93%;\n  }\n}\n<\/style>\n    <\/div>\n \n\n        <\/div>\n      <\/div>\n\n            \n<style>\n#banner-1889134886 {\n  padding-top: 500px;\n  background-color: rgb(255, 255, 255);\n}\n#banner-1889134886 .overlay {\n  background-color: rgba(190, 190, 190, 0.2);\n}\n#banner-1889134886 .ux-shape-divider--top svg {\n  height: 150px;\n  --divider-top-width: 100%;\n}\n#banner-1889134886 .ux-shape-divider--bottom svg {\n  height: 150px;\n  --divider-width: 100%;\n}\n<\/style>\n  <\/div>\n\n\n\n  <div class=\"banner has-hover\" id=\"banner-1158273414\">\n          <div class=\"banner-inner fill\">\n        <div class=\"banner-bg fill\" >\n            <div class=\"bg fill bg-fill \"><\/div>\n                        <div class=\"overlay\"><\/div>            \n                    <\/div>\n\t\t\n        <div class=\"banner-layers container\">\n            <div class=\"fill banner-link\"><\/div>            \n\n   <div id=\"text-box-349721460\" class=\"text-box banner-layer x50 md-x50 lg-x50 y50 md-y50 lg-y50 res-text\">\n                                <div class=\"text-box-content text box-shadow-3\">\n              \n              <div class=\"text-inner text-left\">\n                  \n\n<h3>Nicoletta Russian<\/h3>\n<p>Buenos d\u00edas<\/p>\n<p>Tom\u00e9 dos cursos de espa\u00f1ol en Fr\u00e1ncfort y en ambas ocasiones mi maestra fue Sylvia Navarrete, es la mejor profesora que pude desear, su m\u00e9todo es moderno y eficaz.<\/p>\n<p>Despu\u00e9s de una semana el nivel que puedes alcanzar es muy bueno. La se\u00f1ora Navarrete me prepar\u00f3 para presentarme a mi examen oral de espa\u00f1ol que mi empresa (Lufthansa) lo requiere. Durante el \u00faltimo curso que tom\u00e9 aprendimos gram\u00e1tica, comprensi\u00f3n de textos sobre todo temas de actualidad.<\/p>\n<p>Sylvia es muy agradable y abierta&#8230;. es muy divertido estudiar con ella.<\/p>\n<p>Nicoletta Russian<br \/>\nLufthansa<\/p>\n\n              <\/div>\n           <\/div>\n                            \n<style>\n#text-box-349721460 .text-box-content {\n  background-color: rgb(255, 255, 255);\n  font-size: 100%;\n}\n#text-box-349721460 .text-inner {\n  padding: 30px 30px 30px 30px;\n}\n#text-box-349721460 {\n  width: 60%;\n}\n@media (min-width:550px) {\n  #text-box-349721460 {\n    width: 93%;\n  }\n}\n<\/style>\n    <\/div>\n \n\n        <\/div>\n      <\/div>\n\n            \n<style>\n#banner-1158273414 {\n  padding-top: 500px;\n  background-color: rgb(255, 255, 255);\n}\n#banner-1158273414 .overlay {\n  background-color: rgba(190, 190, 190, 0.2);\n}\n#banner-1158273414 .ux-shape-divider--top svg {\n  height: 150px;\n  --divider-top-width: 100%;\n}\n#banner-1158273414 .ux-shape-divider--bottom svg {\n  height: 150px;\n  --divider-width: 100%;\n}\n<\/style>\n  <\/div>\n\n\n\n     <\/div>\n\n     <div class=\"loading-spin dark large centered\"><\/div>\n\n     \t<\/div>\n\n\n\n","protected":false},"excerpt":{"rendered":"Franziska Schmidt Hola Sra. Navarrete: Despu\u00e9s de haber tenido clases de espa\u00f1ol con usted durante unos 2 a\u00f1os, me gustar\u00eda darle\u00a0 algunos comentarios:\u00a0 La calidad de las clases fue muy satisfactoria. Siempre ha conseguido que las lecciones sean\u00a0 entretenidas y variadas. Gracias a su clara pronunciaci\u00f3n, tu motivaci\u00f3n y energ\u00eda en cada lecci\u00f3n,\u00a0 incluso a [...]","protected":false},"author":2,"featured_media":0,"parent":0,"menu_order":0,"comment_status":"closed","ping_status":"closed","template":"page-blank.php","meta":{"footnotes":""},"class_list":["post-463","page","type-page","status-publish","hentry"],"_links":{"self":[{"href":"https:\/\/languagesworldacademy.com\/es\/wp-json\/wp\/v2\/pages\/463","targetHints":{"allow":["GET"]}}],"collection":[{"href":"https:\/\/languagesworldacademy.com\/es\/wp-json\/wp\/v2\/pages"}],"about":[{"href":"https:\/\/languagesworldacademy.com\/es\/wp-json\/wp\/v2\/types\/page"}],"author":[{"embeddable":true,"href":"https:\/\/languagesworldacademy.com\/es\/wp-json\/wp\/v2\/users\/2"}],"replies":[{"embeddable":true,"href":"https:\/\/languagesworldacademy.com\/es\/wp-json\/wp\/v2\/comments?post=463"}],"version-history":[{"count":11,"href":"https:\/\/languagesworldacademy.com\/es\/wp-json\/wp\/v2\/pages\/463\/revisions"}],"predecessor-version":[{"id":1607,"href":"https:\/\/languagesworldacademy.com\/es\/wp-json\/wp\/v2\/pages\/463\/revisions\/1607"}],"wp:attachment":[{"href":"https:\/\/languagesworldacademy.com\/es\/wp-json\/wp\/v2\/media?parent=463"}],"curies":[{"name":"wp","href":"https:\/\/api.w.org\/{rel}","templated":true}]}}