{"id":645,"date":"2017-08-30T22:26:33","date_gmt":"2017-08-30T20:26:33","guid":{"rendered":"http:\/\/languagesworldacademy.com\/?page_id=645\/"},"modified":"2017-08-30T23:34:07","modified_gmt":"2017-08-30T21:34:07","slug":"ninos-y-jovenes","status":"publish","type":"page","link":"https:\/\/languagesworldacademy.com\/es\/ninos-y-jovenes\/","title":{"rendered":"Ni\u00f1os y j\u00f3venes"},"content":{"rendered":"<h3><img loading=\"lazy\" decoding=\"async\" class=\"size-full wp-image-654 alignright\" src=\"http:\/\/languagesworldacademy.com\/wp-content\/uploads\/2017\/08\/crianca_esperanca2_606x455.jpg\" alt=\"\" width=\"606\" height=\"455\" srcset=\"https:\/\/languagesworldacademy.com\/wp-content\/uploads\/2017\/08\/crianca_esperanca2_606x455.jpg 606w, https:\/\/languagesworldacademy.com\/wp-content\/uploads\/2017\/08\/crianca_esperanca2_606x455-533x400.jpg 533w\" sizes=\"auto, (max-width: 606px) 100vw, 606px\" \/>Ni\u00f1os y j\u00f3venes<\/h3>\n<p>Aprender alem\u00e1n, espa\u00f1ol o italiano y a la vez conocer a ni\u00f1os y a j\u00f3venes de todo el mundo, pasarlo bien y disfrutar de la cultura en una de las regi\u00f3n m\u00e1s hermosa de Alemania. Cursos para todos los niveles ling\u00fc\u00edsticos<\/p>\n<p><strong>Comunicativo e interactivo<\/strong><\/p>\n<p>Aprender alem\u00e1n en nuestra academia significa conocer y utilizar el idioma de manera activa, en parejas o en grupos, p. ej. mediante juegos de rol, entrevistas o peque\u00f1os proyectos. Las clases se adaptan al grupo de edad correspondiente y son muy variadas. Las distintas habilidades ling\u00fc\u00edsticas, tales como hablar, escuchar, leer y escribir se combinan con el estudio de la gram\u00e1tica de una manera pr\u00e1ctica para que los alumnos se familiaricen r\u00e1pidamente con el idioma.<\/p>\n","protected":false},"excerpt":{"rendered":"<p>Ni\u00f1os y j\u00f3venes Aprender alem\u00e1n, espa\u00f1ol o italiano y a la vez conocer a ni\u00f1os y a j\u00f3venes de todo el mundo, pasarlo bien y disfrutar de la cultura en una de las regi\u00f3n m\u00e1s hermosa de Alemania. Cursos para todos los niveles ling\u00fc\u00edsticos Comunicativo e interactivo Aprender alem\u00e1n en nuestra academia significa conocer y [&#8230;]\n","protected":false},"author":2,"featured_media":0,"parent":0,"menu_order":0,"comment_status":"closed","ping_status":"closed","template":"","meta":{"footnotes":""},"class_list":["post-645","page","type-page","status-publish","hentry"],"_links":{"self":[{"href":"https:\/\/languagesworldacademy.com\/es\/wp-json\/wp\/v2\/pages\/645","targetHints":{"allow":["GET"]}}],"collection":[{"href":"https:\/\/languagesworldacademy.com\/es\/wp-json\/wp\/v2\/pages"}],"about":[{"href":"https:\/\/languagesworldacademy.com\/es\/wp-json\/wp\/v2\/types\/page"}],"author":[{"embeddable":true,"href":"https:\/\/languagesworldacademy.com\/es\/wp-json\/wp\/v2\/users\/2"}],"replies":[{"embeddable":true,"href":"https:\/\/languagesworldacademy.com\/es\/wp-json\/wp\/v2\/comments?post=645"}],"version-history":[{"count":2,"href":"https:\/\/languagesworldacademy.com\/es\/wp-json\/wp\/v2\/pages\/645\/revisions"}],"predecessor-version":[{"id":678,"href":"https:\/\/languagesworldacademy.com\/es\/wp-json\/wp\/v2\/pages\/645\/revisions\/678"}],"wp:attachment":[{"href":"https:\/\/languagesworldacademy.com\/es\/wp-json\/wp\/v2\/media?parent=645"}],"curies":[{"name":"wp","href":"https:\/\/api.w.org\/{rel}","templated":true}]}}