{"id":707,"date":"2017-08-31T00:35:35","date_gmt":"2017-08-30T22:35:35","guid":{"rendered":"http:\/\/languagesworldacademy.com\/?page_id=707\/"},"modified":"2017-08-31T00:35:35","modified_gmt":"2017-08-30T22:35:35","slug":"bildungrpraemie","status":"publish","type":"page","link":"https:\/\/languagesworldacademy.com\/es\/bildungrpraemie\/","title":{"rendered":"Bildungrpr\u00e4mie"},"content":{"rendered":"<p><img loading=\"lazy\" decoding=\"async\" class=\"size-full wp-image-469 alignleft\" src=\"http:\/\/languagesworldacademy.com\/wp-content\/uploads\/2017\/08\/banner300x250_anim.gif\" alt=\"\" width=\"300\" height=\"250\" \/><\/p>\n<p>Este subsidio de formaci\u00f3n est\u00e1 financiado por el Ministerio Federal de Educaci\u00f3n e Investigaci\u00f3n y el Fondo Social Europeo de la Uni\u00f3n Europea para hacer accesible el desarrollo profesional permanente.<\/p>\n<p>A partir del a\u00f1o 2010 esta prima se ha incrementado y el curso de idioma al que\u00a0 decidas apuntarte, te ser\u00e1 reembolsado hasta en un 50% con un valor m\u00e1ximo de 500 euros.<\/p>\n<p>Todas las personas asalariadas o aut\u00f3nomas, entre otras podr\u00e1n hacer uso de este beneficio una vez al a\u00f1o solicit\u00e1ndolo sin burocracia y con rapidez. Para mayor informaci\u00f3n llama a la l\u00ednea gratuita 0800 2623-000, concreta una cita para asesorarte gratuitamente, te puedes informar tambi\u00e9n en el siguiente enlace\u00a0<a href=\"http:\/\/www.bildungspraemie.info\/\" target=\"_blank\" rel=\"noopener\">www.bildungspraemie.info<\/a>, o ponte en contacto con nosotros, te asesoraremos con mucho gusto.<\/p>\n<p>Este\u00a0<a href=\"http:\/\/www.bildungspraemie.info\/\" target=\"_blank\" rel=\"noopener\">subsidio<\/a>\u00a0para capacitaci\u00f3n lo puedes\u00a0recibir para pagar tus cursos intensivos de idiomas,\u00a0 en los mismos\u00a0podr\u00e1s\u00a0estudiar\u00a0el idioma de tu elecci\u00f3n, \u00a0o podr\u00e1s ampliar tus conocimientos ya existentes, o si quieres tambi\u00e9n podr\u00edas \u00a0prepararte para\u00a0rendir un ex\u00e1men eso lo decides t\u00fa.<\/p>\n","protected":false},"excerpt":{"rendered":"<p>Este subsidio de formaci\u00f3n est\u00e1 financiado por el Ministerio Federal de Educaci\u00f3n e Investigaci\u00f3n y el Fondo Social Europeo de la Uni\u00f3n Europea para hacer accesible el desarrollo profesional permanente. A partir del a\u00f1o 2010 esta prima se ha incrementado y el curso de idioma al que\u00a0 decidas apuntarte, te ser\u00e1 reembolsado hasta en un [&#8230;]\n","protected":false},"author":2,"featured_media":0,"parent":0,"menu_order":0,"comment_status":"closed","ping_status":"closed","template":"","meta":{"footnotes":""},"class_list":["post-707","page","type-page","status-publish","hentry"],"_links":{"self":[{"href":"https:\/\/languagesworldacademy.com\/es\/wp-json\/wp\/v2\/pages\/707","targetHints":{"allow":["GET"]}}],"collection":[{"href":"https:\/\/languagesworldacademy.com\/es\/wp-json\/wp\/v2\/pages"}],"about":[{"href":"https:\/\/languagesworldacademy.com\/es\/wp-json\/wp\/v2\/types\/page"}],"author":[{"embeddable":true,"href":"https:\/\/languagesworldacademy.com\/es\/wp-json\/wp\/v2\/users\/2"}],"replies":[{"embeddable":true,"href":"https:\/\/languagesworldacademy.com\/es\/wp-json\/wp\/v2\/comments?post=707"}],"version-history":[{"count":1,"href":"https:\/\/languagesworldacademy.com\/es\/wp-json\/wp\/v2\/pages\/707\/revisions"}],"predecessor-version":[{"id":708,"href":"https:\/\/languagesworldacademy.com\/es\/wp-json\/wp\/v2\/pages\/707\/revisions\/708"}],"wp:attachment":[{"href":"https:\/\/languagesworldacademy.com\/es\/wp-json\/wp\/v2\/media?parent=707"}],"curies":[{"name":"wp","href":"https:\/\/api.w.org\/{rel}","templated":true}]}}