{"id":744,"date":"2017-09-07T18:55:25","date_gmt":"2017-09-07T16:55:25","guid":{"rendered":"http:\/\/languagesworldacademy.com\/?page_id=744\/"},"modified":"2022-09-06T01:20:25","modified_gmt":"2022-09-05T23:20:25","slug":"cuenta","status":"publish","type":"page","link":"https:\/\/languagesworldacademy.com\/es\/cuenta\/","title":{"rendered":"Prueba de Nivel"},"content":{"rendered":"[vc_row][vc_column][vc_column_text]\n<h3 id=\"e_es\">Spanisch:<\/h3>\n<p><b>Con gusto A1:<\/b>\u00a0<a href=\"https:\/\/einstufungstests.klett-sprachen.de\/einstufung\/index.php?questname=congusto&amp;questclass=A1\" target=\"_blank\" rel=\"noopener\">Online<\/a><br \/>\n<b>Con gusto A2:<\/b>\u00a0<a href=\"https:\/\/einstufungstests.klett-sprachen.de\/einstufung\/index.php?questname=congusto&amp;questclass=A2\" target=\"_blank\" rel=\"noopener\">Online<\/a><br \/>\n<b>Con gusto B1:<\/b>\u00a0<a href=\"https:\/\/einstufungstests.klett-sprachen.de\/einstufung\/index.php?questname=congusto&amp;questclass=B1\" target=\"_blank\" rel=\"noopener\">Online<\/a><\/p>\n<p><b>Caminos hoy A1:<\/b>\u00a0<a href=\"https:\/\/einstufungstests.klett-sprachen.de\/einstufung\/index.php?questname=caminos&amp;questclass=A1\" target=\"_blank\" rel=\"noopener\">Online<\/a><\/p>\n<p><b>Caminos neu A1:<\/b>\u00a0<a href=\"https:\/\/einstufungstests.klett-sprachen.de\/projekte\/eb\/vhs_s_camneu1_einstufung.php\" target=\"_blank\" rel=\"noopener\">Online<\/a><br \/>\n<b>Caminos neu A2:<\/b>\u00a0<a href=\"https:\/\/einstufungstests.klett-sprachen.de\/projekte\/eb\/vhs_s_camneu2_einstufung.php\" target=\"_blank\" rel=\"noopener\">Online<\/a><br \/>\n<b>Caminos neu B1:<\/b>\u00a0<a href=\"https:\/\/einstufungstests.klett-sprachen.de\/projekte\/eb\/vhs_s_camneu3_einstufung.php\" target=\"_blank\" rel=\"noopener\">Online<\/a><\/p>\n<p><b>Caminos plus 1 (A1-A2):<\/b>\u00a0<a href=\"https:\/\/einstufungstests.klett-sprachen.de\/projekte\/eb\/vhs_s_camplus1_einstufung.php\" target=\"_blank\" rel=\"noopener\">Online<\/a><br \/>\n<b>Caminos plus 2 (A2-B1):<\/b>\u00a0<a href=\"https:\/\/einstufungstests.klett-sprachen.de\/projekte\/eb\/vhs_s_camplus2_einstufung.php\" target=\"_blank\" rel=\"noopener\">Online<\/a><\/p>\n<p><b>V\u00eda r\u00e1pida A1:<\/b>\u00a0<a href=\"https:\/\/einstufungstests.klett-sprachen.de\/einstufung\/index.php?questname=viarapida&amp;questclass=A1\" target=\"_blank\" rel=\"noopener\">Online<\/a><br \/>\n<b>V\u00eda r\u00e1pida A2:<\/b>\u00a0<a href=\"https:\/\/einstufungstests.klett-sprachen.de\/einstufung\/index.php?questname=viarapida&amp;questclass=A2\" target=\"_blank\" rel=\"noopener\">Online<\/a><br \/>\n<b>V\u00eda r\u00e1pida B1:<\/b>\u00a0<a href=\"https:\/\/einstufungstests.klett-sprachen.de\/einstufung\/index.php?questname=viarapida&amp;questclass=B1\" target=\"_blank\" rel=\"noopener\">Online<\/a><\/p>\n<p><b>Meta profesional A1:<\/b>\u00a0<a href=\"https:\/\/einstufungstests.klett-sprachen.de\/einstufung\/index.php?questname=metaprofesional&amp;questclass=A1\" target=\"_blank\" rel=\"noopener\">Online<\/a><br \/>\n<b>Meta profesional A2:<\/b>\u00a0<a href=\"https:\/\/einstufungstests.klett-sprachen.de\/einstufung\/index.php?questname=metaprofesional&amp;questclass=A2\" target=\"_blank\" rel=\"noopener\">Online<\/a><\/p>\n<p>Cuando haya completado la prueba, haga clic en el bot\u00f3n &#8220;Auswerten&#8221; para ver su puntuaci\u00f3n. Luego agregue sus datos y en la instituci\u00f3n agregue lwaoberursel@gmail.com, luego haga clic en &#8220;Abschicken&#8221;. Esto le enviar\u00e1 por correo electr\u00f3nico los resultados y una copia a nuestra escuela.<\/p>\n<div id=\"_mcePaste\" style=\"position: absolute; left: -10000px; top: 0px; width: 1px; height: 1px; overflow: hidden;\">\n<table style=\"font-size: 14.4px;\" border=\"0\">\n<tbody>\n<tr>\n<td valign=\"top\"><\/td>\n<\/tr>\n<\/tbody>\n<\/table>\n<table border=\"0\">\n<tbody>\n<tr>\n<td valign=\"top\"><\/td>\n<\/tr>\n<\/tbody>\n<\/table>\n<\/div>\n[\/vc_column_text][\/vc_column][\/vc_row]\n","protected":false},"excerpt":{"rendered":"[vc_row][vc_column][vc_column_text] Spanisch: Con gusto A1:\u00a0Online Con gusto A2:\u00a0Online Con gusto B1:\u00a0Online Caminos hoy A1:\u00a0Online Caminos neu A1:\u00a0Online Caminos neu A2:\u00a0Online Caminos neu B1:\u00a0Online Caminos plus 1 (A1-A2):\u00a0Online Caminos plus 2 (A2-B1):\u00a0Online V\u00eda r\u00e1pida A1:\u00a0Online V\u00eda r\u00e1pida A2:\u00a0Online V\u00eda r\u00e1pida B1:\u00a0Online Meta profesional A1:\u00a0Online Meta profesional A2:\u00a0Online Cuando haya completado la prueba, haga clic en el [&#8230;]\n","protected":false},"author":2,"featured_media":0,"parent":0,"menu_order":0,"comment_status":"closed","ping_status":"closed","template":"","meta":{"footnotes":""},"class_list":["post-744","page","type-page","status-publish","hentry"],"_links":{"self":[{"href":"https:\/\/languagesworldacademy.com\/es\/wp-json\/wp\/v2\/pages\/744","targetHints":{"allow":["GET"]}}],"collection":[{"href":"https:\/\/languagesworldacademy.com\/es\/wp-json\/wp\/v2\/pages"}],"about":[{"href":"https:\/\/languagesworldacademy.com\/es\/wp-json\/wp\/v2\/types\/page"}],"author":[{"embeddable":true,"href":"https:\/\/languagesworldacademy.com\/es\/wp-json\/wp\/v2\/users\/2"}],"replies":[{"embeddable":true,"href":"https:\/\/languagesworldacademy.com\/es\/wp-json\/wp\/v2\/comments?post=744"}],"version-history":[{"count":5,"href":"https:\/\/languagesworldacademy.com\/es\/wp-json\/wp\/v2\/pages\/744\/revisions"}],"predecessor-version":[{"id":1728,"href":"https:\/\/languagesworldacademy.com\/es\/wp-json\/wp\/v2\/pages\/744\/revisions\/1728"}],"wp:attachment":[{"href":"https:\/\/languagesworldacademy.com\/es\/wp-json\/wp\/v2\/media?parent=744"}],"curies":[{"name":"wp","href":"https:\/\/api.w.org\/{rel}","templated":true}]}}