{"id":798,"date":"2017-10-05T23:13:08","date_gmt":"2017-10-05T21:13:08","guid":{"rendered":"http:\/\/languagesworldacademy.com\/?page_id=798\/"},"modified":"2018-04-24T18:32:57","modified_gmt":"2018-04-24T16:32:57","slug":"bildungsurlaub","status":"publish","type":"page","link":"https:\/\/languagesworldacademy.com\/es\/kurse\/bildungsurlaub\/","title":{"rendered":"Bildungsurlaub"},"content":{"rendered":"<h4>Bildungsurlaub<\/h4>\n<p>Todo trabajador tiene el derecho legal de dejar la educaci\u00f3n fuera de sus horas normales de trabajo sin tener que renunciar a su salario normal. El objetivo de la licencia de estudios es mejorar la competencia profesional y, al mismo tiempo, las perspectivas profesionales del trabajador; el fundamento jur\u00eddico para ello es la Ley Hessiana sobre el Derecho a la Educaci\u00f3n (HBUG).<\/p>\n<p>Con estas vacaciones pagadas puede visitar varios seminarios aprobados y reconocidos sobre educaci\u00f3n pol\u00edtica o formaci\u00f3n. Un curso de idiomas, normalmente 5 d\u00edas en una fila con 6 horas por d\u00eda, tambi\u00e9n se puede tomar como un d\u00eda de fiesta educativo.<\/p>\n<ul>\n<li><a href=\"http:\/\/languagesworldacademy.com\/es\/kurse\/bildungsurlaub\/pautas-duracion\/\">Pautas &#8211; Duraci\u00f3n<\/a><\/li>\n<li><a href=\"http:\/\/languagesworldacademy.com\/es\/kurse\/bildungsurlaub\/transmision\/\">Transferencia<\/a><\/li>\n<li><a class=\"m_-2957363474384213185yiv1596505955ydp31e8ce39enhancr_card_8677428757\" href=\"https:\/\/soziales.hessen.de\/arbeit\/bildungsurlaub\" target=\"_blank\" rel=\"nofollow noopener\" shape=\"rect\" data-saferedirecturl=\"https:\/\/www.google.com\/url?hl=es&amp;q=https:\/\/soziales.hessen.de\/arbeit\/bildungsurlaub&amp;source=gmail&amp;ust=1519397547700000&amp;usg=AFQjCNHSlBD8GVBzfkDlCQ8jrZiOM96iBg\">Hessisches Ministerium f\u00fcr Soziales und Integration<\/a><\/li>\n<\/ul>\n<p>&nbsp;<\/p>\n","protected":false},"excerpt":{"rendered":"<p>Bildungsurlaub Todo trabajador tiene el derecho legal de dejar la educaci\u00f3n fuera de sus horas normales de trabajo sin tener que renunciar a su salario normal. El objetivo de la licencia de estudios es mejorar la competencia profesional y, al mismo tiempo, las perspectivas profesionales del trabajador; el fundamento jur\u00eddico para ello es la Ley [&#8230;]\n","protected":false},"author":2,"featured_media":0,"parent":94,"menu_order":0,"comment_status":"closed","ping_status":"closed","template":"","meta":{"footnotes":""},"class_list":["post-798","page","type-page","status-publish","hentry"],"_links":{"self":[{"href":"https:\/\/languagesworldacademy.com\/es\/wp-json\/wp\/v2\/pages\/798","targetHints":{"allow":["GET"]}}],"collection":[{"href":"https:\/\/languagesworldacademy.com\/es\/wp-json\/wp\/v2\/pages"}],"about":[{"href":"https:\/\/languagesworldacademy.com\/es\/wp-json\/wp\/v2\/types\/page"}],"author":[{"embeddable":true,"href":"https:\/\/languagesworldacademy.com\/es\/wp-json\/wp\/v2\/users\/2"}],"replies":[{"embeddable":true,"href":"https:\/\/languagesworldacademy.com\/es\/wp-json\/wp\/v2\/comments?post=798"}],"version-history":[{"count":7,"href":"https:\/\/languagesworldacademy.com\/es\/wp-json\/wp\/v2\/pages\/798\/revisions"}],"predecessor-version":[{"id":1362,"href":"https:\/\/languagesworldacademy.com\/es\/wp-json\/wp\/v2\/pages\/798\/revisions\/1362"}],"up":[{"embeddable":true,"href":"https:\/\/languagesworldacademy.com\/es\/wp-json\/wp\/v2\/pages\/94"}],"wp:attachment":[{"href":"https:\/\/languagesworldacademy.com\/es\/wp-json\/wp\/v2\/media?parent=798"}],"curies":[{"name":"wp","href":"https:\/\/api.w.org\/{rel}","templated":true}]}}