{"id":803,"date":"2017-10-05T23:18:39","date_gmt":"2017-10-05T21:18:39","guid":{"rendered":"http:\/\/languagesworldacademy.com\/?page_id=803\/"},"modified":"2019-04-04T22:02:17","modified_gmt":"2019-04-04T20:02:17","slug":"cookies","status":"publish","type":"page","link":"https:\/\/languagesworldacademy.com\/es\/cookies\/","title":{"rendered":"Cookies"},"content":{"rendered":"<h3>Pol\u00edtica de cookies<\/h3>\n<p>\u00daltima actualizaci\u00f3n: 23 de marzo de 2019<\/p>\n<p>Sprachschule Language World Academy (&#8220;nosotros&#8221;, &#8220;nosotros&#8221; o &#8220;nuestro&#8221;) utiliza cookies en el sitio web https:\/\/languagesworldacademy.com (el &#8220;Servicio&#8221;). Al utilizar el Servicio, usted acepta el uso de cookies.<\/p>\n<p>Nuestra Pol\u00edtica de cookies explica qu\u00e9 son las cookies, c\u00f3mo las usamos, c\u00f3mo los terceros con los que podemos asociarnos pueden usar cookies en el Servicio, sus opciones con respecto a las cookies y m\u00e1s informaci\u00f3n sobre las cookies.<\/p>\n<h4>\u00bfQu\u00e9 son las cookies?<\/h4>\n<p>Las cookies son peque\u00f1os fragmentos de texto enviados por su navegador web por un sitio web que visita. Un archivo de cookies se almacena en su navegador web y permite que el Servicio o un tercero lo reconozcan y faciliten su pr\u00f3xima visita y el Servicio sea m\u00e1s \u00fatil para usted.<\/p>\n<p>Las cookies pueden ser cookies &#8220;persistentes&#8221; o de &#8220;sesi\u00f3n&#8221;. Las cookies persistentes permanecen en su computadora personal o dispositivo m\u00f3vil cuando se desconecta, mientras que las cookies de sesi\u00f3n se eliminan tan pronto como cierra su navegador web.<\/p>\n<h4>C\u00f3mo Language World Academy utiliza cookies<\/h4>\n<p>Cuando utiliza y accede al Servicio, podemos colocar una serie de archivos de cookies en su navegador web.<\/p>\n<h4>Utilizamos cookies para los siguientes fines:<\/h4>\n<p>Habilitar determinadas funciones del Servicio.<br \/>\nUtilizamos cookies de sesi\u00f3n y persistentes en el Servicio y usamos diferentes tipos de cookies para ejecutar el Servicio:<\/p>\n<p>Galletas esenciales. Podemos usar cookies esenciales para autenticar a los usuarios y evitar el uso fraudulento de las cuentas de usuario.<\/p>\n<h4>\u00bfCu\u00e1les son sus opciones con respecto a las cookies?<\/h4>\n<p>Si desea eliminar las cookies o instruir a su navegador web para eliminarlas o rechazarlas, visite las p\u00e1ginas de ayuda de su navegador web. Como ciudadano europeo, bajo GDPR, usted tiene ciertos derechos individuales. Puede obtener m\u00e1s informaci\u00f3n sobre estos derechos en la Gu\u00eda GDPR.<\/p>\n<p>Sin embargo, tenga en cuenta que si elimina las cookies o se niega a aceptarlas, es posible que no pueda utilizar todas las funciones que ofrecemos, que no pueda almacenar sus preferencias y que algunas de nuestras p\u00e1ginas no se muestren correctamente.<\/p>\n<p>Para el navegador web Chrome, visite esta p\u00e1gina desde Google: https:\/\/support.google.com\/accounts\/answer\/32050<br \/>\nPara el navegador web Internet Explorer, visite esta p\u00e1gina de Microsoft: http:\/\/support.microsoft.com\/kb\/278835<br \/>\nPara el navegador web Firefox, visite esta p\u00e1gina desde Mozilla: https:\/\/support.mozilla.org\/en-US\/kb\/delete-cookies-remove-info-websites-stored<br \/>\nPara el navegador web Safari, visite esta p\u00e1gina de Apple: https:\/\/support.apple.com\/kb\/PH21411?locale=en_US<br \/>\nPara cualquier otro navegador web, visite las p\u00e1ginas web oficiales de su navegador web.<\/p>\n<h4>\u00bfD\u00f3nde puedes encontrar m\u00e1s informaci\u00f3n sobre las cookies?<\/h4>\n<p>Puede obtener m\u00e1s informaci\u00f3n sobre las cookies y los siguientes sitios web de terceros:<\/p>\n<p>AllAboutCookies: http:\/\/www.allaboutcookies.org\/<br \/>\nIniciativa de publicidad en red: http:\/\/www.networkadvertising.org\/<\/p>\n","protected":false},"excerpt":{"rendered":"<p>Pol\u00edtica de cookies \u00daltima actualizaci\u00f3n: 23 de marzo de 2019 Sprachschule Language World Academy (&#8220;nosotros&#8221;, &#8220;nosotros&#8221; o &#8220;nuestro&#8221;) utiliza cookies en el sitio web https:\/\/languagesworldacademy.com (el &#8220;Servicio&#8221;). Al utilizar el Servicio, usted acepta el uso de cookies. Nuestra Pol\u00edtica de cookies explica qu\u00e9 son las cookies, c\u00f3mo las usamos, c\u00f3mo los terceros con los que [&#8230;]\n","protected":false},"author":2,"featured_media":0,"parent":0,"menu_order":0,"comment_status":"closed","ping_status":"closed","template":"","meta":{"footnotes":""},"class_list":["post-803","page","type-page","status-publish","hentry"],"_links":{"self":[{"href":"https:\/\/languagesworldacademy.com\/es\/wp-json\/wp\/v2\/pages\/803","targetHints":{"allow":["GET"]}}],"collection":[{"href":"https:\/\/languagesworldacademy.com\/es\/wp-json\/wp\/v2\/pages"}],"about":[{"href":"https:\/\/languagesworldacademy.com\/es\/wp-json\/wp\/v2\/types\/page"}],"author":[{"embeddable":true,"href":"https:\/\/languagesworldacademy.com\/es\/wp-json\/wp\/v2\/users\/2"}],"replies":[{"embeddable":true,"href":"https:\/\/languagesworldacademy.com\/es\/wp-json\/wp\/v2\/comments?post=803"}],"version-history":[{"count":4,"href":"https:\/\/languagesworldacademy.com\/es\/wp-json\/wp\/v2\/pages\/803\/revisions"}],"predecessor-version":[{"id":1472,"href":"https:\/\/languagesworldacademy.com\/es\/wp-json\/wp\/v2\/pages\/803\/revisions\/1472"}],"wp:attachment":[{"href":"https:\/\/languagesworldacademy.com\/es\/wp-json\/wp\/v2\/media?parent=803"}],"curies":[{"name":"wp","href":"https:\/\/api.w.org\/{rel}","templated":true}]}}