{"id":831,"date":"2017-11-28T17:33:20","date_gmt":"2017-11-28T16:33:20","guid":{"rendered":"http:\/\/languagesworldacademy.com\/?page_id=831"},"modified":"2017-11-28T17:33:20","modified_gmt":"2017-11-28T16:33:20","slug":"englisch-in-frankfurt-oberursel","status":"publish","type":"page","link":"https:\/\/languagesworldacademy.com\/es\/englisch-in-frankfurt-oberursel\/","title":{"rendered":"ENGLISCH IN FRANKFURT &#8211; OBERURSEL"},"content":{"rendered":"<p><strong>ENGLISCH IN FRANKFURT &#8211; OBERURSEL<\/strong><\/p>\n<p><a href=\"http:\/\/www.oberursel.de\/tourismus\/information\/oberursel-im-film\" target=\"_blank\" rel=\"noopener\">Oberursel<\/a><\/p>\n<p><a href=\"http:\/\/www.youtube.com\/watch?v=CPbem_wcCEE&amp;feature=youtu.be\" target=\"_blank\" rel=\"noopener\">Willkommen in Oberursel<\/a><\/p>\n<p>Unsere Schule befindet sich nur 25 Minuten vom Frankfurter Innenstadt in einer ruhigen und sch\u00f6nen Gegend; die Unterrichtsr\u00e4ume sind sehr modern eingerichtet und bieten somit ein optimales Lernumfeld. Die Schule ist leicht mit \u00f6ffentlichen Verkehrsmitteln (mit der S-Bahn 5 und U-Bahn 3) zu erreichen.<\/p>\n<p>Die Kurse, die wir anbieten, sind \u00e4u\u00dferst effizient und professionell und orientieren sich an den individuellen Bed\u00fcrfnissen jedes Sch\u00fclers. Diese Kurse richten sich an Personen, die Englisch oder Business Englisch als neue Sprache lernen oder ihre bestehenden Englischkenntnisse beibehalten bzw. verbessern wollen. Wir bieten sowohl Intensivkurse als auch\u00a0 Sprachkurse mit 20 und 30 Stunden\/Woche in unserer Schule, in Firmen oder in Banken an, sowie Wochenendkurse, Konversationskurse, Einzelunterricht, Vorbereitungskurse auf verschiedene Englischzertifikate, Sprachkurse f\u00fcr Mitarbeiter von Fluggesellschaften, Onlinekurse, u.v.a..<\/p>\n<p>Die Kurse beginnen jeden Montag &#8211; mit Ausnahme von Feiertagen. Alle Lehrer sind Muttersprachler, haben langj\u00e4hrige Erfahrung im Unterrichten von Englisch als Fremdsprache, haben Universit\u00e4tsabschl\u00fcsse und nehmen regelm\u00e4\u00dfig an Weiterbildungen teil.<\/p>\n<p>Die Personen, die in Deutschland wohnen, bitten wir die Men\u00fcpunkte, Bildungspr\u00e4mie\u201d zu lesen. F\u00fcr weitere Informationen stehen wir dir gerne zur Verf\u00fcgung.<\/p>\n<p>&nbsp;<\/p>\n","protected":false},"excerpt":{"rendered":"<p>ENGLISCH IN FRANKFURT &#8211; OBERURSEL Oberursel Willkommen in Oberursel Unsere Schule befindet sich nur 25 Minuten vom Frankfurter Innenstadt in einer ruhigen und sch\u00f6nen Gegend; die Unterrichtsr\u00e4ume sind sehr modern eingerichtet und bieten somit ein optimales Lernumfeld. Die Schule ist leicht mit \u00f6ffentlichen Verkehrsmitteln (mit der S-Bahn 5 und U-Bahn 3) zu erreichen. Die Kurse, [&#8230;]\n","protected":false},"author":2,"featured_media":0,"parent":0,"menu_order":0,"comment_status":"closed","ping_status":"closed","template":"","meta":{"footnotes":""},"class_list":["post-831","page","type-page","status-publish","hentry"],"_links":{"self":[{"href":"https:\/\/languagesworldacademy.com\/es\/wp-json\/wp\/v2\/pages\/831","targetHints":{"allow":["GET"]}}],"collection":[{"href":"https:\/\/languagesworldacademy.com\/es\/wp-json\/wp\/v2\/pages"}],"about":[{"href":"https:\/\/languagesworldacademy.com\/es\/wp-json\/wp\/v2\/types\/page"}],"author":[{"embeddable":true,"href":"https:\/\/languagesworldacademy.com\/es\/wp-json\/wp\/v2\/users\/2"}],"replies":[{"embeddable":true,"href":"https:\/\/languagesworldacademy.com\/es\/wp-json\/wp\/v2\/comments?post=831"}],"version-history":[{"count":1,"href":"https:\/\/languagesworldacademy.com\/es\/wp-json\/wp\/v2\/pages\/831\/revisions"}],"predecessor-version":[{"id":832,"href":"https:\/\/languagesworldacademy.com\/es\/wp-json\/wp\/v2\/pages\/831\/revisions\/832"}],"wp:attachment":[{"href":"https:\/\/languagesworldacademy.com\/es\/wp-json\/wp\/v2\/media?parent=831"}],"curies":[{"name":"wp","href":"https:\/\/api.w.org\/{rel}","templated":true}]}}