{"id":834,"date":"2017-11-28T22:08:42","date_gmt":"2017-11-28T21:08:42","guid":{"rendered":"http:\/\/languagesworldacademy.com\/?page_id=834"},"modified":"2025-10-05T21:18:28","modified_gmt":"2025-10-05T19:18:28","slug":"oferta-de-arte-y-spa","status":"publish","type":"page","link":"https:\/\/languagesworldacademy.com\/es\/oferta-de-arte-y-spa\/","title":{"rendered":"Arte y Cultura"},"content":{"rendered":"[vc_row][vc_column][vc_column_text]\n<h3>Arte y Cultura<\/h3>\n<p><img loading=\"lazy\" decoding=\"async\" class=\"size-full wp-image-437 alignleft\" src=\"http:\/\/languagesworldacademy.com\/wp-content\/uploads\/2017\/08\/arteycultura.jpg\" alt=\"\" width=\"180\" height=\"120\" \/>Las actividades que ofrecemos para el idioma alem\u00e1n son de varios tipos y est\u00e1n dise\u00f1adas para el uso diario y tienen lugar adem\u00e1s de las clases normales, incluso por la tarde, por la noche o los fines de semana. Tienen costos adicionales para el pago de maestros o gu\u00edas, que a menudo acompa\u00f1an a los estudiantes en la vida cotidiana de Frankfurt o en el \u00e1rea circundante, y pueden proporcionar contactos con hablantes nativos. Los gastos incurridos por estas actividades para alimentos, bebidas, entradas al cine, entradas a museos, piscinas, castillos, bolos (bolos) y transporte son responsabilidad de los propios estudiantes. Para los estudiantes que aprenden otros idiomas, tambi\u00e9n ofrecemos diversas actividades sociales y culturales. donde puede usar el idioma que est\u00e1 aprendiendo con sus profesores u otras personas que est\u00e1n invitadas: por ej. Danza, litarature, cocina, baile, largometrajes y mesa regular.<img loading=\"lazy\" decoding=\"async\" class=\"alignnone size-full wp-image-2967\" src=\"https:\/\/languagesworldacademy.com\/wp-content\/uploads\/2025\/07\/Sprachchule-LWA.jpg\" alt=\"\" width=\"600\" height=\"338\" \/><img loading=\"lazy\" decoding=\"async\" class=\"alignnone size-medium wp-image-3104\" src=\"https:\/\/languagesworldacademy.com\/wp-content\/uploads\/2025\/08\/flyer-1-704x400.jpg\" alt=\"\" width=\"704\" height=\"400\" srcset=\"https:\/\/languagesworldacademy.com\/wp-content\/uploads\/2025\/08\/flyer-1-704x400.jpg 704w, https:\/\/languagesworldacademy.com\/wp-content\/uploads\/2025\/08\/flyer-1-768x436.jpg 768w, https:\/\/languagesworldacademy.com\/wp-content\/uploads\/2025\/08\/flyer-1.jpg 914w\" sizes=\"auto, (max-width: 704px) 100vw, 704px\" \/>[\/vc_column_text][vc_row_inner][vc_column_inner width=&#8221;1\/4&#8243;][vc_column_text]<img loading=\"lazy\" decoding=\"async\" class=\"alignnone size-full wp-image-574\" src=\"http:\/\/languagesworldacademy.com\/wp-content\/uploads\/2017\/08\/trainers.png\" alt=\"\" width=\"157\" height=\"122\" \/>[\/vc_column_text][\/vc_column_inner][vc_column_inner width=&#8221;1\/4&#8243;][vc_column_text]<img loading=\"lazy\" decoding=\"async\" class=\"alignnone size-full wp-image-575\" src=\"http:\/\/languagesworldacademy.com\/wp-content\/uploads\/2017\/08\/tours.png\" alt=\"\" width=\"157\" height=\"122\" \/>[\/vc_column_text][\/vc_column_inner][vc_column_inner width=&#8221;1\/4&#8243;][vc_column_text]<img loading=\"lazy\" decoding=\"async\" class=\"alignnone size-full wp-image-576\" src=\"http:\/\/languagesworldacademy.com\/wp-content\/uploads\/2017\/08\/aeropuertos2.jpg\" alt=\"\" width=\"153\" height=\"116\" \/>[\/vc_column_text][\/vc_column_inner][vc_column_inner width=&#8221;1\/4&#8243;][vc_column_text]<img loading=\"lazy\" decoding=\"async\" class=\"alignnone size-full wp-image-577\" src=\"http:\/\/languagesworldacademy.com\/wp-content\/uploads\/2017\/08\/actividades-soc.en_.png\" alt=\"\" width=\"157\" height=\"122\" \/>[\/vc_column_text][\/vc_column_inner][\/vc_row_inner][\/vc_column][\/vc_row][vc_row][vc_column][vc_raw_html]JTNDdGFibGUlMjBzdHlsZSUzRCUyMndpZHRoJTNBJTIwNTE2cHglM0IlMjBoZWlnaHQlM0ElMjAxNThweCUzQiUyMiUyMGJvcmRlciUzRCUyMjAlMjIlM0UlMEElM0N0Ym9keSUzRSUwQSUzQ3RyJTNFJTBBJTNDdGQlM0UlMEElM0NkaXYlMjBzdHlsZSUzRCUyMm1hcmdpbiUzQSUyMDAlM0IlMjBwYWRkaW5nJTNBJTIwMCUzQiUyMGJvcmRlci1sZWZ0JTNBJTIwMXB4JTIwc29saWQlMjAlMjNiNGUyZGIlM0IlMjIlM0UlMEElM0NkaXYlMjBzdHlsZSUzRCUyMmhlaWdodCUzQSUyMDFweCUzQiUyMGJvcmRlci1sZWZ0JTNBJTIwMTAzcHglMjBzb2xpZCUyMCUyM2I0ZTJkYiUzQiUyMGJhY2tncm91bmQtY29sb3IlM0ElMjAlMjMwMDAwNjMlM0IlMjIlM0UlM0MlMjEtLSUyMC0tJTNFJTNDJTJGZGl2JTNFJTBBJTNDZGl2JTIwc3R5bGUlM0QlMjJiYWNrZ3JvdW5kLWNvbG9yJTNBJTIwJTIzMDAwMDYzJTNCJTIwd2lkdGglM0ElMjAxMDAlMjUlM0IlMjBwYWRkaW5nJTNBJTIwMHB4JTNCJTIwbWFyZ2luJTNBJTIwMHB4JTNCJTIwYm9yZGVyJTNBJTIwMHB4JTIwbm9uZSUzQiUyMiUzRSUzQ2ltZyUyMHNyYyUzRCUyMmh0dHAlM0ElMkYlMkZ3d3cucm12LmRlJTJGYXVza3VuZnQlMkZpbWclMkZkJTJGaW5wdXRnZW5fbG9nby5naWYlMjIlMjBib3JkZXIlM0QlMjIwJTIyJTIwYWx0JTNEJTIyUk1WJTIwRmFocnBsYW5hdXNrdW5mdCUyMiUyMHN0eWxlJTNEJTIydmVydGljYWwtYWxpZ24lM0ElMjB0b3AlM0IlMjIlM0UlM0MlMkZkaXYlM0UlMEElM0NkaXYlMjBzdHlsZSUzRCUyMmJvcmRlciUzQSUyMDFweCUyMHNvbGlkJTIwJTIzYjRlMmRiJTNCJTIwYm9yZGVyLXRvcCUzQSUyMG5vbmUlM0IlMjBib3JkZXItbGVmdCUzQSUyMG5vbmUlM0IlMjBtYXJnaW4lM0ElMjAwJTNCJTIwcGFkZGluZyUzQSUyMDRweCUzQiUyMiUzRSUzQ2Zvcm0lMjBzdHlsZSUzRCUyMmRpc3BsYXklM0ElMjBpbmxpbmUlM0IlMjB0ZXh0LWFsaWduJTNBJTIwcmlnaHQlM0IlMjIlMjBhY3Rpb24lM0QlMjJodHRwJTNBJTJGJTJGd3d3LnJtdi5kZSUyRmF1c2t1bmZ0JTJGYmluJTJGanAlMkZxdWVyeS5leGUlMkZkbiUzRkwlM0R2c19ybXYlMjZhbXAlM0JleHRlcm5hbENhbGwlM0R5ZXMlMjIlMjBtZXRob2QlM0QlMjJwb3N0JTIyJTNFJTIwJTNDaW5wdXQlMjBuYW1lJTNEJTIycXVlcnlQYWdlRGlzcGxheWVkJTIyJTIwdHlwZSUzRCUyMmhpZGRlbiUyMiUyMHZhbHVlJTNEJTIyeWVzJTIyJTNFJTIwJTBBJTNDdGFibGUlMjBzdHlsZSUzRCUyMmJvcmRlciUzQW5vbmUlM0IlMjIlMjBib3JkZXIlM0QlMjIwJTIyJTIwY2VsbHNwYWNpbmclM0QlMjIwJTIyJTNFJTBBJTNDdGJvZHklM0UlMEElM0N0ciUzRSUwQSUzQ3RoJTIwc3R5bGUlM0QlMjJmb250LWZhbWlseSUzQSUyMEFyaWFsJTJDSGVsdmV0aWNhJTJDc2Fucy1zZXJpZiUzQiUyMGZvbnQtc2l6ZSUzQSUyMDEycHglM0IlMjBwYWRkaW5nJTNBJTIwMXB4JTIwM3B4JTNCJTIwdGV4dC1hbGlnbiUzQSUyMGxlZnQlM0IlMjB2ZXJ0aWNhbC1hbGlnbiUzQSUyMG1pZGRsZSUzQiUyMGZvbnQtd2VpZ2h0JTNBJTIwYm9sZCUzQiUyMHdpZHRoJTNBJTIwODBweCUzQiUyMiUzRSUyMCUzQyUyRnRoJTNFJTBBJTNDdGQlMjBzdHlsZSUzRCUyMmZvbnQtZmFtaWx5JTNBQXJpYWwlMkMlMjBIZWx2ZXRpY2ElMkMlMjBzYW5zLXNlcmlmJTNCJTIwZm9udC1zaXplJTNBMTJweCUzQiUyMHBhZGRpbmclM0ElMjAxcHglMjAzcHglMjAlMjAxcHglMjAzcHglM0IlMjB0ZXh0LWFsaWduJTNBbGVmdCUzQiUyMHZlcnRpY2FsLWFsaWduJTNBbWlkZGxlJTNCJTIyJTIwY29sc3BhbiUzRCUyMjIlMjIlM0UlM0NpbnB1dCUyMGNoZWNrZWQlM0QlMjJjaGVja2VkJTIyJTIwbmFtZSUzRCUyMlJFUTBKb3VybmV5U3RvcHNTQSUyMiUyMHR5cGUlM0QlMjJyYWRpbyUyMiUyMHZhbHVlJTNEJTIyNyUyMiUzRUJlbGllYmlnJTIwJTNDaW5wdXQlMjBuYW1lJTNEJTIyUkVRMEpvdXJuZXlTdG9wc1NBJTIyJTIwdHlwZSUzRCUyMnJhZGlvJTIyJTIwdmFsdWUlM0QlMjIxJTIyJTNFQmhmJTIwJTJGJTIwSGFsdGVzdGVsbGUlMjAlM0NpbnB1dCUyMG5hbWUlM0QlMjJSRVEwSm91cm5leVN0b3BzU0ElMjIlMjB0eXBlJTNEJTIycmFkaW8lMjIlMjB2YWx1ZSUzRCUyMjIlMjIlM0VPcnQlMkMlMjBTdHJhJUMzJTlGZSUyME5yLiUyMCUzQ2lucHV0JTIwbmFtZSUzRCUyMlJFUTBKb3VybmV5U3RvcHNTQSUyMiUyMHR5cGUlM0QlMjJyYWRpbyUyMiUyMHZhbHVlJTNEJTIyNCUyMiUzRVNlaGVuc3clQzMlQkNyZGlna2VpdCUzQyUyRnRkJTNFJTBBJTNDJTJGdHIlM0UlMEElM0N0ciUzRSUwQSUzQ3RoJTIwc3R5bGUlM0QlMjJmb250LWZhbWlseSUzQSUyMEFyaWFsJTJDSGVsdmV0aWNhJTJDc2Fucy1zZXJpZiUzQiUyMGZvbnQtc2l6ZSUzQSUyMDEycHglM0IlMjBwYWRkaW5nJTNBJTIwMXB4JTIwM3B4JTNCJTIwdGV4dC1hbGlnbiUzQSUyMGxlZnQlM0IlMjB2ZXJ0aWNhbC1hbGlnbiUzQSUyMG1pZGRsZSUzQiUyMGZvbnQtd2VpZ2h0JTNBJTIwYm9sZCUzQiUyMHdpZHRoJTNBJTIwODBweCUzQiUyMiUzRVZvbiUzQyUyRnRoJTNFJTBBJTNDdGQlMjBzdHlsZSUzRCUyMmZvbnQtZmFtaWx5JTNBQXJpYWwlMkMlMjBIZWx2ZXRpY2ElMkMlMjBzYW5zLXNlcmlmJTNCJTIwZm9udC1zaXplJTNBMTJweCUzQiUyMHBhZGRpbmclM0ElMjAxcHglMjAzcHglMjAlMjAxcHglMjAzcHglM0IlMjB0ZXh0LWFsaWduJTNBbGVmdCUzQiUyMHZlcnRpY2FsLWFsaWduJTNBbWlkZGxlJTNCJTIyJTIwY29sc3BhbiUzRCUyMjIlMjIlM0UlM0NpbnB1dCUyMHN0eWxlJTNEJTIyYmFja2dyb3VuZC1jb2xvciUzQSUyMCUyM2ZmZmZmZiUzQiUyMGNvbG9yJTNBJTIwJTIzMDAwMDAwJTNCJTIwd2lkdGglM0ElMjAyMTBweCUzQiUyMiUyMG5hbWUlM0QlMjJSRVEwSm91cm5leVN0b3BzU0clMjIlMjBzaXplJTNEJTIyMTYlMjIlMjB0eXBlJTNEJTIydGV4dCUyMiUyMGFjY2Vzc2tleSUzRCUyMmYlMjIlM0UlM0MlMkZ0ZCUzRSUwQSUzQyUyRnRyJTNFJTBBJTNDJTJGdGJvZHklM0UlMEElM0MlMkZ0YWJsZSUzRSUwQSUzQ2RpdiUyMHN0eWxlJTNEJTIyaGVpZ2h0JTNBJTIwMXB4JTNCJTIwYmFja2dyb3VuZC1jb2xvciUzQSUyMCUyMzk5OTk5OSUzQiUyMG1hcmdpbiUzQSUyMDEwcHglMjAwcHQlMjAycHglM0IlMjIlM0UlMEElM0NociUyMHN0eWxlJTNEJTIyZGlzcGxheSUzQW5vbmUlM0IlMjIlM0UlMEElM0MlMkZkaXYlM0UlMEElM0NkaXYlMjBzdHlsZSUzRCUyMnRleHQtYWxpZ24lM0FsZWZ0JTNCJTIwcGFkZGluZyUzQSUyMDAlM0IlMjIlM0UlM0NpbnB1dCUyMG5hbWUlM0QlMjJzdGFydCUyMiUyMHR5cGUlM0QlMjJoaWRkZW4lMjIlMjB2YWx1ZSUzRCUyMlZlcmJpbmR1bmdlbiUyMHN1Y2hlbiUyMiUzRSUyMCUzQ2lucHV0JTIwc3R5bGUlM0QlMjJiYWNrZ3JvdW5kLWNvbG9yJTNBJTIzZGRkJTNCJTIwY29sb3IlM0ElMjMwMDAlM0IlMjBib3JkZXIlM0ExcHglMjAlMjM5OTklMjBzb2xpZCUzQiUyMHBhZGRpbmclM0ElMjAwcHglMjAzcHglMjAwcHglMjAzcHglM0IlMjBtYXJnaW4tcmlnaHQlM0EzcHglM0IlMjB2ZXJ0aWNhbC1hbGlnbiUzQSUyMG1pZGRsZSUzQiUyMGZvbnQtZmFtaWx5JTNBJTIwQXJpYWwlMkMlMjBIZWx2ZXRpY2ElMkMlMjBHZW5ldmElMkMlMjBTd2lzcyUyQyUyMFN1blNhbnMtUmVndWxhciUyQyUyMHNhbnMtc2VyaWYlM0IlMjBmb250LXNpemUlM0ElMjAxMnB4JTNCJTIwdGV4dC1kZWNvcmF0aW9uJTNBJTIwbm9uZSUzQiUyMiUyMG5hbWUlM0QlMjJzdGFydCUyMiUyMHR5cGUlM0QlMjJzdWJtaXQlMjIlMjB2YWx1ZSUzRCUyMlZlcmJpbmR1bmdlbiUyMHN1Y2hlbiUyMiUzRSUzQyUyRmRpdiUzRSUwQSUzQyUyRmZvcm0lM0UlM0Nmb3JtJTIwc3R5bGUlM0QlMjJkaXNwbGF5JTNBJTIwaW5saW5lJTNCJTIwdGV4dC1hbGlnbiUzQSUyMHJpZ2h0JTNCJTIyJTIwYWN0aW9uJTNEJTIyaHR0cCUzQSUyRiUyRnd3dy5ybXYuZGUlMkZhdXNrdW5mdCUyRmJpbiUyRmpwJTJGcXVlcnkuZXhlJTJGZG4lM0ZMJTNEdnNfcm12JTI2YW1wJTNCZXh0ZXJuYWxDYWxsJTNEeWVzJTIyJTIwbWV0aG9kJTNEJTIycG9zdCUyMiUzRSUyMCUwQSUzQ2hyJTNFJTBBJTNDJTJGZm9ybSUzRSUzQyUyRmRpdiUzRSUwQSUzQyUyRmRpdiUzRSUwQSUzQyUyRnRkJTNFJTBBJTNDJTJGdHIlM0UlMEElM0N0ciUzRSUwQSUzQ3RkJTNFJTNDYSUyMGhyZWYlM0QlMjJodHRwJTNBJTJGJTJGd3d3LnJtdi5kZSUyRiUyMiUyMHRhcmdldCUzRCUyMl9ibGFuayUyMiUzRUhvbWUlM0MlMkZhJTNFJTNDJTJGdGQlM0UlMEElM0MlMkZ0ciUzRSUwQSUzQyUyRnRib2R5JTNFJTBBJTNDJTJGdGFibGUlM0U=[\/vc_raw_html][\/vc_column][\/vc_row]\n","protected":false},"excerpt":{"rendered":"[vc_row][vc_column][vc_column_text] Arte y Cultura Las actividades que ofrecemos para el idioma alem\u00e1n son de varios tipos y est\u00e1n dise\u00f1adas para el uso diario y tienen lugar adem\u00e1s de las clases normales, incluso por la tarde, por la noche o los fines de semana. Tienen costos adicionales para el pago de maestros o gu\u00edas, que a [&#8230;]\n","protected":false},"author":2,"featured_media":0,"parent":0,"menu_order":0,"comment_status":"closed","ping_status":"closed","template":"","meta":{"footnotes":""},"class_list":["post-834","page","type-page","status-publish","hentry"],"_links":{"self":[{"href":"https:\/\/languagesworldacademy.com\/es\/wp-json\/wp\/v2\/pages\/834","targetHints":{"allow":["GET"]}}],"collection":[{"href":"https:\/\/languagesworldacademy.com\/es\/wp-json\/wp\/v2\/pages"}],"about":[{"href":"https:\/\/languagesworldacademy.com\/es\/wp-json\/wp\/v2\/types\/page"}],"author":[{"embeddable":true,"href":"https:\/\/languagesworldacademy.com\/es\/wp-json\/wp\/v2\/users\/2"}],"replies":[{"embeddable":true,"href":"https:\/\/languagesworldacademy.com\/es\/wp-json\/wp\/v2\/comments?post=834"}],"version-history":[{"count":7,"href":"https:\/\/languagesworldacademy.com\/es\/wp-json\/wp\/v2\/pages\/834\/revisions"}],"predecessor-version":[{"id":3202,"href":"https:\/\/languagesworldacademy.com\/es\/wp-json\/wp\/v2\/pages\/834\/revisions\/3202"}],"wp:attachment":[{"href":"https:\/\/languagesworldacademy.com\/es\/wp-json\/wp\/v2\/media?parent=834"}],"curies":[{"name":"wp","href":"https:\/\/api.w.org\/{rel}","templated":true}]}}