{"id":839,"date":"2017-12-05T00:17:07","date_gmt":"2017-12-04T23:17:07","guid":{"rendered":"http:\/\/languagesworldacademy.com\/?page_id=839"},"modified":"2017-12-05T00:17:07","modified_gmt":"2017-12-04T23:17:07","slug":"portugues-en-francfort-oberursel","status":"publish","type":"page","link":"https:\/\/languagesworldacademy.com\/es\/portugues-en-francfort-oberursel\/","title":{"rendered":"PORTUGU\u00c9S EN FRANCFORT &#8211; OBERURSEL"},"content":{"rendered":"<p><strong>PORTUGU\u00c9S EN FRANCFORT &#8211; OBERURSEL<\/strong><\/p>\n<p><a href=\"http:\/\/www.oberursel.de\/tourismus\/information\/oberursel-im-film\" target=\"_blank\" rel=\"noopener\">Oberursel<\/a><\/p>\n<p><a href=\"http:\/\/www.youtube.com\/watch?v=CPbem_wcCEE&amp;feature=youtu.be\" target=\"_blank\" rel=\"noopener\">Bienvenido a Oberursel<\/a><\/p>\n<p>Nuestra escuela est\u00e1 ubicada a solo 25 minutos del centro de Frankfurt en una zona tranquila y hermosa; Las aulas son muy modernas y, por lo tanto, ofrecen un entorno de aprendizaje \u00f3ptimo. La escuela es f\u00e1cilmente accesible en transporte p\u00fablico (S-Bahn 5 y U-Bahn 3).<\/p>\n<p>Los cursos que ofrecemos son extremadamente eficientes y profesionales, y est\u00e1n adaptados a las necesidades individuales de cada estudiante. Estos cursos est\u00e1n dise\u00f1ados para personas que desean aprender portugu\u00e9s como un nuevo idioma o para mantener o mejorar sus habilidades existentes en el idioma portugu\u00e9s. Ofrecemos cursos intensivos, as\u00ed como cursos de idiomas de 20 y 30 horas por semana en nuestra escuela, en empresas o en bancos, as\u00ed como cursos de fin de semana, clases de conversaci\u00f3n, &#8220;convivencia con tu profesor&#8221;, as\u00ed como clases individuales o grupales. Los cursos comienzan todos los lunes, excepto festivos. Todos los profesores son hablantes nativos, tienen muchos a\u00f1os de experiencia en la ense\u00f1anza del portugu\u00e9s como lengua extranjera (Brasil y Portugal), tienen t\u00edtulos universitarios y participan regularmente en la educaci\u00f3n superior.<\/p>\n<p>Las personas que viven en Alemania, por favor, lea los elementos del men\u00fa &#8220;Bildungspr\u00e4mie&#8221;. Para m\u00e1s informaci\u00f3n, estamos a su disposici\u00f3n.<\/p>\n","protected":false},"excerpt":{"rendered":"<p>PORTUGU\u00c9S EN FRANCFORT &#8211; OBERURSEL Oberursel Bienvenido a Oberursel Nuestra escuela est\u00e1 ubicada a solo 25 minutos del centro de Frankfurt en una zona tranquila y hermosa; Las aulas son muy modernas y, por lo tanto, ofrecen un entorno de aprendizaje \u00f3ptimo. La escuela es f\u00e1cilmente accesible en transporte p\u00fablico (S-Bahn 5 y U-Bahn 3). [&#8230;]\n","protected":false},"author":2,"featured_media":0,"parent":0,"menu_order":0,"comment_status":"closed","ping_status":"closed","template":"","meta":{"footnotes":""},"class_list":["post-839","page","type-page","status-publish","hentry"],"_links":{"self":[{"href":"https:\/\/languagesworldacademy.com\/es\/wp-json\/wp\/v2\/pages\/839","targetHints":{"allow":["GET"]}}],"collection":[{"href":"https:\/\/languagesworldacademy.com\/es\/wp-json\/wp\/v2\/pages"}],"about":[{"href":"https:\/\/languagesworldacademy.com\/es\/wp-json\/wp\/v2\/types\/page"}],"author":[{"embeddable":true,"href":"https:\/\/languagesworldacademy.com\/es\/wp-json\/wp\/v2\/users\/2"}],"replies":[{"embeddable":true,"href":"https:\/\/languagesworldacademy.com\/es\/wp-json\/wp\/v2\/comments?post=839"}],"version-history":[{"count":1,"href":"https:\/\/languagesworldacademy.com\/es\/wp-json\/wp\/v2\/pages\/839\/revisions"}],"predecessor-version":[{"id":840,"href":"https:\/\/languagesworldacademy.com\/es\/wp-json\/wp\/v2\/pages\/839\/revisions\/840"}],"wp:attachment":[{"href":"https:\/\/languagesworldacademy.com\/es\/wp-json\/wp\/v2\/media?parent=839"}],"curies":[{"name":"wp","href":"https:\/\/api.w.org\/{rel}","templated":true}]}}