{"id":846,"date":"2017-12-05T00:20:09","date_gmt":"2017-12-04T23:20:09","guid":{"rendered":"http:\/\/languagesworldacademy.com\/?page_id=846"},"modified":"2017-12-05T00:20:09","modified_gmt":"2017-12-04T23:20:09","slug":"pagos","status":"publish","type":"page","link":"https:\/\/languagesworldacademy.com\/es\/pagos\/","title":{"rendered":"Pagos"},"content":{"rendered":"[vc_row][vc_column width=&#8221;1\/3&#8243;][vc_column_text]<img loading=\"lazy\" decoding=\"async\" class=\"alignnone size-full wp-image-716\" src=\"http:\/\/languagesworldacademy.com\/wp-content\/uploads\/2017\/09\/pay-pal.jpg\" alt=\"\" width=\"166\" height=\"153\" \/><br \/>\n[\/vc_column_text][\/vc_column][vc_column width=&#8221;1\/3&#8243;][vc_column_text]Aceptamos pagos a trav\u00e9s de PayPal, no necesita una cuenta de PayPal para usar el servicio de pago. Tambi\u00e9n puede transferir directamente a nuestra cuenta bancaria o un d\u00e9bito directo.<\/p>\n<form action=\"https:\/\/www.paypal.com\/cgi-bin\/webscr\" method=\"post\"><input name=\"cmd\" type=\"hidden\" value=\"_s-xclick\" \/> <input name=\"hosted_button_id\" type=\"hidden\" value=\"87X8HQHUD83H2\" \/><input name=\"on0\" type=\"hidden\" value=\"kurse\" \/>Cursos\u00a0<input maxlength=\"200\" name=\"os0\" type=\"text\" \/><\/p>\n<div>\n<p><input alt=\"PayPal - The safer, easier way to pay online!\" name=\"submit\" src=\"https:\/\/www.paypalobjects.com\/en_US\/i\/btn\/btn_buynowCC_LG.gif\" type=\"image\" \/> <img loading=\"lazy\" decoding=\"async\" src=\"https:\/\/www.paypalobjects.com\/de_DE\/i\/scr\/pixel.gif\" width=\"1\" height=\"1\" border=\"0\" \/><\/p>\n<\/div>\n<\/form>\n[\/vc_column_text][\/vc_column][vc_column width=&#8221;1\/3&#8243;][\/vc_column][\/vc_row]\n","protected":false},"excerpt":{"rendered":"[vc_row][vc_column width=&#8221;1\/3&#8243;][vc_column_text] [\/vc_column_text][\/vc_column][vc_column width=&#8221;1\/3&#8243;][vc_column_text]Aceptamos pagos a trav\u00e9s de PayPal, no necesita una cuenta de PayPal para usar el servicio de pago. Tambi\u00e9n puede transferir directamente a nuestra cuenta bancaria o un d\u00e9bito directo. Cursos\u00a0 [\/vc_column_text][\/vc_column][vc_column width=&#8221;1\/3&#8243;][\/vc_column][\/vc_row]\n","protected":false},"author":2,"featured_media":0,"parent":0,"menu_order":0,"comment_status":"closed","ping_status":"closed","template":"","meta":{"footnotes":""},"class_list":["post-846","page","type-page","status-publish","hentry"],"_links":{"self":[{"href":"https:\/\/languagesworldacademy.com\/es\/wp-json\/wp\/v2\/pages\/846","targetHints":{"allow":["GET"]}}],"collection":[{"href":"https:\/\/languagesworldacademy.com\/es\/wp-json\/wp\/v2\/pages"}],"about":[{"href":"https:\/\/languagesworldacademy.com\/es\/wp-json\/wp\/v2\/types\/page"}],"author":[{"embeddable":true,"href":"https:\/\/languagesworldacademy.com\/es\/wp-json\/wp\/v2\/users\/2"}],"replies":[{"embeddable":true,"href":"https:\/\/languagesworldacademy.com\/es\/wp-json\/wp\/v2\/comments?post=846"}],"version-history":[{"count":1,"href":"https:\/\/languagesworldacademy.com\/es\/wp-json\/wp\/v2\/pages\/846\/revisions"}],"predecessor-version":[{"id":852,"href":"https:\/\/languagesworldacademy.com\/es\/wp-json\/wp\/v2\/pages\/846\/revisions\/852"}],"wp:attachment":[{"href":"https:\/\/languagesworldacademy.com\/es\/wp-json\/wp\/v2\/media?parent=846"}],"curies":[{"name":"wp","href":"https:\/\/api.w.org\/{rel}","templated":true}]}}