{"id":865,"date":"2017-12-05T00:31:36","date_gmt":"2017-12-04T23:31:36","guid":{"rendered":"http:\/\/languagesworldacademy.com\/?page_id=865"},"modified":"2017-12-05T00:31:36","modified_gmt":"2017-12-04T23:31:36","slug":"frances-en-francfort-oberursel","status":"publish","type":"page","link":"https:\/\/languagesworldacademy.com\/es\/sprachangebot\/frances-en-francfort-oberursel\/","title":{"rendered":"FRANC\u00c9S EN FRANCFORT &#8211; OBERURSEL"},"content":{"rendered":"<p><strong>FRANC\u00c9S EN FRANCFORT &#8211; OBERURSEL<\/strong><\/p>\n<p><a href=\"http:\/\/www.oberursel.de\/tourismus\/information\/oberursel-im-film\">Oberursel.de<\/a><\/p>\n<p><a href=\"http:\/\/www.youtube.com\/watch?v=CPbem_wcCEE&amp;feature=youtu.be\" target=\"_blank\" rel=\"noopener\">Welcome to Oberursel<\/a><\/p>\n<p>Nuestra escuela se encuentra a 25 minutos del centro de la ciudad de Frankfurt en un ambiente tranquilo y acogedor. La infraestructura es completamente moderna, proporcionando as\u00ed un entorno \u00f3ptimo para el aprendizaje. La escuela tiene acceso a una excelente red de transporte. 5 S-Bahn y U-Bahn 3. Los cursos que ofrecemos tienen un alto grado de efectividad y est\u00e1n orientados a las necesidades individuales de cada estudiante. Estos cursos est\u00e1n dirigidos a personas que desean aprender, mantener o mejorar su nivel de franc\u00e9s. Ofrecemos cursos intensivos y extensivos de 20 y 30 horas a la semana en la escuela en empresas o bancos, tambi\u00e9n como licencia educativa (Bildungsurlaub), cursos de fin de semana, cursos de conversaci\u00f3n, cursos &#8220;Viviendo en la casa de su maestro&#8221;, cursos individuales, franc\u00e9s preparaci\u00f3n de ex\u00e1menes de idioma y otras pruebas de franc\u00e9s, cursos en l\u00ednea, competencia ling\u00fc\u00edstica para aeron\u00e1utica, etc. Nuestros cursos comienzan todos los lunes, excepto los d\u00edas festivos; todos los profesores son nativos, tienen muchos a\u00f1os de experiencia en la ense\u00f1anza del franc\u00e9s como lengua extranjera, tienen educaci\u00f3n universitaria y cursos de educaci\u00f3n continua con frecuencia. Para las personas que viven en Alemania, lea el men\u00fa Bildungsurlaub &amp; Bildungspr\u00e4mie. Por favor, cont\u00e1ctenos si necesita m\u00e1s informaci\u00f3n.<\/p>\n","protected":false},"excerpt":{"rendered":"<p>FRANC\u00c9S EN FRANCFORT &#8211; OBERURSEL Oberursel.de Welcome to Oberursel Nuestra escuela se encuentra a 25 minutos del centro de la ciudad de Frankfurt en un ambiente tranquilo y acogedor. La infraestructura es completamente moderna, proporcionando as\u00ed un entorno \u00f3ptimo para el aprendizaje. La escuela tiene acceso a una excelente red de transporte. 5 S-Bahn y [&#8230;]\n","protected":false},"author":2,"featured_media":0,"parent":317,"menu_order":0,"comment_status":"closed","ping_status":"closed","template":"","meta":{"footnotes":""},"class_list":["post-865","page","type-page","status-publish","hentry"],"_links":{"self":[{"href":"https:\/\/languagesworldacademy.com\/es\/wp-json\/wp\/v2\/pages\/865","targetHints":{"allow":["GET"]}}],"collection":[{"href":"https:\/\/languagesworldacademy.com\/es\/wp-json\/wp\/v2\/pages"}],"about":[{"href":"https:\/\/languagesworldacademy.com\/es\/wp-json\/wp\/v2\/types\/page"}],"author":[{"embeddable":true,"href":"https:\/\/languagesworldacademy.com\/es\/wp-json\/wp\/v2\/users\/2"}],"replies":[{"embeddable":true,"href":"https:\/\/languagesworldacademy.com\/es\/wp-json\/wp\/v2\/comments?post=865"}],"version-history":[{"count":1,"href":"https:\/\/languagesworldacademy.com\/es\/wp-json\/wp\/v2\/pages\/865\/revisions"}],"predecessor-version":[{"id":866,"href":"https:\/\/languagesworldacademy.com\/es\/wp-json\/wp\/v2\/pages\/865\/revisions\/866"}],"up":[{"embeddable":true,"href":"https:\/\/languagesworldacademy.com\/es\/wp-json\/wp\/v2\/pages\/317"}],"wp:attachment":[{"href":"https:\/\/languagesworldacademy.com\/es\/wp-json\/wp\/v2\/media?parent=865"}],"curies":[{"name":"wp","href":"https:\/\/api.w.org\/{rel}","templated":true}]}}