{"id":94,"date":"2017-07-21T17:22:07","date_gmt":"2017-07-21T15:22:07","guid":{"rendered":"http:\/\/languagesworldacademy.com\/kurse\/"},"modified":"2018-04-17T21:04:53","modified_gmt":"2018-04-17T19:04:53","slug":"kurse","status":"publish","type":"page","link":"https:\/\/languagesworldacademy.com\/es\/kurse\/","title":{"rendered":"Cursos"},"content":{"rendered":"[vc_row][vc_column width=&#8221;2\/3&#8243;][vc_column_text]\n<h4>Cursos por la tarde<\/h4>\n<p><strong>&#8220;Ingl\u00e9s, espa\u00f1ol, alem\u00e1n \u00a0y otros idiomas extranjeros&#8221;<\/strong><\/p>\n<p>Estos cursos tienen lugar una o dos veces por semana y est\u00e1n dirigidos a todas las personas que quieren perfeccionar sus habilidades ling\u00fc\u00edsticas o para personas que desean estudiar un nuevo idioma, los cursos empiezan a las18:30,\u00a0 2\/4 lecciones semanales (45 min. c\/lecci\u00f3n)<br \/>\nTodos los niveles A1 \u2013 C2<br \/>\nN\u00famero\u00a0 de participantes: 1- 3<\/p>\n<h4>Clases individuales<\/h4>\n<p><strong>&#8220;Ingl\u00e9s, espa\u00f1ol, alem\u00e1n y otros idiomas extranjeros&#8221;<\/strong><br \/>\nDesea aprender de manera individual y a su propio ritmo. Nuestras clases individuales le ofrecen una formaci\u00f3n ling\u00fc\u00edstica a medida, orientada a sus necesidades. usted decide si desea aprender las disciplinas b\u00e1sicas del idioma o bien adentrarse en el lenguaje especializado de \u00e1reas como la econom\u00eda, la pol\u00edtica, la jurisprudencia, la medicina o cualquier otro \u00e1mbito. Tambi\u00e9n le preparamos con mucho gusto para realizar presentaciones o ex\u00e1menes y le ayudamos a fortalecer sus capacidades comunicativas.<br \/>\nDe lunes a viernes a las 18.30 1 o 2 veces por semana<br \/>\nTodos los niveles: A1 \u2013 C2<\/p>\n<h4>Cursos de conversaci\u00f3n<\/h4>\n<p><strong>&#8220;Ingl\u00e9s, espa\u00f1ol, alem\u00e1n y otros idiomas extranjeros&#8221;<\/strong><\/p>\n<p>Desde el nivel A2, utilice la soluci\u00f3n flexible de nuestra &#8220;diez tarjetas&#8221;, nuestra oferta son clases de conversaci\u00f3n por las tardes a partir de las 18.30 de lunes a vienesuna vez por semana<br \/>\nN\u00famero de participantes: 1 \u2013 3<\/p>\n<h4>Cursos intensivos los fines de semana<\/h4>\n<p><strong>&#8220;Ingl\u00e9s, espa\u00f1ol, alem\u00e1n y otros idiomas extranjeros&#8221;<\/strong><\/p>\n<p>El curso es para personas que tienen poco tiempo entre semana y que quieren lograr resultados de aprendizaje efectivo en uno o en varios fines de semana, estos cursos tienen lugar los viernes a las 17:30 y los s\u00e1bados a las 10:30 de la manana.<br \/>\nTodos los niveles A1 \u2013 C2<br \/>\nN\u00famero de participantes:\u00a01 \u2013 3 personas<\/p>\n<h4>El Club de los s\u00e1bados<\/h4>\n<p><strong>&#8220;Ingl\u00e9s, espa\u00f1ol, alem\u00e1n y otros idiomas extranjeros&#8221;<\/strong><\/p>\n<p>Aprendizaje intensivo s\u00f3lo los s\u00e1bados en un grupo reducido a las 10:30 de la ma\u00f1ana.<br \/>\nTodos los niveles A1 \u2013 C2<br \/>\nN\u00famero de participantes: 1 \u2013 3<\/p>\n<h4>Cursos intensivos por la ma\u00f1ana (tambi\u00e9n como Bildungsurlaub)<\/h4>\n<p><strong>&#8220;Ingl\u00e9s, espa\u00f1ol, alem\u00e1n y otros idiomas extranjeros&#8221;<\/strong><br \/>\nEstos cursos tienen lugar de lunes a viernes<br \/>\nde 9.00 &#8211; 12.30\u00a0 \u00a0 \u00a0 20 horas semanales<br \/>\nde 9.00 &#8211; 13.15\u00a0\u00a0\u00a0\u00a0\u00a0 25 horas semanales<br \/>\nde 9.00 &#8211; 14.00 30 horas semanales<br \/>\nTodos los niveles A1 \u2013 C2<br \/>\nN\u00famero de participantes:\u00a01 \u2013 3 personas[\/vc_column_text][\/vc_column][vc_column width=&#8221;1\/3&#8243;][vc_column_text]\n<p><img loading=\"lazy\" decoding=\"async\" class=\"size-full wp-image-100 aligncenter\" src=\"http:\/\/languagesworldacademy.com\/wp-content\/uploads\/2017\/07\/TELC_schwarz.jpg\" alt=\"\" width=\"250\" height=\"144\" \/><\/p>\n<p>&nbsp;<\/p>\n<ul>\n<li><a href=\"http:\/\/languagesworldacademy.com\/es\/kurse\/cursos-en-empresas-y-bancos\/\">Cursos en Empresas o Bancos<\/a><\/li>\n<li><a href=\"http:\/\/languagesworldacademy.com\/es\/kurse\/competencia-lingueistica-aeronautica\/\">Competencia ling\u00fc\u00edstica aeron\u00e1utica<\/a><\/li>\n<li><a href=\"http:\/\/languagesworldacademy.com\/es\/kurse\/bildungsurlaub\/\">Licencia de Educaci\u00f3n (Bildungsurlaub)<\/a><\/li>\n<\/ul>\n[\/vc_column_text][\/vc_column][\/vc_row]\n","protected":false},"excerpt":{"rendered":"[vc_row][vc_column width=&#8221;2\/3&#8243;][vc_column_text] Cursos por la tarde &#8220;Ingl\u00e9s, espa\u00f1ol, alem\u00e1n \u00a0y otros idiomas extranjeros&#8221; Estos cursos tienen lugar una o dos veces por semana y est\u00e1n dirigidos a todas las personas que quieren perfeccionar sus habilidades ling\u00fc\u00edsticas o para personas que desean estudiar un nuevo idioma, los cursos empiezan a las18:30,\u00a0 2\/4 lecciones semanales (45 min. [&#8230;]\n","protected":false},"author":1,"featured_media":0,"parent":0,"menu_order":0,"comment_status":"closed","ping_status":"closed","template":"","meta":{"footnotes":""},"class_list":["post-94","page","type-page","status-publish","hentry"],"_links":{"self":[{"href":"https:\/\/languagesworldacademy.com\/es\/wp-json\/wp\/v2\/pages\/94","targetHints":{"allow":["GET"]}}],"collection":[{"href":"https:\/\/languagesworldacademy.com\/es\/wp-json\/wp\/v2\/pages"}],"about":[{"href":"https:\/\/languagesworldacademy.com\/es\/wp-json\/wp\/v2\/types\/page"}],"author":[{"embeddable":true,"href":"https:\/\/languagesworldacademy.com\/es\/wp-json\/wp\/v2\/users\/1"}],"replies":[{"embeddable":true,"href":"https:\/\/languagesworldacademy.com\/es\/wp-json\/wp\/v2\/comments?post=94"}],"version-history":[{"count":15,"href":"https:\/\/languagesworldacademy.com\/es\/wp-json\/wp\/v2\/pages\/94\/revisions"}],"predecessor-version":[{"id":1348,"href":"https:\/\/languagesworldacademy.com\/es\/wp-json\/wp\/v2\/pages\/94\/revisions\/1348"}],"wp:attachment":[{"href":"https:\/\/languagesworldacademy.com\/es\/wp-json\/wp\/v2\/media?parent=94"}],"curies":[{"name":"wp","href":"https:\/\/api.w.org\/{rel}","templated":true}]}}