{"id":941,"date":"2017-12-13T19:12:55","date_gmt":"2017-12-13T18:12:55","guid":{"rendered":"http:\/\/languagesworldacademy.com\/?page_id=941"},"modified":"2017-12-13T19:12:55","modified_gmt":"2017-12-13T18:12:55","slug":"espanol-en-quito","status":"publish","type":"page","link":"https:\/\/languagesworldacademy.com\/es\/sprachangebot\/espanol-en-quito\/","title":{"rendered":"Espa\u00f1ol en Quito"},"content":{"rendered":"<p><a href=\"http:\/\/www.youtube.com\/watch?v=kSgmOC9Xh5c\" target=\"_blank\" rel=\"noopener\">Quito<\/a><\/p>\n<p><a href=\"http:\/\/www.youtube.com\/watch?v=xM-o1eesn4Ma\" target=\"_blank\" rel=\"noopener\">Ecuador<\/a><\/p>\n<p>Nuestra escuela est\u00e1 situada en el centro del Quito moderno a 5 minutos del barrio La Mariscal. Los cursos que impartimos tienen un alto grado de efectividad y profesionalidad. Est\u00e1n orientados a las necesidades individuales de cada alumno con la gran ventaja de aprender una lengua en el pa\u00eds donde estos se hablan. Estos cursos est\u00e1n dirigidos a personas que deseen aprender, mantener o mejorar su nivel de espa\u00f1ol. Ofrecemos cursos intensivos de 20 y 30 horas a la semana tambi\u00e9n como licencia educativa (Bildungsurlaub), vive en casa de tu profesor, cursos one to one, cursos de preparaci\u00f3n para el examen D.E.L.E. etc. Los cursos empiezan cada lunes a excepci\u00f3n de d\u00edas festivos, todos los profesores tienen muchos a\u00f1os de experiencia en la ense\u00f1anza ELE y poseen formaci\u00f3n universitaria, las aulas son acogedoras y modernas y si los alumnos desean las clases se pueden realizar en el patio delantero de la escuela.<br \/>\nLa mayor\u00eda de nuestros materiales did\u00e1cticos est\u00e1n al d\u00eda y son en gran parte elaborados por editoriales alemanas y espa\u00f1olas, Instituto Cervantes y diferentes Universidades los mismos que han sido dise\u00f1ados para el aprendizaje r\u00e1pido del espa\u00f1ol como lengua extranjera. Cont\u00e1ctanos, te informaremos con mucho gusto.<\/p>\n<p><a href=\"http:\/\/www.tripadvisor.es\/Attractions-g294308-Activities-Quito.html\" target=\"_blank\" rel=\"noopener\">www.tripadvisor.es<\/a><\/p>\n","protected":false},"excerpt":{"rendered":"<p>Quito Ecuador Nuestra escuela est\u00e1 situada en el centro del Quito moderno a 5 minutos del barrio La Mariscal. Los cursos que impartimos tienen un alto grado de efectividad y profesionalidad. Est\u00e1n orientados a las necesidades individuales de cada alumno con la gran ventaja de aprender una lengua en el pa\u00eds donde estos se hablan. [&#8230;]\n","protected":false},"author":2,"featured_media":0,"parent":317,"menu_order":0,"comment_status":"closed","ping_status":"closed","template":"","meta":{"footnotes":""},"class_list":["post-941","page","type-page","status-publish","hentry"],"_links":{"self":[{"href":"https:\/\/languagesworldacademy.com\/es\/wp-json\/wp\/v2\/pages\/941","targetHints":{"allow":["GET"]}}],"collection":[{"href":"https:\/\/languagesworldacademy.com\/es\/wp-json\/wp\/v2\/pages"}],"about":[{"href":"https:\/\/languagesworldacademy.com\/es\/wp-json\/wp\/v2\/types\/page"}],"author":[{"embeddable":true,"href":"https:\/\/languagesworldacademy.com\/es\/wp-json\/wp\/v2\/users\/2"}],"replies":[{"embeddable":true,"href":"https:\/\/languagesworldacademy.com\/es\/wp-json\/wp\/v2\/comments?post=941"}],"version-history":[{"count":1,"href":"https:\/\/languagesworldacademy.com\/es\/wp-json\/wp\/v2\/pages\/941\/revisions"}],"predecessor-version":[{"id":942,"href":"https:\/\/languagesworldacademy.com\/es\/wp-json\/wp\/v2\/pages\/941\/revisions\/942"}],"up":[{"embeddable":true,"href":"https:\/\/languagesworldacademy.com\/es\/wp-json\/wp\/v2\/pages\/317"}],"wp:attachment":[{"href":"https:\/\/languagesworldacademy.com\/es\/wp-json\/wp\/v2\/media?parent=941"}],"curies":[{"name":"wp","href":"https:\/\/api.w.org\/{rel}","templated":true}]}}