{"id":943,"date":"2017-12-13T19:15:13","date_gmt":"2017-12-13T18:15:13","guid":{"rendered":"http:\/\/languagesworldacademy.com\/?page_id=943"},"modified":"2017-12-13T19:15:13","modified_gmt":"2017-12-13T18:15:13","slug":"aprende-aleman-en-francfort-oberursel","status":"publish","type":"page","link":"https:\/\/languagesworldacademy.com\/es\/sprachangebot\/aprende-aleman-en-francfort-oberursel\/","title":{"rendered":"Aprende Alem\u00e1n en Fr\u00e1ncfort (Oberursel)"},"content":{"rendered":"<p><a href=\"http:\/\/www.oberursel.de\/tourismus\/information\/oberursel-im-film\" target=\"_blank\" rel=\"noopener\">Oberusel.de <\/a><\/p>\n<p><a href=\"http:\/\/www.youtube.com\/watch?v=CPbem_wcCEE&amp;feature=youtu.be\" target=\"_blank\" rel=\"noopener\">Bienvenido a Oberursel<\/a><\/p>\n<p>Nuestra escuela est\u00e1 situada a 25 minutos del centro de Fr\u00e1ncfort en un ambiente tranquilo y acogedor, las aulas son totalmente modernas ofreciendo as\u00ed un ambiente \u00f3ptimo para el aprendizaje con la gran ventaja de aprender el alem\u00e1n en el pa\u00eds donde se habla. La escuela posee una red de transporte muy buena. S-Bahn 5 y U-Bahn 3. Los cursos que impartimos tiene un alto grado de efectividad y profesionalidad est\u00e1n orientados a las necesidades individuales de cada alumno. Estos cursos est\u00e1n dirigidos a personas que deseen aprender, mantener o mejorar su nivel de alem\u00e1n. Ofrecemos cursos intensivos y extensivos de 20 y 30 horas a la semana en la escuela, en empresas o en bancos, tambi\u00e9n como licencia educativa (Bildungsurlaub), cursos de fin de semana, cursos de conversaci\u00f3n, cursos individuales, cursos de preparaci\u00f3n para los diferentes ex\u00e1menes de alem\u00e1n como TestDaF, ZDfB, DSH y Telc entre otros, competencia ling\u00fc\u00edstica, aula virtual, en fin muchos m\u00f3dulos que se pueden combinar entre si.<\/p>\n<p>Los cursos empiezan cada lunes a excepci\u00f3n de d\u00edas festivos, todos los profesores son de lengua nativa, tienen muchos a\u00f1os de experiencia en la ense\u00f1anza del idioma alem\u00e1n como lengua extranjera, poseen formaci\u00f3n universitaria y realizan frecuentemente cursos de perfeccionamiento.<\/p>\n<p>Para las personas que viven en Alemania les pedimos leer en el men\u00fa Bildungsurlaub y Bildungspr\u00e4mie. Cont\u00e1ctanos te informaremos con mucho gusto.<\/p>\n","protected":false},"excerpt":{"rendered":"<p>Oberusel.de Bienvenido a Oberursel Nuestra escuela est\u00e1 situada a 25 minutos del centro de Fr\u00e1ncfort en un ambiente tranquilo y acogedor, las aulas son totalmente modernas ofreciendo as\u00ed un ambiente \u00f3ptimo para el aprendizaje con la gran ventaja de aprender el alem\u00e1n en el pa\u00eds donde se habla. La escuela posee una red de transporte [&#8230;]\n","protected":false},"author":2,"featured_media":0,"parent":317,"menu_order":0,"comment_status":"closed","ping_status":"closed","template":"","meta":{"footnotes":""},"class_list":["post-943","page","type-page","status-publish","hentry"],"_links":{"self":[{"href":"https:\/\/languagesworldacademy.com\/es\/wp-json\/wp\/v2\/pages\/943","targetHints":{"allow":["GET"]}}],"collection":[{"href":"https:\/\/languagesworldacademy.com\/es\/wp-json\/wp\/v2\/pages"}],"about":[{"href":"https:\/\/languagesworldacademy.com\/es\/wp-json\/wp\/v2\/types\/page"}],"author":[{"embeddable":true,"href":"https:\/\/languagesworldacademy.com\/es\/wp-json\/wp\/v2\/users\/2"}],"replies":[{"embeddable":true,"href":"https:\/\/languagesworldacademy.com\/es\/wp-json\/wp\/v2\/comments?post=943"}],"version-history":[{"count":1,"href":"https:\/\/languagesworldacademy.com\/es\/wp-json\/wp\/v2\/pages\/943\/revisions"}],"predecessor-version":[{"id":944,"href":"https:\/\/languagesworldacademy.com\/es\/wp-json\/wp\/v2\/pages\/943\/revisions\/944"}],"up":[{"embeddable":true,"href":"https:\/\/languagesworldacademy.com\/es\/wp-json\/wp\/v2\/pages\/317"}],"wp:attachment":[{"href":"https:\/\/languagesworldacademy.com\/es\/wp-json\/wp\/v2\/media?parent=943"}],"curies":[{"name":"wp","href":"https:\/\/api.w.org\/{rel}","templated":true}]}}